{"id":10,"date":"2020-09-24T01:21:46","date_gmt":"2020-09-24T04:21:46","guid":{"rendered":"https:\/\/orthosmed.com.br\/site\/?page_id=10"},"modified":"2024-04-29T14:04:35","modified_gmt":"2024-04-29T17:04:35","slug":"equipe-medica","status":"publish","type":"page","link":"https:\/\/orthosmed.com.br\/site\/equipe-medica\/","title":{"rendered":"Equipe M\u00e9dica"},"content":{"rendered":"<div class=\"wpb-content-wrapper\"><p>[vc_row css_animation=&#8221;&#8221; row_type=&#8221;row&#8221; use_row_as_full_screen_section=&#8221;yes&#8221; type=&#8221;grid&#8221; angled_section=&#8221;no&#8221; text_align=&#8221;left&#8221; background_image_as_pattern=&#8221;without_pattern&#8221; css=&#8221;.vc_custom_1601513947081{padding-top: 60px !important;}&#8221; z_index=&#8221;&#8221;][vc_column width=&#8221;1\/3&#8243;][vc_single_image image=&#8221;195&#8243; img_size=&#8221;full&#8221; alignment=&#8221;center&#8221; qode_css_animation=&#8221;&#8221;][vc_column_text css=&#8221;.vc_custom_1646844126917{padding-top: 20px !important;padding-right: 20px !important;padding-bottom: 74px !important;padding-left: 20px !important;background-color: #ffffff !important;}&#8221;]<\/p>\n<h3 style=\"text-align: center;\"><strong>Dr. Andr\u00e9 Santana Guerra<\/strong><\/h3>\n<p style=\"text-align: center;\">Ortopedista Especialista em P\u00e9 e Tornozelo e Ortopedia Pedi\u00e1trica<\/p>\n<p>[\/vc_column_text][qode_elements_holder number_of_columns=&#8221;one_column&#8221;][qode_elements_holder_item vertical_alignment=&#8221;middle&#8221; horizontal_alignment=&#8221;center&#8221; advanced_animations=&#8221;no&#8221; background_color=&#8221;#ffffff&#8221; item_padding=&#8221;0px 0px 32px 0px&#8221;]<a  itemprop=\"url\" href=\"https:\/\/orthosmed.com.br\/site\/equipe-medica\/dr-andre-santana-guerra\/\" target=\"_self\" data-hover-background-color=#5b5b5b data-hover-border-color=#5b5b5b data-hover-color=#ffffff class=\"qbutton  small center default\" style=\"color: #ffffff; border-color: #d32810; border-radius: 4px;-moz-border-radius: 4px;-webkit-border-radius: 4px; background-color: #d32810;\">Saiba Mais<\/a>[\/qode_elements_holder_item][\/qode_elements_holder][vc_empty_space height=&#8221;40px&#8221;][\/vc_column][vc_column width=&#8221;1\/3&#8243;][vc_single_image image=&#8221;197&#8243; img_size=&#8221;full&#8221; alignment=&#8221;center&#8221; qode_css_animation=&#8221;&#8221;][vc_column_text css=&#8221;.vc_custom_1646844113132{padding-top: 20px !important;padding-right: 20px !important;padding-bottom: 46px !important;padding-left: 20px !important;background-color: #ffffff !important;}&#8221;]<\/p>\n<h3 style=\"text-align: center;\"><strong>Dr. Dimy Prazeres dos Santos<\/strong><\/h3>\n<p style=\"text-align: center;\">Ortopedista Especialista em Joelho, Ombro e Quadril<\/p>\n<p>[\/vc_column_text][qode_elements_holder number_of_columns=&#8221;one_column&#8221;][qode_elements_holder_item vertical_alignment=&#8221;middle&#8221; horizontal_alignment=&#8221;center&#8221; advanced_animations=&#8221;no&#8221; background_color=&#8221;#ffffff&#8221; item_padding=&#8221;0px 0px 32px 0px&#8221;]<a  itemprop=\"url\" href=\"https:\/\/orthosmed.com.br\/site\/equipe-medica\/dr-dimy-prazeres-dos-santos\/\" target=\"_self\" data-hover-background-color=#5b5b5b data-hover-border-color=#5b5b5b data-hover-color=#ffffff class=\"qbutton  small center default\" style=\"color: #ffffff; border-color: #d32810; border-radius: 4px;-moz-border-radius: 4px;-webkit-border-radius: 4px; background-color: #d32810;\">Saiba Mais<\/a>[\/qode_elements_holder_item][\/qode_elements_holder][vc_empty_space height=&#8221;40px&#8221;][\/vc_column][vc_column width=&#8221;1\/3&#8243;][vc_single_image image=&#8221;198&#8243; img_size=&#8221;full&#8221; alignment=&#8221;center&#8221; qode_css_animation=&#8221;&#8221;][vc_column_text css=&#8221;.vc_custom_1601515469915{padding-top: 20px !important;padding-right: 20px !important;padding-bottom: 20px !important;padding-left: 20px !important;background-color: #ffffff !important;}&#8221;]<\/p>\n<h3 style=\"text-align: center;\"><strong>Dr. Fernando Borges dos Santos<\/strong><\/h3>\n<p style=\"text-align: center;\">Ortopedista Especialista em Reconstru\u00e7\u00e3o e Alongamento \u00d3sseo \/ Fixador Externo<\/p>\n<p>[\/vc_column_text][qode_elements_holder number_of_columns=&#8221;one_column&#8221;][qode_elements_holder_item vertical_alignment=&#8221;middle&#8221; horizontal_alignment=&#8221;center&#8221; advanced_animations=&#8221;no&#8221; background_color=&#8221;#ffffff&#8221; item_padding=&#8221;0px 0px 32px 0px&#8221;]<a  itemprop=\"url\" href=\"https:\/\/orthosmed.com.br\/site\/equipe-medica\/dr-fernando-borges-dos-santos\/\" target=\"_self\" data-hover-background-color=#5b5b5b data-hover-border-color=#5b5b5b data-hover-color=#ffffff class=\"qbutton  small center default\" style=\"color: #ffffff; border-color: #d32810; border-radius: 4px;-moz-border-radius: 4px;-webkit-border-radius: 4px; background-color: #d32810;\">Saiba Mais<\/a>[\/qode_elements_holder_item][\/qode_elements_holder][vc_empty_space height=&#8221;40px&#8221;][\/vc_column][\/vc_row][vc_row css_animation=&#8221;&#8221; row_type=&#8221;row&#8221; use_row_as_full_screen_section=&#8221;yes&#8221; type=&#8221;grid&#8221; angled_section=&#8221;no&#8221; text_align=&#8221;left&#8221; background_image_as_pattern=&#8221;without_pattern&#8221; z_index=&#8221;&#8221;][vc_column width=&#8221;1\/3&#8243;][vc_single_image image=&#8221;199&#8243; img_size=&#8221;full&#8221; alignment=&#8221;center&#8221; qode_css_animation=&#8221;&#8221;][vc_column_text css=&#8221;.vc_custom_1601515710142{padding-top: 20px !important;padding-right: 20px !important;padding-bottom: 74px !important;padding-left: 20px !important;background-color: #ffffff !important;}&#8221;]<\/p>\n<h3 style=\"text-align: center;\"><strong>Dr. Gabriel Lima Rodrigues<\/strong><\/h3>\n<p style=\"text-align: center;\">Ortopedista Especialista em M\u00e3o e Microcirurgias<\/p>\n<p>[\/vc_column_text][qode_elements_holder number_of_columns=&#8221;one_column&#8221;][qode_elements_holder_item vertical_alignment=&#8221;middle&#8221; horizontal_alignment=&#8221;center&#8221; advanced_animations=&#8221;no&#8221; background_color=&#8221;#ffffff&#8221; item_padding=&#8221;0px 0px 32px 0px&#8221;]<a  itemprop=\"url\" href=\"https:\/\/orthosmed.com.br\/site\/equipe-medica\/dr-gabriel-lima-rodrigues\/\" target=\"_self\" data-hover-background-color=#5b5b5b data-hover-border-color=#5b5b5b data-hover-color=#ffffff class=\"qbutton  small center default\" style=\"color: #ffffff; border-color: #d32810; border-radius: 4px;-moz-border-radius: 4px;-webkit-border-radius: 4px; background-color: #d32810;\">Saiba Mais<\/a>[\/qode_elements_holder_item][\/qode_elements_holder][vc_empty_space height=&#8221;40px&#8221;][\/vc_column][vc_column width=&#8221;1\/3&#8243;][vc_single_image image=&#8221;205&#8243; img_size=&#8221;full&#8221; alignment=&#8221;center&#8221; qode_css_animation=&#8221;&#8221;][vc_column_text css=&#8221;.vc_custom_1601515965256{padding-top: 20px !important;padding-right: 20px !important;padding-bottom: 72px !important;padding-left: 20px !important;background-color: #ffffff !important;}&#8221;]<\/p>\n<h3 style=\"text-align: center;\"><strong>Dra. Gabriela Profirio Jardim Santos<\/strong><\/h3>\n<p style=\"text-align: center;\">Reumatologista<\/p>\n<p>[\/vc_column_text][qode_elements_holder number_of_columns=&#8221;one_column&#8221;][qode_elements_holder_item vertical_alignment=&#8221;middle&#8221; horizontal_alignment=&#8221;center&#8221; advanced_animations=&#8221;no&#8221; background_color=&#8221;#ffffff&#8221; item_padding=&#8221;0px 0px 32px 0px&#8221;]<a  itemprop=\"url\" href=\"https:\/\/orthosmed.com.br\/site\/equipe-medica\/dra-gabriela-profirio-jardim-santos\/\" target=\"_self\" data-hover-background-color=#5b5b5b data-hover-border-color=#5b5b5b data-hover-color=#ffffff class=\"qbutton  small center default\" style=\"color: #ffffff; border-color: #d32810; border-radius: 4px;-moz-border-radius: 4px;-webkit-border-radius: 4px; background-color: #d32810;\">Saiba Mais<\/a>[\/qode_elements_holder_item][\/qode_elements_holder][vc_empty_space height=&#8221;40px&#8221;][\/vc_column][vc_column width=&#8221;1\/3&#8243;][vc_single_image image=&#8221;203&#8243; img_size=&#8221;full&#8221; alignment=&#8221;center&#8221; qode_css_animation=&#8221;&#8221;][vc_column_text css=&#8221;.vc_custom_1646843868040{padding-top: 20px !important;padding-right: 20px !important;padding-bottom: 100px !important;padding-left: 20px !important;background-color: #ffffff !important;}&#8221;]<\/p>\n<h3 style=\"text-align: center;\"><strong>Dr. Jos\u00e9 de Lima Paulino<\/strong><\/h3>\n<p style=\"text-align: center;\">Ortopedista Especialista<\/p>\n<p>[\/vc_column_text][qode_elements_holder number_of_columns=&#8221;one_column&#8221;][qode_elements_holder_item vertical_alignment=&#8221;middle&#8221; horizontal_alignment=&#8221;center&#8221; advanced_animations=&#8221;no&#8221; background_color=&#8221;#ffffff&#8221; item_padding=&#8221;0px 0px 32px 0px&#8221;]<a  itemprop=\"url\" href=\"https:\/\/orthosmed.com.br\/site\/equipe-medica\/dr-jose-de-lima-paulino\/\" target=\"_self\" data-hover-background-color=#5b5b5b data-hover-border-color=#5b5b5b data-hover-color=#ffffff class=\"qbutton  small center default\" style=\"color: #ffffff; border-color: #d32810; border-radius: 4px;-moz-border-radius: 4px;-webkit-border-radius: 4px; background-color: #d32810;\">Saiba Mais<\/a>[\/qode_elements_holder_item][\/qode_elements_holder][vc_empty_space height=&#8221;40px&#8221;][\/vc_column][\/vc_row][vc_row css_animation=&#8221;&#8221; row_type=&#8221;row&#8221; use_row_as_full_screen_section=&#8221;yes&#8221; type=&#8221;grid&#8221; angled_section=&#8221;no&#8221; text_align=&#8221;left&#8221; background_image_as_pattern=&#8221;without_pattern&#8221; z_index=&#8221;&#8221;][vc_column width=&#8221;1\/3&#8243;][vc_single_image image=&#8221;200&#8243; img_size=&#8221;full&#8221; alignment=&#8221;center&#8221; qode_css_animation=&#8221;&#8221;][vc_column_text css=&#8221;.vc_custom_1601516133570{padding-top: 20px !important;padding-right: 20px !important;padding-bottom: 20px !important;padding-left: 20px !important;background-color: #ffffff !important;}&#8221;]<\/p>\n<h3 style=\"text-align: center;\"><strong>Dr. Jos\u00e9 Humberto Pereira J\u00fanior<\/strong><\/h3>\n<p style=\"text-align: center;\">Ortopedista Especialista em Coluna<\/p>\n<p>[\/vc_column_text][qode_elements_holder number_of_columns=&#8221;one_column&#8221;][qode_elements_holder_item vertical_alignment=&#8221;middle&#8221; horizontal_alignment=&#8221;center&#8221; advanced_animations=&#8221;no&#8221; background_color=&#8221;#ffffff&#8221; item_padding=&#8221;0px 0px 32px 0px&#8221;]<a  itemprop=\"url\" href=\"https:\/\/orthosmed.com.br\/site\/equipe-medica\/dr-jose-humberto-pereira-junior\/\" target=\"_self\" data-hover-background-color=#5b5b5b data-hover-border-color=#5b5b5b data-hover-color=#ffffff class=\"qbutton  small center default\" style=\"color: #ffffff; border-color: #d32810; border-radius: 4px;-moz-border-radius: 4px;-webkit-border-radius: 4px; background-color: #d32810;\">Saiba Mais<\/a>[\/qode_elements_holder_item][\/qode_elements_holder][vc_empty_space height=&#8221;40px&#8221;][\/vc_column][vc_column width=&#8221;1\/3&#8243;][vc_single_image image=&#8221;786&#8243; img_size=&#8221;full&#8221; alignment=&#8221;center&#8221; qode_css_animation=&#8221;&#8221;][vc_column_text css=&#8221;.vc_custom_1714410272141{padding-top: 20px !important;padding-right: 20px !important;padding-bottom: 20px !important;padding-left: 20px !important;background-color: #ffffff !important;}&#8221;]<\/p>\n<h3 style=\"text-align: center;\"><strong>Dr. Leonardo Santos Diener<\/strong><\/h3>\n<p style=\"text-align: center;\">Ortopedista Especialista em Medicina Esportiva, Ombro e Cotovelo<\/p>\n<p>[\/vc_column_text][qode_elements_holder number_of_columns=&#8221;one_column&#8221;][qode_elements_holder_item vertical_alignment=&#8221;middle&#8221; horizontal_alignment=&#8221;center&#8221; advanced_animations=&#8221;no&#8221; background_color=&#8221;#ffffff&#8221; item_padding=&#8221;0px 0px 32px 0px&#8221;]<a  itemprop=\"url\" href=\"https:\/\/orthosmed.com.br\/site\/equipe-medica\/dr-leonardo-santos-diener\/\" target=\"_self\" data-hover-background-color=#5b5b5b data-hover-border-color=#5b5b5b data-hover-color=#ffffff class=\"qbutton  small center default\" style=\"color: #ffffff; border-color: #d32810; border-radius: 4px;-moz-border-radius: 4px;-webkit-border-radius: 4px; background-color: #d32810;\">Saiba Mais<\/a>[\/qode_elements_holder_item][\/qode_elements_holder][vc_empty_space height=&#8221;40px&#8221;][\/vc_column][vc_column width=&#8221;1\/3&#8243;][vc_single_image image=&#8221;751&#8243; img_size=&#8221;full&#8221; alignment=&#8221;center&#8221; qode_css_animation=&#8221;&#8221;][vc_column_text css=&#8221;.vc_custom_1659734604852{padding-top: 20px !important;padding-right: 20px !important;padding-bottom: 46px !important;padding-left: 20px !important;background-color: #ffffff !important;}&#8221;]<\/p>\n<h3 style=\"text-align: center;\"><strong>Dr. Lucas Barbosa Nonato<\/strong><\/h3>\n<p style=\"text-align: center;\">Ortopedista Especialista em M\u00e3o e Microcirurgias<\/p>\n<p>[\/vc_column_text][qode_elements_holder number_of_columns=&#8221;one_column&#8221;][qode_elements_holder_item vertical_alignment=&#8221;middle&#8221; horizontal_alignment=&#8221;center&#8221; advanced_animations=&#8221;no&#8221; background_color=&#8221;#ffffff&#8221; item_padding=&#8221;0px 0px 32px 0px&#8221;]<a  itemprop=\"url\" href=\"https:\/\/orthosmed.com.br\/site\/equipe-medica\/dr-lucas-barbosa-nonato\/\" target=\"_self\" data-hover-background-color=#5b5b5b data-hover-border-color=#5b5b5b data-hover-color=#ffffff class=\"qbutton  small center default\" style=\"color: #ffffff; border-color: #d32810; border-radius: 4px;-moz-border-radius: 4px;-webkit-border-radius: 4px; background-color: #d32810;\">Saiba Mais<\/a>[\/qode_elements_holder_item][\/qode_elements_holder][vc_empty_space height=&#8221;40px&#8221;][\/vc_column][\/vc_row][vc_row css_animation=&#8221;&#8221; row_type=&#8221;row&#8221; use_row_as_full_screen_section=&#8221;yes&#8221; type=&#8221;grid&#8221; angled_section=&#8221;no&#8221; text_align=&#8221;left&#8221; background_image_as_pattern=&#8221;without_pattern&#8221; css=&#8221;.vc_custom_1601514004909{padding-bottom: 20px !important;}&#8221; z_index=&#8221;&#8221;][vc_column width=&#8221;1\/3&#8243;][vc_single_image image=&#8221;202&#8243; img_size=&#8221;full&#8221; alignment=&#8221;center&#8221; qode_css_animation=&#8221;&#8221;][vc_column_text css=&#8221;.vc_custom_1601516847785{padding-top: 20px !important;padding-right: 20px !important;padding-bottom: 46px !important;padding-left: 20px !important;background-color: #ffffff !important;}&#8221;]<\/p>\n<h3 style=\"text-align: center;\"><strong>Dr. Nilo Carrijo<\/strong><\/h3>\n<p style=\"text-align: center;\">Ortopedista Especialista em Coluna<\/p>\n<p>[\/vc_column_text][qode_elements_holder number_of_columns=&#8221;one_column&#8221;][qode_elements_holder_item vertical_alignment=&#8221;middle&#8221; horizontal_alignment=&#8221;center&#8221; advanced_animations=&#8221;no&#8221; background_color=&#8221;#ffffff&#8221; item_padding=&#8221;0px 0px 32px 0px&#8221;]<a  itemprop=\"url\" href=\"https:\/\/orthosmed.com.br\/site\/equipe-medica\/dr-nilo-carrijo\/\" target=\"_self\" data-hover-background-color=#5b5b5b data-hover-border-color=#5b5b5b data-hover-color=#ffffff class=\"qbutton  small center default\" style=\"color: #ffffff; border-color: #d32810; border-radius: 4px;-moz-border-radius: 4px;-webkit-border-radius: 4px; background-color: #d32810;\">Saiba Mais<\/a>[\/qode_elements_holder_item][\/qode_elements_holder][vc_empty_space height=&#8221;40px&#8221;][\/vc_column][vc_column width=&#8221;1\/3&#8243;][vc_single_image image=&#8221;204&#8243; img_size=&#8221;full&#8221; alignment=&#8221;center&#8221; qode_css_animation=&#8221;&#8221;][vc_column_text css=&#8221;.vc_custom_1601516682455{padding-top: 20px !important;padding-right: 20px !important;padding-bottom: 20px !important;padding-left: 20px !important;background-color: #ffffff !important;}&#8221;]<\/p>\n<h3 style=\"text-align: center;\"><strong>Dr. Renato Rosa Teixeira<\/strong><\/h3>\n<p style=\"text-align: center;\">Ortopedista Especialista em Traumatologia Geral Dores Cr\u00f4nicas<\/p>\n<p>[\/vc_column_text][qode_elements_holder number_of_columns=&#8221;one_column&#8221;][qode_elements_holder_item vertical_alignment=&#8221;middle&#8221; horizontal_alignment=&#8221;center&#8221; advanced_animations=&#8221;no&#8221; background_color=&#8221;#ffffff&#8221; item_padding=&#8221;0px 0px 32px 0px&#8221;]<a  itemprop=\"url\" href=\"https:\/\/orthosmed.com.br\/site\/equipe-medica\/dr-renato-rosa-teixeira\/\" target=\"_self\" data-hover-background-color=#5b5b5b data-hover-border-color=#5b5b5b data-hover-color=#ffffff class=\"qbutton  small center default\" style=\"color: #ffffff; border-color: #d32810; border-radius: 4px;-moz-border-radius: 4px;-webkit-border-radius: 4px; background-color: #d32810;\">Saiba Mais<\/a>[\/qode_elements_holder_item][\/qode_elements_holder][vc_empty_space height=&#8221;40px&#8221;][\/vc_column][vc_column width=&#8221;1\/3&#8243;][vc_single_image image=&#8221;729&#8243; img_size=&#8221;full&#8221; alignment=&#8221;center&#8221; qode_css_animation=&#8221;&#8221;][vc_column_text css=&#8221;.vc_custom_1647575737309{padding-top: 20px !important;padding-right: 20px !important;padding-bottom: 20px !important;padding-left: 20px !important;background-color: #ffffff !important;}&#8221;]<\/p>\n<h3 style=\"text-align: center;\"><strong>Dr. Tadeu Gervazoni Debom<\/strong><\/h3>\n<p style=\"text-align: center;\">Ortopedista Especialista em Coluna<\/p>\n<p>[\/vc_column_text][qode_elements_holder number_of_columns=&#8221;one_column&#8221;][qode_elements_holder_item vertical_alignment=&#8221;middle&#8221; horizontal_alignment=&#8221;center&#8221; advanced_animations=&#8221;no&#8221; background_color=&#8221;#ffffff&#8221; item_padding=&#8221;0px 0px 32px 0px&#8221;]<a  itemprop=\"url\" href=\"https:\/\/orthosmed.com.br\/site\/equipe-medica\/dr-tadeu-gervazoni-debom\/\" target=\"_self\" data-hover-background-color=#5b5b5b data-hover-border-color=#5b5b5b data-hover-color=#ffffff class=\"qbutton  small center default\" style=\"color: #ffffff; border-color: #d32810; border-radius: 4px;-moz-border-radius: 4px;-webkit-border-radius: 4px; background-color: #d32810;\">Saiba Mais<\/a>[\/qode_elements_holder_item][\/qode_elements_holder][vc_empty_space height=&#8221;40px&#8221;][\/vc_column][\/vc_row]<\/p>\n<\/div>","protected":false},"excerpt":{"rendered":"<p>[vc_row css_animation=&#8221;&#8221; row_type=&#8221;row&#8221; use_row_as_full_screen_section=&#8221;yes&#8221; type=&#8221;grid&#8221; angled_section=&#8221;no&#8221; text_align=&#8221;left&#8221; background_image_as_pattern=&#8221;without_pattern&#8221; css=&#8221;.vc_custom_1601513947081{padding-top: 60px !important;}&#8221; z_index=&#8221;&#8221;][vc_column width=&#8221;1\/3&#8243;][vc_single_image image=&#8221;195&#8243; img_size=&#8221;full&#8221; alignment=&#8221;center&#8221; qode_css_animation=&#8221;&#8221;][vc_column_text css=&#8221;.vc_custom_1646844126917{padding-top: 20px !important;padding-right: 20px !important;padding-bottom: 74px !important;padding-left: 20px !important;background-color: #ffffff !important;}&#8221;] Dr. Andr\u00e9 Santana Guerra Ortopedista Especialista em P\u00e9 e Tornozelo e Ortopedia Pedi\u00e1trica [\/vc_column_text][qode_elements_holder number_of_columns=&#8221;one_column&#8221;][qode_elements_holder_item vertical_alignment=&#8221;middle&#8221; horizontal_alignment=&#8221;center&#8221;&#8230;<\/p>\n","protected":false},"author":1,"featured_media":0,"parent":0,"menu_order":0,"comment_status":"closed","ping_status":"closed","template":"full_width.php","meta":{"footnotes":""},"class_list":["post-10","page","type-page","status-publish","hentry"],"aioseo_notices":[],"_links":{"self":[{"href":"https:\/\/orthosmed.com.br\/site\/wp-json\/wp\/v2\/pages\/10","targetHints":{"allow":["GET"]}}],"collection":[{"href":"https:\/\/orthosmed.com.br\/site\/wp-json\/wp\/v2\/pages"}],"about":[{"href":"https:\/\/orthosmed.com.br\/site\/wp-json\/wp\/v2\/types\/page"}],"author":[{"embeddable":true,"href":"https:\/\/orthosmed.com.br\/site\/wp-json\/wp\/v2\/users\/1"}],"replies":[{"embeddable":true,"href":"https:\/\/orthosmed.com.br\/site\/wp-json\/wp\/v2\/comments?post=10"}],"version-history":[{"count":48,"href":"https:\/\/orthosmed.com.br\/site\/wp-json\/wp\/v2\/pages\/10\/revisions"}],"predecessor-version":[{"id":789,"href":"https:\/\/orthosmed.com.br\/site\/wp-json\/wp\/v2\/pages\/10\/revisions\/789"}],"wp:attachment":[{"href":"https:\/\/orthosmed.com.br\/site\/wp-json\/wp\/v2\/media?parent=10"}],"curies":[{"name":"wp","href":"https:\/\/api.w.org\/{rel}","templated":true}]}}