{"id":22,"date":"2020-09-24T01:32:21","date_gmt":"2020-09-24T04:32:21","guid":{"rendered":"https:\/\/orthosmed.com.br\/site\/?page_id=22"},"modified":"2020-11-23T17:44:16","modified_gmt":"2020-11-23T20:44:16","slug":"dr-andre-santana-guerra","status":"publish","type":"page","link":"https:\/\/orthosmed.com.br\/site\/equipe-medica\/dr-andre-santana-guerra\/","title":{"rendered":"Dr. Andr\u00e9 Santana Guerra"},"content":{"rendered":"<div class=\"wpb-content-wrapper\"><p>[vc_row css_animation=&#8221;&#8221; row_type=&#8221;row&#8221; use_row_as_full_screen_section=&#8221;yes&#8221; type=&#8221;grid&#8221; angled_section=&#8221;no&#8221; text_align=&#8221;left&#8221; background_image_as_pattern=&#8221;without_pattern&#8221; css=&#8221;.vc_custom_1601420177081{padding-top: 60px !important;}&#8221; z_index=&#8221;&#8221;][vc_column][vc_column_text]<\/p>\n<h2 style=\"text-align: center;\">Dr. Andr\u00e9 Santana Guerra<\/h2>\n<p>[\/vc_column_text][vc_column_text]<\/p>\n<h3 style=\"text-align: center;\"><span style=\"color: #999999;\">Ortopedista Especialista em P\u00e9 e Tornozelo e Ortopedia Pedi\u00e1trica<\/span><\/h3>\n<p>[\/vc_column_text][vc_separator type=&#8221;small&#8221; position=&#8221;center&#8221; color=&#8221;#d32810&#8243; thickness=&#8221;3&#8243; width=&#8221;20&#8243; up=&#8221;15&#8243; down=&#8221;20&#8243;][vc_column_text]<\/p>\n<p style=\"text-align: center;\"><strong>CRM-DF: 19643 | RQE: 15699 | TEOT: 15279<\/strong><\/p>\n<p>[\/vc_column_text][\/vc_column][\/vc_row][vc_row css_animation=&#8221;&#8221; row_type=&#8221;row&#8221; use_row_as_full_screen_section=&#8221;yes&#8221; type=&#8221;grid&#8221; angled_section=&#8221;no&#8221; text_align=&#8221;left&#8221; background_image_as_pattern=&#8221;without_pattern&#8221; css=&#8221;.vc_custom_1601418613344{padding-top: 60px !important;padding-bottom: 60px !important;}&#8221; z_index=&#8221;&#8221;][vc_column width=&#8221;1\/2&#8243;][vc_empty_space height=&#8221;25px&#8221;][vc_single_image image=&#8221;383&#8243; img_size=&#8221;full&#8221; qode_css_animation=&#8221;&#8221;][vc_empty_space][\/vc_column][vc_column width=&#8221;1\/2&#8243;][vc_column_text]Gradua\u00e7\u00e3o em Medicina em 2012 pela Escola Superior de Ci\u00eancias da Sa\u00fade \u2013 Distrito Federal (ESCS-DF).<\/p>\n<p>Especializa\u00e7\u00e3o: Resid\u00eancia m\u00e9dica em Ortopedia e Traumatologia pelo Hospital das Cl\u00ednicas da Faculdade de Medicina de Ribeir\u00e3o Preto \u2013 Universidade de S\u00e3o Paulo (HC-FMRP-USP).<\/p>\n<p>T\u00edtulo de Especialista em Ortopedia e Traumatologia pela Sociedade Brasileira de Ortopedia e Traumatologia (SBOT) em 2018. TEOT 15279.<\/p>\n<p>Complementa\u00e7\u00e3o especializada: Ortopedia Pedi\u00e1trica e Afec\u00e7\u00f5es do P\u00e9 pelo Hospital das Cl\u00ednicas da Faculdade de Medicina de Ribeir\u00e3o Preto \u2013 Universidade de S\u00e3o Paulo\u00a0 (HC-FMRP-USP).<\/p>\n<p style=\"text-align: left;\">Participa\u00e7\u00e3o no Amsterdam Foot &amp; Ankle Course in Shangai \u2013 Pr\u00e1tica em cad\u00e1ver \u2013 Cursos b\u00e1sico e avan\u00e7ado \u2013 Treinamento em Artroscopia do p\u00e9 e tornozelo \u2013 Dezembro de 2019.<\/p>\n<p style=\"text-align: left;\">Participa\u00e7\u00e3o no IV Curso Internacional de Cirurgia Percut\u00e2nea de P\u00e9 (MIS \u2013 Minimally Invasive Surgery) \u2013 Pr\u00e1tica em cad\u00e1ver \u2013 Novembro de 2018.<\/p>\n<p style=\"text-align: left;\">Participa\u00e7\u00e3o no XIII Congresso Brasileiro de Ortopedia Pedi\u00e1trica \u2013 Junho de 2018.<\/p>\n<p>[\/vc_column_text][\/vc_column][\/vc_row][vc_row css_animation=&#8221;&#8221; row_type=&#8221;row&#8221; use_row_as_full_screen_section=&#8221;yes&#8221; type=&#8221;grid&#8221; angled_section=&#8221;no&#8221; text_align=&#8221;left&#8221; background_image_as_pattern=&#8221;without_pattern&#8221; css=&#8221;.vc_custom_1601420623826{padding-top: 60px !important;padding-bottom: 60px !important;background-color: #ffffff !important;}&#8221; z_index=&#8221;&#8221;][vc_column][vc_column_text]<\/p>\n<h2>Principais Patologias Atendidas<\/h2>\n<p>[\/vc_column_text][vc_separator type=&#8221;small&#8221; position=&#8221;left&#8221; color=&#8221;#d32810&#8243; thickness=&#8221;3&#8243; width=&#8221;20&#8243; up=&#8221;15&#8243; down=&#8221;20&#8243;][vc_row_inner row_type=&#8221;row&#8221; type=&#8221;full_width&#8221; text_align=&#8221;left&#8221; css_animation=&#8221;&#8221;][vc_column_inner width=&#8221;1\/2&#8243;][vc_column_text]<\/p>\n<h3>Ortopedia Pedi\u00e1trica<\/h3>\n<p>[\/vc_column_text][vc_empty_space height=&#8221;20px&#8221;][vc_column_text]<\/p>\n<ul>\n<li>Les\u00f5es por trauma (contus\u00f5es, fraturas, luxa\u00e7\u00f5es, les\u00f5es ligamentares e tend\u00edneas).<\/li>\n<li>Deformidades cong\u00eanitas dos membros inferiores e superiores.<\/li>\n<li>Deformidades e dor nos joelhos: geno varo, valgo, recurvato e flexo.<\/li>\n<li>Deformidades e dor nos p\u00e9s: p\u00e9 torto cong\u00eanito, metatarso aduto, p\u00e9 planovalgo, p\u00e9 cavovaro, equino (marcha na ponta dos p\u00e9s).<\/li>\n<li>Assimetria dos membros inferiores.<\/li>\n<li>Patologias do quadril \u2013 displasia do desenvolvimento do quadril, coxa vara, epifisi\u00f3lise, Perthes.<\/li>\n<li>S\u00edndromes neuromusculares: paralisia cerebral e mielomeningocele.<\/li>\n<\/ul>\n<p>[\/vc_column_text][\/vc_column_inner][vc_column_inner width=&#8221;1\/2&#8243;][vc_column_text]<\/p>\n<h3>Cirurgia do P\u00e9 e Tornozelo<\/h3>\n<p>[\/vc_column_text][vc_empty_space height=&#8221;20px&#8221;][vc_column_text]<\/p>\n<ul>\n<li>Deformidades dos dedos: H\u00e1lux valgo (joanete), H\u00e1lux r\u00edgido, H\u00e1lux varo, deformidades em garra e martelo dos artelhos.<\/li>\n<li>Metatarsalgia, neuroma de Morton, calosidades.<\/li>\n<li>Fascite plantar, s\u00edndrome do t\u00fanel do tarso, impacto anterior e posterior do tornozelo.<\/li>\n<li>Deformidades dos p\u00e9s: p\u00e9 planovalgo (p\u00e9 chato), p\u00e9 cavovaro, Equino, p\u00e9 ca\u00eddo.<\/li>\n<li>Tendinites ou les\u00f5es traum\u00e1ticas dos tend\u00f5es (Aquiles, fibulares, tibial posterior\u2026)<\/li>\n<li>Les\u00f5es por trauma (contus\u00f5es, fraturas, luxa\u00e7\u00f5es, les\u00f5es ligamentares e tend\u00edneas).<\/li>\n<li>Les\u00f5es ligamentares, cartilaginosas e artrose do p\u00e9 e tornozelo.<\/li>\n<\/ul>\n<p>[\/vc_column_text][\/vc_column_inner][\/vc_row_inner][\/vc_column][\/vc_row]<\/p>\n<\/div>","protected":false},"excerpt":{"rendered":"<p>[vc_row css_animation=&#8221;&#8221; row_type=&#8221;row&#8221; use_row_as_full_screen_section=&#8221;yes&#8221; type=&#8221;grid&#8221; angled_section=&#8221;no&#8221; text_align=&#8221;left&#8221; background_image_as_pattern=&#8221;without_pattern&#8221; css=&#8221;.vc_custom_1601420177081{padding-top: 60px !important;}&#8221; z_index=&#8221;&#8221;][vc_column][vc_column_text] Dr. Andr\u00e9 Santana Guerra [\/vc_column_text][vc_column_text] Ortopedista Especialista em P\u00e9 e Tornozelo e Ortopedia Pedi\u00e1trica [\/vc_column_text][vc_separator type=&#8221;small&#8221; position=&#8221;center&#8221; color=&#8221;#d32810&#8243; thickness=&#8221;3&#8243; width=&#8221;20&#8243; up=&#8221;15&#8243; down=&#8221;20&#8243;][vc_column_text] CRM-DF: 19643 | RQE: 15699 | TEOT: 15279 [\/vc_column_text][\/vc_column][\/vc_row][vc_row css_animation=&#8221;&#8221; row_type=&#8221;row&#8221;&#8230;<\/p>\n","protected":false},"author":1,"featured_media":0,"parent":10,"menu_order":0,"comment_status":"closed","ping_status":"closed","template":"full_width.php","meta":{"footnotes":""},"class_list":["post-22","page","type-page","status-publish","hentry"],"aioseo_notices":[],"_links":{"self":[{"href":"https:\/\/orthosmed.com.br\/site\/wp-json\/wp\/v2\/pages\/22","targetHints":{"allow":["GET"]}}],"collection":[{"href":"https:\/\/orthosmed.com.br\/site\/wp-json\/wp\/v2\/pages"}],"about":[{"href":"https:\/\/orthosmed.com.br\/site\/wp-json\/wp\/v2\/types\/page"}],"author":[{"embeddable":true,"href":"https:\/\/orthosmed.com.br\/site\/wp-json\/wp\/v2\/users\/1"}],"replies":[{"embeddable":true,"href":"https:\/\/orthosmed.com.br\/site\/wp-json\/wp\/v2\/comments?post=22"}],"version-history":[{"count":25,"href":"https:\/\/orthosmed.com.br\/site\/wp-json\/wp\/v2\/pages\/22\/revisions"}],"predecessor-version":[{"id":488,"href":"https:\/\/orthosmed.com.br\/site\/wp-json\/wp\/v2\/pages\/22\/revisions\/488"}],"up":[{"embeddable":true,"href":"https:\/\/orthosmed.com.br\/site\/wp-json\/wp\/v2\/pages\/10"}],"wp:attachment":[{"href":"https:\/\/orthosmed.com.br\/site\/wp-json\/wp\/v2\/media?parent=22"}],"curies":[{"name":"wp","href":"https:\/\/api.w.org\/{rel}","templated":true}]}}