{"id":27,"date":"2020-09-24T01:39:54","date_gmt":"2020-09-24T04:39:54","guid":{"rendered":"https:\/\/orthosmed.com.br\/site\/?page_id=27"},"modified":"2022-04-05T17:39:59","modified_gmt":"2022-04-05T20:39:59","slug":"dr-dimy-prazeres-dos-santos","status":"publish","type":"page","link":"https:\/\/orthosmed.com.br\/site\/equipe-medica\/dr-dimy-prazeres-dos-santos\/","title":{"rendered":"Dr. Dimy Prazeres dos Santos"},"content":{"rendered":"<div class=\"wpb-content-wrapper\"><p>[vc_row css_animation=&#8221;&#8221; row_type=&#8221;row&#8221; use_row_as_full_screen_section=&#8221;yes&#8221; type=&#8221;grid&#8221; angled_section=&#8221;no&#8221; text_align=&#8221;left&#8221; background_image_as_pattern=&#8221;without_pattern&#8221; css=&#8221;.vc_custom_1601420177081{padding-top: 60px !important;}&#8221; z_index=&#8221;&#8221;][vc_column][vc_column_text]<\/p>\n<h2 style=\"text-align: center;\">Dr. Dimy Prazeres dos Santos<\/h2>\n<p>[\/vc_column_text][vc_column_text]<\/p>\n<h3 style=\"text-align: center;\"><span style=\"color: #999999;\">Ortopedista Especialista em Joelho, Ombro e Quadril<\/span><\/h3>\n<p>[\/vc_column_text][vc_separator type=&#8221;small&#8221; position=&#8221;center&#8221; color=&#8221;#d32810&#8243; thickness=&#8221;3&#8243; width=&#8221;20&#8243; up=&#8221;15&#8243; down=&#8221;20&#8243;][vc_column_text]<\/p>\n<p style=\"text-align: center;\"><strong>CRM-DF: 8127 | RQE: 5005<\/strong><\/p>\n<p>[\/vc_column_text][\/vc_column][\/vc_row][vc_row css_animation=&#8221;&#8221; row_type=&#8221;row&#8221; use_row_as_full_screen_section=&#8221;yes&#8221; type=&#8221;grid&#8221; angled_section=&#8221;no&#8221; text_align=&#8221;left&#8221; background_image_as_pattern=&#8221;without_pattern&#8221; css=&#8221;.vc_custom_1601418613344{padding-top: 60px !important;padding-bottom: 60px !important;}&#8221; z_index=&#8221;&#8221;][vc_column width=&#8221;1\/2&#8243;][vc_single_image image=&#8221;162&#8243; img_size=&#8221;full&#8221; qode_css_animation=&#8221;&#8221;][vc_empty_space][\/vc_column][vc_column width=&#8221;1\/2&#8243;][vc_column_text]<\/p>\n<p style=\"text-align: left;\">Dr. Dimy Prazeres dos Santos \u00e9 ortopedista e cirurgi\u00e3o com atua\u00e7\u00e3o nas \u00e1reas de joelho, ombro e quadril. Trata de patologias como les\u00f5es de meniscos, les\u00f5es de ligamentos do joelho, artrose do joelho, condropatia femoropatelar, les\u00f5es do manguito rotador, luxa\u00e7\u00e3o de ombro, les\u00f5es labrais, artrose do quadril, osteonecrose da cabe\u00e7a femoral, bursite trocant\u00e9rica, entre outras. Realiza cirurgias por via artrosc\u00f3pica e artroplastias (pr\u00f3tese).<\/p>\n<p style=\"text-align: left;\">\u2022 Formado em medicina pela Universidade Federal do Amazonas (UFAM).<\/p>\n<p style=\"text-align: left;\">\u2022 Resid\u00eancia m\u00e9dica em ortopedia e traumatologia pela Rede Sarah de Hospitais do Aparelho Locomotor \u2013 DF (SARAH).<\/p>\n<p style=\"text-align: left;\">\u2022 Especializa\u00e7\u00e3o em Cirurgia do Joelho e Quadril pelo Hospital das Cl\u00ednicas da Universidade Federal do Paran\u00e1 \u2013 (UFPR).<\/p>\n<p style=\"text-align: left;\">\u2022 Curso e treinamento avan\u00e7ado de Ombro pelo Hospital das Cl\u00ednicas da Faculdade de Medicina da Universidade de S\u00e3o Paulo (USP).<\/p>\n<p style=\"text-align: left;\">\u2022 Membro titular da Sociedade Brasileira de Ortopedia e Traumatologia (SBOT).<\/p>\n<p style=\"text-align: left;\">\u2022 Membro titular da Sociedade Brasileira de Quadril (SBQ).<\/p>\n<p>\u2022 Membro da Associa\u00e7\u00e3o Brasileira Ortop\u00e9dica de Osteometamolismo (ABOOM).<\/p>\n<p>\u2022 Membro da Sociedade Brasileira de Trauma Ortop\u00e9dico (SBTO).<\/p>\n<p style=\"text-align: left;\">\u2022 M\u00e9dico da Rede SARAH de Hospitais no per\u00edodo de 1995 -1999.<\/p>\n<p style=\"text-align: left;\">\u2022 Especialidade e atua\u00e7\u00e3o em Joelho, Quadril e Ombro.<\/p>\n<p>[\/vc_column_text][\/vc_column][\/vc_row]<\/p>\n<\/div>","protected":false},"excerpt":{"rendered":"<p>[vc_row css_animation=&#8221;&#8221; row_type=&#8221;row&#8221; use_row_as_full_screen_section=&#8221;yes&#8221; type=&#8221;grid&#8221; angled_section=&#8221;no&#8221; text_align=&#8221;left&#8221; background_image_as_pattern=&#8221;without_pattern&#8221; css=&#8221;.vc_custom_1601420177081{padding-top: 60px !important;}&#8221; z_index=&#8221;&#8221;][vc_column][vc_column_text] Dr. Dimy Prazeres dos Santos [\/vc_column_text][vc_column_text] Ortopedista Especialista em Joelho, Ombro e Quadril [\/vc_column_text][vc_separator type=&#8221;small&#8221; position=&#8221;center&#8221; color=&#8221;#d32810&#8243; thickness=&#8221;3&#8243; width=&#8221;20&#8243; up=&#8221;15&#8243; down=&#8221;20&#8243;][vc_column_text] CRM-DF: 8127 | RQE: 5005 [\/vc_column_text][\/vc_column][\/vc_row][vc_row css_animation=&#8221;&#8221; row_type=&#8221;row&#8221; use_row_as_full_screen_section=&#8221;yes&#8221; type=&#8221;grid&#8221; angled_section=&#8221;no&#8221; text_align=&#8221;left&#8221;&#8230;<\/p>\n","protected":false},"author":1,"featured_media":0,"parent":10,"menu_order":0,"comment_status":"closed","ping_status":"closed","template":"full_width.php","meta":{"footnotes":""},"class_list":["post-27","page","type-page","status-publish","hentry"],"aioseo_notices":[],"_links":{"self":[{"href":"https:\/\/orthosmed.com.br\/site\/wp-json\/wp\/v2\/pages\/27","targetHints":{"allow":["GET"]}}],"collection":[{"href":"https:\/\/orthosmed.com.br\/site\/wp-json\/wp\/v2\/pages"}],"about":[{"href":"https:\/\/orthosmed.com.br\/site\/wp-json\/wp\/v2\/types\/page"}],"author":[{"embeddable":true,"href":"https:\/\/orthosmed.com.br\/site\/wp-json\/wp\/v2\/users\/1"}],"replies":[{"embeddable":true,"href":"https:\/\/orthosmed.com.br\/site\/wp-json\/wp\/v2\/comments?post=27"}],"version-history":[{"count":4,"href":"https:\/\/orthosmed.com.br\/site\/wp-json\/wp\/v2\/pages\/27\/revisions"}],"predecessor-version":[{"id":741,"href":"https:\/\/orthosmed.com.br\/site\/wp-json\/wp\/v2\/pages\/27\/revisions\/741"}],"up":[{"embeddable":true,"href":"https:\/\/orthosmed.com.br\/site\/wp-json\/wp\/v2\/pages\/10"}],"wp:attachment":[{"href":"https:\/\/orthosmed.com.br\/site\/wp-json\/wp\/v2\/media?parent=27"}],"curies":[{"name":"wp","href":"https:\/\/api.w.org\/{rel}","templated":true}]}}