{"id":29,"date":"2020-09-24T01:41:11","date_gmt":"2020-09-24T04:41:11","guid":{"rendered":"https:\/\/orthosmed.com.br\/site\/?page_id=29"},"modified":"2022-08-16T17:20:34","modified_gmt":"2022-08-16T20:20:34","slug":"dr-fernando-borges-dos-santos","status":"publish","type":"page","link":"https:\/\/orthosmed.com.br\/site\/equipe-medica\/dr-fernando-borges-dos-santos\/","title":{"rendered":"Dr. Fernando Borges dos Santos"},"content":{"rendered":"<div class=\"wpb-content-wrapper\"><p>[vc_row css_animation=&#8221;&#8221; row_type=&#8221;row&#8221; use_row_as_full_screen_section=&#8221;yes&#8221; type=&#8221;grid&#8221; angled_section=&#8221;no&#8221; text_align=&#8221;left&#8221; background_image_as_pattern=&#8221;without_pattern&#8221; css=&#8221;.vc_custom_1601420177081{padding-top: 60px !important;}&#8221; z_index=&#8221;&#8221;][vc_column][vc_column_text]<\/p>\n<h2 style=\"text-align: center;\">Dr. Fernando Borges dos Santos<\/h2>\n<p>[\/vc_column_text][vc_column_text]<\/p>\n<h3 style=\"text-align: center;\"><span style=\"color: #999999;\">Ortopedista Especialista em Joelho, Reconstru\u00e7\u00e3o e Alongamento \u00d3sseo \/ Fixador Externo<\/span><\/h3>\n<p>[\/vc_column_text][vc_separator type=&#8221;small&#8221; position=&#8221;center&#8221; color=&#8221;#d32810&#8243; thickness=&#8221;3&#8243; width=&#8221;20&#8243; up=&#8221;15&#8243; down=&#8221;20&#8243;][vc_column_text]<\/p>\n<p style=\"text-align: center;\"><strong>CRM-DF: 19377<\/strong><\/p>\n<p>[\/vc_column_text][\/vc_column][\/vc_row][vc_row css_animation=&#8221;&#8221; row_type=&#8221;row&#8221; use_row_as_full_screen_section=&#8221;yes&#8221; type=&#8221;grid&#8221; angled_section=&#8221;no&#8221; text_align=&#8221;left&#8221; background_image_as_pattern=&#8221;without_pattern&#8221; css=&#8221;.vc_custom_1601418613344{padding-top: 60px !important;padding-bottom: 60px !important;}&#8221; z_index=&#8221;&#8221;][vc_column width=&#8221;1\/2&#8243;][vc_single_image image=&#8221;167&#8243; img_size=&#8221;full&#8221; qode_css_animation=&#8221;&#8221;][vc_empty_space][\/vc_column][vc_column width=&#8221;1\/2&#8243;][vc_column_text]Formado em Medicina pela Universidade Cato\u0301lica de Brasi\u0301lia em 2012;<\/p>\n<p>Reside\u0302ncia Me\u0301dica\/Especializac\u0327a\u0303o Ortopedia Traumatologia Secretaria de Sau\u0301de do DF no Hospital Regional de Taguatinga Brasi\u0301lia &#8211; DF;<\/p>\n<p>Especializac\u0327a\u0303o em Reconstruc\u0327a\u0303o e Alongamento o\u0301sseo \/ Fixador Externo no Hospital das Cli\u0301nicas \u2013 HC\/UFG \u2013 Goia\u0302nia &#8211; GO;<\/p>\n<p>Especializac\u0327a\u0303o em cirurgia do joelho . Hospital Sa\u0303o Francisco, Belo Horizonte;<\/p>\n<p>Membro Titular da Sociedade Brasileira de Ortopedia e Traumatologia; Membro Titular da Sociedade Brasileira de Cirurgia do Joelho<\/p>\n<p>Membro Titular Associac\u0327a\u0303o Brasileira de Reconstruc\u0327a\u0303o e Alongamento O\u0301sseo ASAMI Brasil;<\/p>\n<p>Membro da Sociedade do Trauma Ortope\u0301dico SBOT;<br \/>\nMembro da Associac\u0327a\u0303o Brasileira Ortope\u0301dica de Osteometabolismo;<\/p>\n<h3 style=\"text-align: left;\">Principais \u00e1reas de atua\u00e7\u00e3o<\/h3>\n<p style=\"text-align: left;\">\u25cf Doenc\u0327as que acometem articulac\u0327a\u0303o do joelho<br \/>\n\u25cf Artroplastia de joelho<br \/>\n\u25cf Pseudoartrose<br \/>\n\u25cf Osteomielite<br \/>\n\u25cf Infecc\u0327o\u0303es osteoarticulares<br \/>\n\u25cf Correc\u0327a\u0303o de deformidades adquiridas<br \/>\n\u25cf Artrodese<br \/>\n\u25cf Sequelas po\u0301s-trauma\u0301tica<\/p>\n<p>[\/vc_column_text][\/vc_column][\/vc_row]<\/p>\n<\/div>","protected":false},"excerpt":{"rendered":"<p>[vc_row css_animation=&#8221;&#8221; row_type=&#8221;row&#8221; use_row_as_full_screen_section=&#8221;yes&#8221; type=&#8221;grid&#8221; angled_section=&#8221;no&#8221; text_align=&#8221;left&#8221; background_image_as_pattern=&#8221;without_pattern&#8221; css=&#8221;.vc_custom_1601420177081{padding-top: 60px !important;}&#8221; z_index=&#8221;&#8221;][vc_column][vc_column_text] Dr. Fernando Borges dos Santos [\/vc_column_text][vc_column_text] Ortopedista Especialista em Joelho, Reconstru\u00e7\u00e3o e Alongamento \u00d3sseo \/ Fixador Externo [\/vc_column_text][vc_separator type=&#8221;small&#8221; position=&#8221;center&#8221; color=&#8221;#d32810&#8243; thickness=&#8221;3&#8243; width=&#8221;20&#8243; up=&#8221;15&#8243; down=&#8221;20&#8243;][vc_column_text] CRM-DF: 19377 [\/vc_column_text][\/vc_column][\/vc_row][vc_row css_animation=&#8221;&#8221; row_type=&#8221;row&#8221; use_row_as_full_screen_section=&#8221;yes&#8221; type=&#8221;grid&#8221; angled_section=&#8221;no&#8221;&#8230;<\/p>\n","protected":false},"author":1,"featured_media":0,"parent":10,"menu_order":0,"comment_status":"closed","ping_status":"closed","template":"full_width.php","meta":{"footnotes":""},"class_list":["post-29","page","type-page","status-publish","hentry"],"aioseo_notices":[],"_links":{"self":[{"href":"https:\/\/orthosmed.com.br\/site\/wp-json\/wp\/v2\/pages\/29","targetHints":{"allow":["GET"]}}],"collection":[{"href":"https:\/\/orthosmed.com.br\/site\/wp-json\/wp\/v2\/pages"}],"about":[{"href":"https:\/\/orthosmed.com.br\/site\/wp-json\/wp\/v2\/types\/page"}],"author":[{"embeddable":true,"href":"https:\/\/orthosmed.com.br\/site\/wp-json\/wp\/v2\/users\/1"}],"replies":[{"embeddable":true,"href":"https:\/\/orthosmed.com.br\/site\/wp-json\/wp\/v2\/comments?post=29"}],"version-history":[{"count":9,"href":"https:\/\/orthosmed.com.br\/site\/wp-json\/wp\/v2\/pages\/29\/revisions"}],"predecessor-version":[{"id":764,"href":"https:\/\/orthosmed.com.br\/site\/wp-json\/wp\/v2\/pages\/29\/revisions\/764"}],"up":[{"embeddable":true,"href":"https:\/\/orthosmed.com.br\/site\/wp-json\/wp\/v2\/pages\/10"}],"wp:attachment":[{"href":"https:\/\/orthosmed.com.br\/site\/wp-json\/wp\/v2\/media?parent=29"}],"curies":[{"name":"wp","href":"https:\/\/api.w.org\/{rel}","templated":true}]}}