{"id":31,"date":"2020-09-24T01:50:08","date_gmt":"2020-09-24T04:50:08","guid":{"rendered":"https:\/\/orthosmed.com.br\/site\/?page_id=31"},"modified":"2026-02-26T12:08:47","modified_gmt":"2026-02-26T15:08:47","slug":"dr-gabriel-lima-rodrigues","status":"publish","type":"page","link":"https:\/\/orthosmed.com.br\/site\/equipe-medica\/dr-gabriel-lima-rodrigues\/","title":{"rendered":"Dr. Gabriel Lima Rodrigues"},"content":{"rendered":"<div class=\"wpb-content-wrapper\"><p>[vc_row css_animation=&#8221;&#8221; row_type=&#8221;row&#8221; use_row_as_full_screen_section=&#8221;yes&#8221; type=&#8221;grid&#8221; angled_section=&#8221;no&#8221; text_align=&#8221;left&#8221; background_image_as_pattern=&#8221;without_pattern&#8221; css=&#8221;.vc_custom_1601420177081{padding-top: 60px !important;}&#8221; z_index=&#8221;&#8221;][vc_column][vc_column_text]<\/p>\n<h2 style=\"text-align: center;\">Dr. Gabriel Lima Rodrigues<\/h2>\n<p>[\/vc_column_text][vc_column_text]<\/p>\n<h3 style=\"text-align: center;\"><span style=\"color: #999999;\">Ortopedista Especialista em M\u00e3o e Microcirurgias<\/span><\/h3>\n<p>[\/vc_column_text][vc_separator type=&#8221;small&#8221; position=&#8221;center&#8221; color=&#8221;#d32810&#8243; thickness=&#8221;3&#8243; width=&#8221;20&#8243; up=&#8221;15&#8243; down=&#8221;20&#8243;][vc_column_text]<\/p>\n<p style=\"text-align: center;\"><strong>CRM-DF: 19642 | RQE: 17715 | RQE: 16216<\/strong><\/p>\n<p>[\/vc_column_text][\/vc_column][\/vc_row][vc_row css_animation=&#8221;&#8221; row_type=&#8221;row&#8221; use_row_as_full_screen_section=&#8221;yes&#8221; type=&#8221;grid&#8221; angled_section=&#8221;no&#8221; text_align=&#8221;left&#8221; background_image_as_pattern=&#8221;without_pattern&#8221; css=&#8221;.vc_custom_1601418613344{padding-top: 60px !important;padding-bottom: 60px !important;}&#8221; z_index=&#8221;&#8221;][vc_column width=&#8221;1\/2&#8243;][vc_empty_space height=&#8221;25px&#8221;][vc_single_image image=&#8221;868&#8243; img_size=&#8221;full&#8221; css=&#8221;&#8221; qode_css_animation=&#8221;&#8221;][vc_empty_space][\/vc_column][vc_column width=&#8221;1\/2&#8243;][vc_column_text css=&#8221;&#8221;]O Dr. Gabriel Lima Rodrigues \u00e9 ortopedista e cirurgi\u00e3o de m\u00e3o, doutor em Ci\u00eancias M\u00e9dicas pela Universidade de Bras\u00edlia (UnB) e refer\u00eancia no tratamento de doen\u00e7as e les\u00f5es que atingem m\u00e3os, punhos e membros superiores.<\/p>\n<p>Atua como Chefe do Servi\u00e7o de Resid\u00eancia M\u00e9dica em Cirurgia da M\u00e3o e Microcirurgia Reconstrutiva do Hospital Santa L\u00facia \/ SES-DF, al\u00e9m de integrar a Diretoria Executiva da Associa\u00e7\u00e3o M\u00e9dica de Bras\u00edlia (AMBr).<\/p>\n<p>Possui forma\u00e7\u00e3o completa em Ortopedia e Cirurgia da M\u00e3o pela SES-DF e pela UERJ, com t\u00edtulos de especialista reconhecidos pela SBOT e SBCM. Complementou sua experi\u00eancia com treinamentos internacionais em Hong Kong, Madrid e Nova York, incluindo artroscopia do punho e microcirurgia.<\/p>\n<p>Com atua\u00e7\u00e3o marcada pela t\u00e9cnica, atualiza\u00e7\u00f5es constantes e atendimento humanizado, o Dr. Gabriel une conhecimento cient\u00edfico, experi\u00eancia cir\u00fargica e dedica\u00e7\u00e3o para oferecer diagn\u00f3sticos precisos e tratamentos personalizados a\u00a0cada\u00a0paciente.<\/p>\n<p>@DR.GABRIELLIMA[\/vc_column_text][\/vc_column][\/vc_row]<\/p>\n<\/div>","protected":false},"excerpt":{"rendered":"<p>[vc_row css_animation=&#8221;&#8221; row_type=&#8221;row&#8221; use_row_as_full_screen_section=&#8221;yes&#8221; type=&#8221;grid&#8221; angled_section=&#8221;no&#8221; text_align=&#8221;left&#8221; background_image_as_pattern=&#8221;without_pattern&#8221; css=&#8221;.vc_custom_1601420177081{padding-top: 60px !important;}&#8221; z_index=&#8221;&#8221;][vc_column][vc_column_text] Dr. Gabriel Lima Rodrigues [\/vc_column_text][vc_column_text] Ortopedista Especialista em M\u00e3o e Microcirurgias [\/vc_column_text][vc_separator type=&#8221;small&#8221; position=&#8221;center&#8221; color=&#8221;#d32810&#8243; thickness=&#8221;3&#8243; width=&#8221;20&#8243; up=&#8221;15&#8243; down=&#8221;20&#8243;][vc_column_text] CRM-DF: 19642 | RQE: 17715 | RQE: 16216 [\/vc_column_text][\/vc_column][\/vc_row][vc_row css_animation=&#8221;&#8221; row_type=&#8221;row&#8221; use_row_as_full_screen_section=&#8221;yes&#8221; type=&#8221;grid&#8221; angled_section=&#8221;no&#8221;&#8230;<\/p>\n","protected":false},"author":1,"featured_media":0,"parent":10,"menu_order":0,"comment_status":"closed","ping_status":"closed","template":"full_width.php","meta":{"footnotes":""},"class_list":["post-31","page","type-page","status-publish","hentry"],"aioseo_notices":[],"_links":{"self":[{"href":"https:\/\/orthosmed.com.br\/site\/wp-json\/wp\/v2\/pages\/31","targetHints":{"allow":["GET"]}}],"collection":[{"href":"https:\/\/orthosmed.com.br\/site\/wp-json\/wp\/v2\/pages"}],"about":[{"href":"https:\/\/orthosmed.com.br\/site\/wp-json\/wp\/v2\/types\/page"}],"author":[{"embeddable":true,"href":"https:\/\/orthosmed.com.br\/site\/wp-json\/wp\/v2\/users\/1"}],"replies":[{"embeddable":true,"href":"https:\/\/orthosmed.com.br\/site\/wp-json\/wp\/v2\/comments?post=31"}],"version-history":[{"count":9,"href":"https:\/\/orthosmed.com.br\/site\/wp-json\/wp\/v2\/pages\/31\/revisions"}],"predecessor-version":[{"id":869,"href":"https:\/\/orthosmed.com.br\/site\/wp-json\/wp\/v2\/pages\/31\/revisions\/869"}],"up":[{"embeddable":true,"href":"https:\/\/orthosmed.com.br\/site\/wp-json\/wp\/v2\/pages\/10"}],"wp:attachment":[{"href":"https:\/\/orthosmed.com.br\/site\/wp-json\/wp\/v2\/media?parent=31"}],"curies":[{"name":"wp","href":"https:\/\/api.w.org\/{rel}","templated":true}]}}