{"id":326,"date":"2020-11-12T04:28:33","date_gmt":"2020-11-12T07:28:33","guid":{"rendered":"https:\/\/orthosmed.com.br\/site\/?page_id=326"},"modified":"2025-07-09T10:18:54","modified_gmt":"2025-07-09T13:18:54","slug":"atuacao-em-dor","status":"publish","type":"page","link":"https:\/\/orthosmed.com.br\/site\/especialidades\/ortopedia-e-traumatologia\/atuacao-em-dor\/","title":{"rendered":"Atua\u00e7\u00e3o em Dor"},"content":{"rendered":"<div class=\"wpb-content-wrapper\"><p>[vc_row css_animation=&#8221;&#8221; row_type=&#8221;row&#8221; use_row_as_full_screen_section=&#8221;yes&#8221; type=&#8221;grid&#8221; angled_section=&#8221;no&#8221; text_align=&#8221;left&#8221; background_image_as_pattern=&#8221;without_pattern&#8221; css=&#8221;.vc_custom_1606158944932{padding-top: 60px !important;padding-bottom: 60px !important;background-color: #ffffff !important;}&#8221; z_index=&#8221;&#8221;][vc_column width=&#8221;1\/2&#8243;][vc_column_text]<\/p>\n<p style=\"text-align: left;\">A dor tem sido vista com cada vez mais aten\u00e7\u00e3o por m\u00e9dicos no mundo todo. Isso porque traz limita\u00e7\u00f5es importantes tanto sociais quanto f\u00edsicas. Por isso, a Associa\u00e7\u00e3o M\u00e9dica Brasileira (AMB) criou a Comiss\u00e3o de Dor, formada por profissionais de diversas especialidades voltadas exclusivamente ao tratamento deste tipo de problema. Entre elas est\u00e1 a ortopedia.<\/p>\n<p style=\"text-align: left;\">Cerca de 30% da popula\u00e7\u00e3o brasileira sofre as consequ\u00eancias de dores cr\u00f4nicas, isso \u00e9 o que revelam dados do Minist\u00e9rio da Sa\u00fade. Dor cr\u00f4nica \u00e9 qualquer dor que tenha dura\u00e7\u00e3o maior que 3 meses, afetando diretamente a qualidade de vida do paciente.<\/p>\n<p style=\"text-align: left;\">A atua\u00e7\u00e3o do ortopedista no tratamento da dor cr\u00f4nica visa, principalmente, devolver o bem estar ao paciente e garantir a qualidade de sua mobilidade, independente da articula\u00e7\u00e3o ou localiza\u00e7\u00e3o da origem da dor. Muitas das vezes, \u00e9 necess\u00e1rio o tratamento multidisciplinar, seja com outras especialidades m\u00e9dicas ou com outros tipos de terapias, como a fisioterapia e psicologia, uma vez que tal limita\u00e7\u00e3o a longo prazo pode levar a estados de ansiedade e depress\u00e3o que agravam o problema.<\/p>\n<p>[\/vc_column_text][\/vc_column][vc_column width=&#8221;1\/2&#8243;][vc_empty_space height=&#8221;25px&#8221;][vc_single_image image=&#8221;491&#8243; img_size=&#8221;full&#8221; alignment=&#8221;center&#8221; qode_css_animation=&#8221;&#8221;][\/vc_column][\/vc_row][vc_row css_animation=&#8221;&#8221; row_type=&#8221;row&#8221; use_row_as_full_screen_section=&#8221;yes&#8221; type=&#8221;grid&#8221; angled_section=&#8221;no&#8221; text_align=&#8221;left&#8221; background_image_as_pattern=&#8221;without_pattern&#8221; css=&#8221;.vc_custom_1606158787635{padding-top: 60px !important;}&#8221; z_index=&#8221;&#8221;][vc_column][vc_column_text]<\/p>\n<h2 style=\"text-align: center;\">Nossos Especialistas<\/h2>\n<p>[\/vc_column_text][vc_separator type=&#8221;small&#8221; position=&#8221;center&#8221; color=&#8221;#d32810&#8243; thickness=&#8221;3&#8243; width=&#8221;20&#8243; up=&#8221;15&#8243; down=&#8221;20&#8243;][vc_empty_space][\/vc_column][\/vc_row][vc_row css_animation=&#8221;&#8221; row_type=&#8221;row&#8221; use_row_as_full_screen_section=&#8221;yes&#8221; type=&#8221;grid&#8221; angled_section=&#8221;no&#8221; text_align=&#8221;left&#8221; background_image_as_pattern=&#8221;without_pattern&#8221; css=&#8221;.vc_custom_1606158799544{padding-bottom: 60px !important;}&#8221; z_index=&#8221;&#8221;][vc_column width=&#8221;1\/2&#8243;][qode_elements_holder number_of_columns=&#8221;one_column&#8221;][qode_elements_holder_item vertical_alignment=&#8221;middle&#8221; horizontal_alignment=&#8221;center&#8221; advanced_animations=&#8221;no&#8221; background_color=&#8221;#ffffff&#8221; item_padding=&#8221;40px 40px 40px 40px&#8221;][vc_single_image image=&#8221;204&#8243; img_size=&#8221;full&#8221; alignment=&#8221;center&#8221; qode_css_animation=&#8221;&#8221;][vc_empty_space height=&#8221;20px&#8221;][vc_column_text]<\/p>\n<h3 style=\"text-align: center;\"><strong>Dr. Renato Rosa Teixeira<\/strong><\/h3>\n<p style=\"text-align: center;\">CRM-DF: 17784<\/p>\n<p>[\/vc_column_text][vc_empty_space height=&#8221;20px&#8221;]<a  itemprop=\"url\" href=\"https:\/\/orthosmed.com.br\/site\/equipe-medica\/dr-renato-rosa-teixeira\/\" target=\"_self\" data-hover-background-color=#5b5b5b data-hover-border-color=#5b5b5b data-hover-color=#ffffff class=\"qbutton  small center default\" style=\"color: #ffffff; border-color: #d32810; border-radius: 4px;-moz-border-radius: 4px;-webkit-border-radius: 4px; background-color: #d32810;\">Saiba Mais<\/a>[\/qode_elements_holder_item][\/qode_elements_holder][\/vc_column][\/vc_row][vc_row css_animation=&#8221;&#8221; row_type=&#8221;row&#8221; use_row_as_full_screen_section=&#8221;no&#8221; type=&#8221;full_width&#8221; angled_section=&#8221;no&#8221; text_align=&#8221;left&#8221; background_image_as_pattern=&#8221;without_pattern&#8221;][vc_column][\/vc_column][\/vc_row]<\/p>\n<\/div>","protected":false},"excerpt":{"rendered":"<p>[vc_row css_animation=&#8221;&#8221; row_type=&#8221;row&#8221; use_row_as_full_screen_section=&#8221;yes&#8221; type=&#8221;grid&#8221; angled_section=&#8221;no&#8221; text_align=&#8221;left&#8221; background_image_as_pattern=&#8221;without_pattern&#8221; css=&#8221;.vc_custom_1606158944932{padding-top: 60px !important;padding-bottom: 60px !important;background-color: #ffffff !important;}&#8221; z_index=&#8221;&#8221;][vc_column width=&#8221;1\/2&#8243;][vc_column_text] A dor tem sido vista com cada vez mais aten\u00e7\u00e3o por m\u00e9dicos no mundo todo. Isso porque traz limita\u00e7\u00f5es importantes tanto sociais quanto f\u00edsicas. Por isso, a Associa\u00e7\u00e3o&#8230;<\/p>\n","protected":false},"author":1,"featured_media":0,"parent":45,"menu_order":0,"comment_status":"closed","ping_status":"closed","template":"full_width.php","meta":{"footnotes":""},"class_list":["post-326","page","type-page","status-publish","hentry"],"aioseo_notices":[],"_links":{"self":[{"href":"https:\/\/orthosmed.com.br\/site\/wp-json\/wp\/v2\/pages\/326","targetHints":{"allow":["GET"]}}],"collection":[{"href":"https:\/\/orthosmed.com.br\/site\/wp-json\/wp\/v2\/pages"}],"about":[{"href":"https:\/\/orthosmed.com.br\/site\/wp-json\/wp\/v2\/types\/page"}],"author":[{"embeddable":true,"href":"https:\/\/orthosmed.com.br\/site\/wp-json\/wp\/v2\/users\/1"}],"replies":[{"embeddable":true,"href":"https:\/\/orthosmed.com.br\/site\/wp-json\/wp\/v2\/comments?post=326"}],"version-history":[{"count":34,"href":"https:\/\/orthosmed.com.br\/site\/wp-json\/wp\/v2\/pages\/326\/revisions"}],"predecessor-version":[{"id":840,"href":"https:\/\/orthosmed.com.br\/site\/wp-json\/wp\/v2\/pages\/326\/revisions\/840"}],"up":[{"embeddable":true,"href":"https:\/\/orthosmed.com.br\/site\/wp-json\/wp\/v2\/pages\/45"}],"wp:attachment":[{"href":"https:\/\/orthosmed.com.br\/site\/wp-json\/wp\/v2\/media?parent=326"}],"curies":[{"name":"wp","href":"https:\/\/api.w.org\/{rel}","templated":true}]}}