{"id":343,"date":"2020-11-12T04:44:21","date_gmt":"2020-11-12T07:44:21","guid":{"rendered":"https:\/\/orthosmed.com.br\/site\/?page_id=343"},"modified":"2025-01-14T11:08:48","modified_gmt":"2025-01-14T14:08:48","slug":"pe-e-tornozelo","status":"publish","type":"page","link":"https:\/\/orthosmed.com.br\/site\/especialidades\/ortopedia-e-traumatologia\/pe-e-tornozelo\/","title":{"rendered":"P\u00e9 e Tornozelo"},"content":{"rendered":"<div class=\"wpb-content-wrapper\"><p>[vc_row css_animation=&#8221;&#8221; row_type=&#8221;row&#8221; use_row_as_full_screen_section=&#8221;yes&#8221; type=&#8221;grid&#8221; angled_section=&#8221;no&#8221; text_align=&#8221;left&#8221; background_image_as_pattern=&#8221;without_pattern&#8221; css=&#8221;.vc_custom_1606158387014{padding-top: 60px !important;padding-bottom: 60px !important;background-color: #ffffff !important;}&#8221; z_index=&#8221;&#8221;][vc_column width=&#8221;1\/2&#8243;][vc_column_text]<strong>Cirurgia de P\u00e9 e Tornozelo<\/strong><\/p>\n<p>O p\u00e9 e o tornozelo em conjunto formam uma rede de articula\u00e7\u00f5es complexas com movimentos conjugados e em completa sincronia.<\/p>\n<p>A principal articula\u00e7\u00e3o do tornozelo \u00e9 a t\u00edbio-talar (articula\u00e7\u00e3o entre a t\u00edbia e o t\u00e1lus) respons\u00e1vel pelo suporte de praticamente 100% da carga que passa pelo tornozelo e tamb\u00e9m onde acontece toda a mobilidade do tornozelo.<\/p>\n<p>O principal tend\u00e3o desta articula\u00e7\u00e3o \u00e9 o tend\u00e3o calc\u00e2neo, tamb\u00e9m conhecido como tend\u00e3o de Aquiles, sendo este frequentemente sujeito a tendinites e rupturas, uma vez que \u00e9 o respons\u00e1vel por gerar a propuls\u00e3o do corpo durante caminhadas, corridas e saltos.<\/p>\n<p>O p\u00e9 \u00e9 formado por diversas estruturas e tem a aten\u00e7\u00e3o voltada para a regi\u00e3o do calcanhar e tamb\u00e9m do h\u00e1lux (\u201cded\u00e3o\u201d). No calcanhar com frequ\u00eancia pacientes desenvolvem a fasciite plantar que \u00e9 uma degenera\u00e7\u00e3o (envelhecimento) da f\u00e1scia plantar, estrutura que exerce a fun\u00e7\u00e3o de mola mantendo o arco plantar (\u201ccurva do p\u00e9\u201d), resultando em dor na planta do p\u00e9 sempre que \u00e9 realizado apoio do peso do corpo no calcanhar. J\u00e1 o h\u00e1lux comumente sofre com a conhecida \u201cjoanete\u201d, altera\u00e7\u00e3o que frequentemente gera dor e incapacidade de usar sapatos com bico fino, o que por sua vez incomoda muito pacientes do sexo feminino. Em casos mais avan\u00e7ados, a corre\u00e7\u00e3o dessa deformidade \u00e9 poss\u00edvel atrav\u00e9s de procedimentos cir\u00fargicos.[\/vc_column_text][vc_empty_space][\/vc_column][vc_column width=&#8221;1\/2&#8243;][vc_empty_space height=&#8221;25px&#8221;][vc_single_image image=&#8221;443&#8243; img_size=&#8221;full&#8221; alignment=&#8221;center&#8221; qode_css_animation=&#8221;&#8221;][\/vc_column][\/vc_row][vc_row css_animation=&#8221;&#8221; row_type=&#8221;row&#8221; use_row_as_full_screen_section=&#8221;yes&#8221; type=&#8221;grid&#8221; angled_section=&#8221;no&#8221; text_align=&#8221;left&#8221; background_image_as_pattern=&#8221;without_pattern&#8221; css=&#8221;.vc_custom_1606158482553{padding-top: 60px !important;padding-bottom: 0px !important;}&#8221; z_index=&#8221;&#8221;][vc_column][vc_column_text]<\/p>\n<h2 style=\"text-align: center;\">Nossos Especialistas<\/h2>\n<p>[\/vc_column_text][vc_separator type=&#8221;small&#8221; position=&#8221;center&#8221; color=&#8221;#d32810&#8243; thickness=&#8221;3&#8243; width=&#8221;20&#8243; up=&#8221;15&#8243; down=&#8221;20&#8243;][vc_empty_space][\/vc_column][\/vc_row][vc_row css_animation=&#8221;&#8221; row_type=&#8221;row&#8221; use_row_as_full_screen_section=&#8221;yes&#8221; type=&#8221;grid&#8221; angled_section=&#8221;no&#8221; text_align=&#8221;left&#8221; background_image_as_pattern=&#8221;without_pattern&#8221; css=&#8221;.vc_custom_1606158470763{padding-top: 0px !important;padding-bottom: 60px !important;}&#8221; z_index=&#8221;&#8221;][vc_column width=&#8221;1\/2&#8243;][qode_elements_holder number_of_columns=&#8221;one_column&#8221;][qode_elements_holder_item vertical_alignment=&#8221;middle&#8221; horizontal_alignment=&#8221;center&#8221; advanced_animations=&#8221;no&#8221; background_color=&#8221;#ffffff&#8221; item_padding=&#8221;40px 40px 40px 40px&#8221;][vc_single_image image=&#8221;195&#8243; img_size=&#8221;full&#8221; alignment=&#8221;center&#8221; qode_css_animation=&#8221;&#8221;][vc_empty_space height=&#8221;20px&#8221;][vc_column_text]<\/p>\n<h3 style=\"text-align: center;\"><strong>Dr. Andr\u00e9 Santana Guerra<\/strong><\/h3>\n<p style=\"text-align: center;\">CRM-DF: 19643<\/p>\n<p>[\/vc_column_text][vc_empty_space height=&#8221;20px&#8221;]<a  itemprop=\"url\" href=\"https:\/\/orthosmed.com.br\/site\/equipe-medica\/dr-andre-santana-guerra\/\" target=\"_self\" data-hover-background-color=#5b5b5b data-hover-border-color=#5b5b5b data-hover-color=#ffffff class=\"qbutton  small center default\" style=\"color: #ffffff; border-color: #d32810; border-radius: 4px;-moz-border-radius: 4px;-webkit-border-radius: 4px; background-color: #d32810;\">Saiba Mais<\/a>[\/qode_elements_holder_item][\/qode_elements_holder][\/vc_column][vc_column width=&#8221;1\/2&#8243;][qode_elements_holder number_of_columns=&#8221;one_column&#8221;][qode_elements_holder_item vertical_alignment=&#8221;middle&#8221; horizontal_alignment=&#8221;center&#8221; advanced_animations=&#8221;no&#8221; background_color=&#8221;#ffffff&#8221; item_padding=&#8221;40px 40px 40px 40px&#8221;][vc_single_image image=&#8221;821&#8243; img_size=&#8221;full&#8221; alignment=&#8221;center&#8221; css=&#8221;&#8221; qode_css_animation=&#8221;&#8221;][vc_empty_space height=&#8221;20px&#8221;][vc_column_text css=&#8221;&#8221;]<\/p>\n<h3 style=\"text-align: center;\"><strong>Dr. Felipe Cunha Pess\u00f4a<\/strong><\/h3>\n<p style=\"text-align: center;\">CRM-DF: 19457<\/p>\n<p>[\/vc_column_text][vc_empty_space height=&#8221;20px&#8221;]<a  itemprop=\"url\" href=\"https:\/\/orthosmed.com.br\/site\/equipe-medica\/dr-felipe-cunha-pessoa\/\" target=\"_self\" data-hover-background-color=#5b5b5b data-hover-border-color=#5b5b5b data-hover-color=#ffffff class=\"qbutton  small center default\" style=\"color: #ffffff; border-color: #d32810; border-radius: 4px;-moz-border-radius: 4px;-webkit-border-radius: 4px; background-color: #d32810;\">Saiba Mais<\/a>[\/qode_elements_holder_item][\/qode_elements_holder][\/vc_column][\/vc_row]<\/p>\n<\/div>","protected":false},"excerpt":{"rendered":"<p>[vc_row css_animation=&#8221;&#8221; row_type=&#8221;row&#8221; use_row_as_full_screen_section=&#8221;yes&#8221; type=&#8221;grid&#8221; angled_section=&#8221;no&#8221; text_align=&#8221;left&#8221; background_image_as_pattern=&#8221;without_pattern&#8221; css=&#8221;.vc_custom_1606158387014{padding-top: 60px !important;padding-bottom: 60px !important;background-color: #ffffff !important;}&#8221; z_index=&#8221;&#8221;][vc_column width=&#8221;1\/2&#8243;][vc_column_text]Cirurgia de P\u00e9 e Tornozelo O p\u00e9 e o tornozelo em conjunto formam uma rede de articula\u00e7\u00f5es complexas com movimentos conjugados e em completa sincronia. A principal articula\u00e7\u00e3o do&#8230;<\/p>\n","protected":false},"author":1,"featured_media":0,"parent":45,"menu_order":0,"comment_status":"closed","ping_status":"closed","template":"full_width.php","meta":{"footnotes":""},"class_list":["post-343","page","type-page","status-publish","hentry"],"aioseo_notices":[],"_links":{"self":[{"href":"https:\/\/orthosmed.com.br\/site\/wp-json\/wp\/v2\/pages\/343","targetHints":{"allow":["GET"]}}],"collection":[{"href":"https:\/\/orthosmed.com.br\/site\/wp-json\/wp\/v2\/pages"}],"about":[{"href":"https:\/\/orthosmed.com.br\/site\/wp-json\/wp\/v2\/types\/page"}],"author":[{"embeddable":true,"href":"https:\/\/orthosmed.com.br\/site\/wp-json\/wp\/v2\/users\/1"}],"replies":[{"embeddable":true,"href":"https:\/\/orthosmed.com.br\/site\/wp-json\/wp\/v2\/comments?post=343"}],"version-history":[{"count":5,"href":"https:\/\/orthosmed.com.br\/site\/wp-json\/wp\/v2\/pages\/343\/revisions"}],"predecessor-version":[{"id":836,"href":"https:\/\/orthosmed.com.br\/site\/wp-json\/wp\/v2\/pages\/343\/revisions\/836"}],"up":[{"embeddable":true,"href":"https:\/\/orthosmed.com.br\/site\/wp-json\/wp\/v2\/pages\/45"}],"wp:attachment":[{"href":"https:\/\/orthosmed.com.br\/site\/wp-json\/wp\/v2\/media?parent=343"}],"curies":[{"name":"wp","href":"https:\/\/api.w.org\/{rel}","templated":true}]}}