{"id":346,"date":"2020-11-12T04:46:30","date_gmt":"2020-11-12T07:46:30","guid":{"rendered":"https:\/\/orthosmed.com.br\/site\/?page_id=346"},"modified":"2022-03-18T01:09:03","modified_gmt":"2022-03-18T04:09:03","slug":"coluna-vertebral","status":"publish","type":"page","link":"https:\/\/orthosmed.com.br\/site\/especialidades\/ortopedia-e-traumatologia\/coluna-vertebral\/","title":{"rendered":"Coluna Vertebral"},"content":{"rendered":"<div class=\"wpb-content-wrapper\"><p>[vc_row css_animation=&#8221;&#8221; row_type=&#8221;row&#8221; use_row_as_full_screen_section=&#8221;yes&#8221; type=&#8221;grid&#8221; angled_section=&#8221;no&#8221; text_align=&#8221;left&#8221; background_image_as_pattern=&#8221;without_pattern&#8221; css=&#8221;.vc_custom_1606158387014{padding-top: 60px !important;padding-bottom: 60px !important;background-color: #ffffff !important;}&#8221; z_index=&#8221;&#8221;][vc_column width=&#8221;1\/2&#8243;][vc_column_text]<strong>Cirurgia da Coluna Vertebral<\/strong><\/p>\n<p>O cirurgi\u00e3o da coluna vertebral \u00e9 respons\u00e1vel pelo entendimento da fun\u00e7\u00e3o, anatomia e doen\u00e7as que acometem esta estrutura respons\u00e1vel pela sustenta\u00e7\u00e3o e mobilidade do tronco conjugada com a nobre fun\u00e7\u00e3o de proteger, no interior de um tubo semi-r\u00edgido (formado por v\u00e9rtebras, discos intervertebrais e ligamentos), a medula espinhal e os nervos que surgem a partir desta.<\/p>\n<p>A coluna vertebral \u00e9 dividida em 4 segmentos: cervical, dorsal, lombar e sacral. Essa divis\u00e3o se d\u00e1 n\u00e3o apenas por quest\u00e3o de localiza\u00e7\u00e3o, mas pelo fato de que cada uma dessas regi\u00f5es apresenta fun\u00e7\u00f5es diferentes e consequentemente estrutura e anatomia diferentes.<\/p>\n<p>As patologias mais comuns da coluna vertebral s\u00e3o as h\u00e9rnias de disco e as discopatias degenerativas (desgastes ou artroses). O tratamento destas doen\u00e7as, na maior parte das vezes, se resume ao uso de analg\u00e9sicos e a pr\u00e1tica de atividades de fortalecimento muscular. Entretanto, nos casos em que isto n\u00e3o \u00e9 suficiente as infiltra\u00e7\u00f5es e cirurgias se fazem necess\u00e1rias para devolver qualidade de vida ao paciente.<\/p>\n<p>A cirurgia mais comumente realizada \u00e9 a descompress\u00e3o das ra\u00edzes nervosas da coluna lombar, que pode ser realizada por t\u00e9cnicas tradicionais abertas ou por t\u00e9cnicas minimente invasivas (t\u00e9cnicas endosc\u00f3picas e t\u00e9cnicas tubulares).[\/vc_column_text][vc_empty_space][\/vc_column][vc_column width=&#8221;1\/2&#8243;][vc_empty_space height=&#8221;25px&#8221;][vc_single_image image=&#8221;492&#8243; img_size=&#8221;full&#8221; alignment=&#8221;center&#8221; qode_css_animation=&#8221;&#8221;][\/vc_column][\/vc_row][vc_row css_animation=&#8221;&#8221; row_type=&#8221;row&#8221; use_row_as_full_screen_section=&#8221;yes&#8221; type=&#8221;grid&#8221; angled_section=&#8221;no&#8221; text_align=&#8221;left&#8221; background_image_as_pattern=&#8221;without_pattern&#8221; css=&#8221;.vc_custom_1606158482553{padding-top: 60px !important;padding-bottom: 0px !important;}&#8221; z_index=&#8221;&#8221;][vc_column][vc_column_text]<\/p>\n<h2 style=\"text-align: center;\">Nossos Especialistas<\/h2>\n<p>[\/vc_column_text][vc_separator type=&#8221;small&#8221; position=&#8221;center&#8221; color=&#8221;#d32810&#8243; thickness=&#8221;3&#8243; width=&#8221;20&#8243; up=&#8221;15&#8243; down=&#8221;20&#8243;][vc_empty_space][\/vc_column][\/vc_row][vc_row css_animation=&#8221;&#8221; row_type=&#8221;row&#8221; use_row_as_full_screen_section=&#8221;yes&#8221; type=&#8221;grid&#8221; angled_section=&#8221;no&#8221; text_align=&#8221;left&#8221; background_image_as_pattern=&#8221;without_pattern&#8221; css=&#8221;.vc_custom_1606158470763{padding-top: 0px !important;padding-bottom: 60px !important;}&#8221; z_index=&#8221;&#8221;][vc_column width=&#8221;1\/3&#8243;][qode_elements_holder number_of_columns=&#8221;one_column&#8221;][qode_elements_holder_item vertical_alignment=&#8221;middle&#8221; horizontal_alignment=&#8221;center&#8221; advanced_animations=&#8221;no&#8221; background_color=&#8221;#ffffff&#8221; item_padding=&#8221;40px 40px 40px 40px&#8221;][vc_single_image image=&#8221;386&#8243; img_size=&#8221;full&#8221; alignment=&#8221;center&#8221; qode_css_animation=&#8221;&#8221;][vc_empty_space height=&#8221;20px&#8221;][vc_column_text]<\/p>\n<h3 style=\"text-align: center;\"><strong>Dr. Jos\u00e9 Humberto Pereira J\u00fanior<\/strong><\/h3>\n<p style=\"text-align: center;\">CRM-DF: 19104<\/p>\n<p>[\/vc_column_text][vc_empty_space height=&#8221;20px&#8221;]<a  itemprop=\"url\" href=\"https:\/\/orthosmed.com.br\/site\/equipe-medica\/dr-jose-humberto-pereira-junior\/\" target=\"_self\" data-hover-background-color=#5b5b5b data-hover-border-color=#5b5b5b data-hover-color=#ffffff class=\"qbutton  small center default\" style=\"color: #ffffff; border-color: #d32810; border-radius: 4px;-moz-border-radius: 4px;-webkit-border-radius: 4px; background-color: #d32810;\">Saiba Mais<\/a>[\/qode_elements_holder_item][\/qode_elements_holder][\/vc_column][vc_column width=&#8221;1\/3&#8243;][qode_elements_holder number_of_columns=&#8221;one_column&#8221;][qode_elements_holder_item vertical_alignment=&#8221;middle&#8221; horizontal_alignment=&#8221;center&#8221; advanced_animations=&#8221;no&#8221; background_color=&#8221;#ffffff&#8221; item_padding=&#8221;40px 40px 40px 40px&#8221;][vc_single_image image=&#8221;388&#8243; img_size=&#8221;full&#8221; alignment=&#8221;center&#8221; qode_css_animation=&#8221;&#8221;][vc_empty_space height=&#8221;20px&#8221;][vc_column_text]<\/p>\n<h3 style=\"text-align: center;\"><strong>Dr. Nilo Carrijo<\/strong><\/h3>\n<p style=\"text-align: center;\">CRM-DF: 27.077<\/p>\n<p>[\/vc_column_text][vc_empty_space height=&#8221;49px&#8221;]<a  itemprop=\"url\" href=\"https:\/\/orthosmed.com.br\/site\/equipe-medica\/dr-nilo-carrijo\/\" target=\"_self\" data-hover-background-color=#5b5b5b data-hover-border-color=#5b5b5b data-hover-color=#ffffff class=\"qbutton  small center default\" style=\"color: #ffffff; border-color: #d32810; border-radius: 4px;-moz-border-radius: 4px;-webkit-border-radius: 4px; background-color: #d32810;\">Saiba Mais<\/a>[\/qode_elements_holder_item][\/qode_elements_holder][\/vc_column][vc_column width=&#8221;1\/3&#8243;][qode_elements_holder number_of_columns=&#8221;one_column&#8221;][qode_elements_holder_item vertical_alignment=&#8221;middle&#8221; horizontal_alignment=&#8221;center&#8221; advanced_animations=&#8221;no&#8221; background_color=&#8221;#ffffff&#8221; item_padding=&#8221;40px 40px 40px 40px&#8221;][vc_single_image image=&#8221;727&#8243; img_size=&#8221;full&#8221; alignment=&#8221;center&#8221; qode_css_animation=&#8221;&#8221;][vc_empty_space height=&#8221;20px&#8221;][vc_column_text]<\/p>\n<h3 style=\"text-align: center;\"><strong>Dr. Tadeu Gervazoni Debom<\/strong><\/h3>\n<p style=\"text-align: center;\">CRM-DF: 18.450<\/p>\n<p>[\/vc_column_text][vc_empty_space height=&#8221;20px&#8221;]<a  itemprop=\"url\" href=\"https:\/\/orthosmed.com.br\/site\/equipe-medica\/dr-tadeu-gervazoni-debom\/\" target=\"_self\" data-hover-background-color=#5b5b5b data-hover-border-color=#5b5b5b data-hover-color=#ffffff class=\"qbutton  small center default\" style=\"color: #ffffff; border-color: #d32810; border-radius: 4px;-moz-border-radius: 4px;-webkit-border-radius: 4px; background-color: #d32810;\">Saiba Mais<\/a>[\/qode_elements_holder_item][\/qode_elements_holder][\/vc_column][\/vc_row]<\/p>\n<\/div>","protected":false},"excerpt":{"rendered":"<p>[vc_row css_animation=&#8221;&#8221; row_type=&#8221;row&#8221; use_row_as_full_screen_section=&#8221;yes&#8221; type=&#8221;grid&#8221; angled_section=&#8221;no&#8221; text_align=&#8221;left&#8221; background_image_as_pattern=&#8221;without_pattern&#8221; css=&#8221;.vc_custom_1606158387014{padding-top: 60px !important;padding-bottom: 60px !important;background-color: #ffffff !important;}&#8221; z_index=&#8221;&#8221;][vc_column width=&#8221;1\/2&#8243;][vc_column_text]Cirurgia da Coluna Vertebral O cirurgi\u00e3o da coluna vertebral \u00e9 respons\u00e1vel pelo entendimento da fun\u00e7\u00e3o, anatomia e doen\u00e7as que acometem esta estrutura respons\u00e1vel pela sustenta\u00e7\u00e3o e mobilidade do tronco&#8230;<\/p>\n","protected":false},"author":1,"featured_media":0,"parent":45,"menu_order":0,"comment_status":"closed","ping_status":"closed","template":"full_width.php","meta":{"footnotes":""},"class_list":["post-346","page","type-page","status-publish","hentry"],"aioseo_notices":[],"_links":{"self":[{"href":"https:\/\/orthosmed.com.br\/site\/wp-json\/wp\/v2\/pages\/346","targetHints":{"allow":["GET"]}}],"collection":[{"href":"https:\/\/orthosmed.com.br\/site\/wp-json\/wp\/v2\/pages"}],"about":[{"href":"https:\/\/orthosmed.com.br\/site\/wp-json\/wp\/v2\/types\/page"}],"author":[{"embeddable":true,"href":"https:\/\/orthosmed.com.br\/site\/wp-json\/wp\/v2\/users\/1"}],"replies":[{"embeddable":true,"href":"https:\/\/orthosmed.com.br\/site\/wp-json\/wp\/v2\/comments?post=346"}],"version-history":[{"count":20,"href":"https:\/\/orthosmed.com.br\/site\/wp-json\/wp\/v2\/pages\/346\/revisions"}],"predecessor-version":[{"id":736,"href":"https:\/\/orthosmed.com.br\/site\/wp-json\/wp\/v2\/pages\/346\/revisions\/736"}],"up":[{"embeddable":true,"href":"https:\/\/orthosmed.com.br\/site\/wp-json\/wp\/v2\/pages\/45"}],"wp:attachment":[{"href":"https:\/\/orthosmed.com.br\/site\/wp-json\/wp\/v2\/media?parent=346"}],"curies":[{"name":"wp","href":"https:\/\/api.w.org\/{rel}","templated":true}]}}