{"id":349,"date":"2020-11-12T04:49:14","date_gmt":"2020-11-12T07:49:14","guid":{"rendered":"https:\/\/orthosmed.com.br\/site\/?page_id=349"},"modified":"2020-11-23T23:13:45","modified_gmt":"2020-11-24T02:13:45","slug":"ortopedia-pediatrica","status":"publish","type":"page","link":"https:\/\/orthosmed.com.br\/site\/especialidades\/ortopedia-e-traumatologia\/ortopedia-pediatrica\/","title":{"rendered":"Ortopedia Pedi\u00e1trica"},"content":{"rendered":"<div class=\"wpb-content-wrapper\"><p>[vc_row css_animation=&#8221;&#8221; row_type=&#8221;row&#8221; use_row_as_full_screen_section=&#8221;yes&#8221; type=&#8221;grid&#8221; angled_section=&#8221;no&#8221; text_align=&#8221;left&#8221; background_image_as_pattern=&#8221;without_pattern&#8221; css=&#8221;.vc_custom_1606158387014{padding-top: 60px !important;padding-bottom: 60px !important;background-color: #ffffff !important;}&#8221; z_index=&#8221;&#8221;][vc_column width=&#8221;1\/2&#8243;][vc_column_text]O ortopedista pediatra possui expertise no tratamento de doen\u00e7as que acometem especificamente crian\u00e7as e que por isso necessitam de uma abordagem \u00fanica, diferente da abordagem aplicada ao adulto. O pensamento simplista de aplicar a crian\u00e7as as mesmas solu\u00e7\u00f5es aplicadas a problemas semelhantes em adultos n\u00e3o \u00e9 v\u00e1lido, pois na crian\u00e7a o esqueleto ainda est\u00e1 em desenvolvimento.<\/p>\n<p>Exemplos de algumas doen\u00e7as mais comuns s\u00e3o: escoliose, displasia do desenvolvimento do quadril e p\u00e9 torto cong\u00eanito.<\/p>\n<p>O especialista nesta \u00e1rea \u00e9 capacitado para orienta\u00e7\u00f5es gerais, como import\u00e2ncia de atividades f\u00edsicas para crian\u00e7as, at\u00e9 situa\u00e7\u00f5es complexas que exijam tratamentos com \u00f3rteses (coletes, botas, etc) e cirurgias para corre\u00e7\u00e3o de altera\u00e7\u00f5es nas diversas articula\u00e7\u00f5es do corpo infantil.[\/vc_column_text][vc_empty_space][\/vc_column][vc_column width=&#8221;1\/2&#8243;][vc_empty_space height=&#8221;25px&#8221;][vc_single_image image=&#8221;444&#8243; img_size=&#8221;full&#8221; alignment=&#8221;center&#8221; qode_css_animation=&#8221;&#8221;][\/vc_column][\/vc_row][vc_row css_animation=&#8221;&#8221; row_type=&#8221;row&#8221; use_row_as_full_screen_section=&#8221;yes&#8221; type=&#8221;grid&#8221; angled_section=&#8221;no&#8221; text_align=&#8221;left&#8221; background_image_as_pattern=&#8221;without_pattern&#8221; css=&#8221;.vc_custom_1606158482553{padding-top: 60px !important;padding-bottom: 0px !important;}&#8221; z_index=&#8221;&#8221;][vc_column][vc_column_text]<\/p>\n<h2 style=\"text-align: center;\">Nosso Especialista<\/h2>\n<p>[\/vc_column_text][vc_separator type=&#8221;small&#8221; position=&#8221;center&#8221; color=&#8221;#d32810&#8243; thickness=&#8221;3&#8243; width=&#8221;20&#8243; up=&#8221;15&#8243; down=&#8221;20&#8243;][vc_empty_space][\/vc_column][\/vc_row][vc_row css_animation=&#8221;&#8221; row_type=&#8221;row&#8221; use_row_as_full_screen_section=&#8221;yes&#8221; type=&#8221;grid&#8221; angled_section=&#8221;no&#8221; text_align=&#8221;left&#8221; background_image_as_pattern=&#8221;without_pattern&#8221; css=&#8221;.vc_custom_1606158470763{padding-top: 0px !important;padding-bottom: 60px !important;}&#8221; z_index=&#8221;&#8221;][vc_column width=&#8221;1\/2&#8243;][qode_elements_holder number_of_columns=&#8221;one_column&#8221;][qode_elements_holder_item vertical_alignment=&#8221;middle&#8221; horizontal_alignment=&#8221;center&#8221; advanced_animations=&#8221;no&#8221; background_color=&#8221;#ffffff&#8221; item_padding=&#8221;40px 40px 40px 40px&#8221;][vc_single_image image=&#8221;383&#8243; img_size=&#8221;full&#8221; alignment=&#8221;center&#8221; qode_css_animation=&#8221;&#8221;][vc_empty_space height=&#8221;20px&#8221;][vc_column_text]<\/p>\n<h3 style=\"text-align: center;\"><strong>Dr. Andr\u00e9 Santana Guerra<\/strong><\/h3>\n<p style=\"text-align: center;\">CRM-DF: 19643<\/p>\n<p>[\/vc_column_text][vc_empty_space height=&#8221;20px&#8221;]<a  itemprop=\"url\" href=\"https:\/\/orthosmed.com.br\/site\/equipe-medica\/dr-andre-santana-guerra\/\" target=\"_self\" data-hover-background-color=#5b5b5b data-hover-border-color=#5b5b5b data-hover-color=#ffffff class=\"qbutton  small center default\" style=\"color: #ffffff; border-color: #d32810; border-radius: 4px;-moz-border-radius: 4px;-webkit-border-radius: 4px; background-color: #d32810;\">Saiba Mais<\/a>[\/qode_elements_holder_item][\/qode_elements_holder][\/vc_column][vc_column width=&#8221;1\/2&#8243;][\/vc_column][\/vc_row]<\/p>\n<\/div>","protected":false},"excerpt":{"rendered":"<p>[vc_row css_animation=&#8221;&#8221; row_type=&#8221;row&#8221; use_row_as_full_screen_section=&#8221;yes&#8221; type=&#8221;grid&#8221; angled_section=&#8221;no&#8221; text_align=&#8221;left&#8221; background_image_as_pattern=&#8221;without_pattern&#8221; css=&#8221;.vc_custom_1606158387014{padding-top: 60px !important;padding-bottom: 60px !important;background-color: #ffffff !important;}&#8221; z_index=&#8221;&#8221;][vc_column width=&#8221;1\/2&#8243;][vc_column_text]O ortopedista pediatra possui expertise no tratamento de doen\u00e7as que acometem especificamente crian\u00e7as e que por isso necessitam de uma abordagem \u00fanica, diferente da abordagem aplicada ao adulto. O&#8230;<\/p>\n","protected":false},"author":1,"featured_media":0,"parent":45,"menu_order":0,"comment_status":"closed","ping_status":"closed","template":"full_width.php","meta":{"footnotes":""},"class_list":["post-349","page","type-page","status-publish","hentry"],"aioseo_notices":[],"_links":{"self":[{"href":"https:\/\/orthosmed.com.br\/site\/wp-json\/wp\/v2\/pages\/349","targetHints":{"allow":["GET"]}}],"collection":[{"href":"https:\/\/orthosmed.com.br\/site\/wp-json\/wp\/v2\/pages"}],"about":[{"href":"https:\/\/orthosmed.com.br\/site\/wp-json\/wp\/v2\/types\/page"}],"author":[{"embeddable":true,"href":"https:\/\/orthosmed.com.br\/site\/wp-json\/wp\/v2\/users\/1"}],"replies":[{"embeddable":true,"href":"https:\/\/orthosmed.com.br\/site\/wp-json\/wp\/v2\/comments?post=349"}],"version-history":[{"count":4,"href":"https:\/\/orthosmed.com.br\/site\/wp-json\/wp\/v2\/pages\/349\/revisions"}],"predecessor-version":[{"id":507,"href":"https:\/\/orthosmed.com.br\/site\/wp-json\/wp\/v2\/pages\/349\/revisions\/507"}],"up":[{"embeddable":true,"href":"https:\/\/orthosmed.com.br\/site\/wp-json\/wp\/v2\/pages\/45"}],"wp:attachment":[{"href":"https:\/\/orthosmed.com.br\/site\/wp-json\/wp\/v2\/media?parent=349"}],"curies":[{"name":"wp","href":"https:\/\/api.w.org\/{rel}","templated":true}]}}