{"id":35,"date":"2020-09-24T01:53:22","date_gmt":"2020-09-24T04:53:22","guid":{"rendered":"https:\/\/orthosmed.com.br\/site\/?page_id=35"},"modified":"2022-08-16T18:27:20","modified_gmt":"2022-08-16T21:27:20","slug":"dr-jose-de-lima-paulino","status":"publish","type":"page","link":"https:\/\/orthosmed.com.br\/site\/equipe-medica\/dr-jose-de-lima-paulino\/","title":{"rendered":"Dr. Jos\u00e9 de Lima Paulino"},"content":{"rendered":"<div class=\"wpb-content-wrapper\"><p>[vc_row css_animation=&#8221;&#8221; row_type=&#8221;row&#8221; use_row_as_full_screen_section=&#8221;yes&#8221; type=&#8221;grid&#8221; angled_section=&#8221;no&#8221; text_align=&#8221;left&#8221; background_image_as_pattern=&#8221;without_pattern&#8221; css=&#8221;.vc_custom_1601420177081{padding-top: 60px !important;}&#8221; z_index=&#8221;&#8221;][vc_column][vc_column_text]<\/p>\n<h2 style=\"text-align: center;\">Dr. Jos\u00e9 de Lima Paulino<\/h2>\n<p>[\/vc_column_text][vc_column_text]<\/p>\n<h3 style=\"text-align: center;\"><span style=\"color: #999999;\">Ortopedista Especialista em Joelho e Ombro<\/span><\/h3>\n<p>[\/vc_column_text][vc_separator type=&#8221;small&#8221; position=&#8221;center&#8221; color=&#8221;#d32810&#8243; thickness=&#8221;3&#8243; width=&#8221;20&#8243; up=&#8221;15&#8243; down=&#8221;20&#8243;][vc_column_text]<\/p>\n<p style=\"text-align: center;\"><strong>CRM-DF: <em>7337<\/em><\/strong><\/p>\n<p>[\/vc_column_text][\/vc_column][\/vc_row][vc_row css_animation=&#8221;&#8221; row_type=&#8221;row&#8221; use_row_as_full_screen_section=&#8221;yes&#8221; type=&#8221;grid&#8221; angled_section=&#8221;no&#8221; text_align=&#8221;left&#8221; background_image_as_pattern=&#8221;without_pattern&#8221; css=&#8221;.vc_custom_1601418613344{padding-top: 60px !important;padding-bottom: 60px !important;}&#8221; z_index=&#8221;&#8221;][vc_column width=&#8221;1\/2&#8243;][vc_empty_space height=&#8221;25px&#8221;][vc_single_image image=&#8221;738&#8243; img_size=&#8221;full&#8221; qode_css_animation=&#8221;&#8221;][vc_empty_space][\/vc_column][vc_column width=&#8221;1\/2&#8243;][vc_column_text]<\/p>\n<p style=\"text-align: left;\">Estamos atuando h\u00e1 trinta anos nas doen\u00e7as do aparelho locomotor e, nos \u00faltimos vinte anos, especificamente, em cirurgias do ombro e joelho , notadamente, por meios minimamente invasivos, via videoartroscopia, endere\u00e7ando os principais dist\u00farbios estruturais e funcionais dessas duas complexas articula\u00e7\u00f5es, tendo como guia, sempre, os princ\u00edpios \u00e9ticos que nos nortearam nesses anos de experi\u00eancias e desafios como profissional de sa\u00fade.<\/p>\n<p style=\"text-align: left;\">\u2022 Formado em Medicina pela Universidade Federal do Maranh\u00e3o -UFMA;<\/p>\n<p style=\"text-align: left;\">\u2022 Resid\u00eancia M\u00e9dica em Ortopedia e Traumatologia pelo Hospital de Traumatologia e Ortopedia Dr. M\u00e1rio Jorge \/RJ, atual Instituto Nacional de Traumatologia e Ortopedia\/ INTO-RJ e no Hospital do Aparelho Locomotor-SARAH \/ BRAS\u00cdLIA-DF;<\/p>\n<p style=\"text-align: left;\">\u2022 Curso e treinamento avan\u00e7ado em cirurgia videoartrosc\u00f3pica de Ombro e Joelho pelo Hospital das Cl\u00ednicas da Faculdade de Medicina da Universidade de S\u00e3o Paulo (USP);<\/p>\n<p style=\"text-align: left;\">\u2022 P\u00f3s-Gradua\u00e7\u00e3o Lato Sensu em Medicina do Esporte com chancela da Universidade Veiga de Almeida do Rio de Janeiro;<\/p>\n<p style=\"text-align: left;\">\u2022 Membro titular da Sociedade Brasileira de Ortopedia e Traumatologia (SBOT);<\/p>\n<p style=\"text-align: left;\">\u2022 T\u00edtulo de especialista outorgado pelo CRM-DF\/ AMB\/ SBOT;<\/p>\n<p style=\"text-align: left;\">\u2022 M\u00e9dico da Rede SARAH de Hospitais no per\u00edodo de 1990-1994;<\/p>\n<p style=\"text-align: left;\">\u2022 M\u00e9dico da FHDF ( Secretaria de Sa\u00fade) no per\u00edodo de 1994-1998;<\/p>\n<p style=\"text-align: left;\">\u2022 M\u00e9dico do Departamento M\u00e9dico da C\u00e2mara dos Deputados ( DEMED-CD) desde 1998.<\/p>\n<p>[\/vc_column_text][\/vc_column][\/vc_row]<\/p>\n<\/div>","protected":false},"excerpt":{"rendered":"<p>[vc_row css_animation=&#8221;&#8221; row_type=&#8221;row&#8221; use_row_as_full_screen_section=&#8221;yes&#8221; type=&#8221;grid&#8221; angled_section=&#8221;no&#8221; text_align=&#8221;left&#8221; background_image_as_pattern=&#8221;without_pattern&#8221; css=&#8221;.vc_custom_1601420177081{padding-top: 60px !important;}&#8221; z_index=&#8221;&#8221;][vc_column][vc_column_text] Dr. Jos\u00e9 de Lima Paulino [\/vc_column_text][vc_column_text] Ortopedista Especialista em Joelho e Ombro [\/vc_column_text][vc_separator type=&#8221;small&#8221; position=&#8221;center&#8221; color=&#8221;#d32810&#8243; thickness=&#8221;3&#8243; width=&#8221;20&#8243; up=&#8221;15&#8243; down=&#8221;20&#8243;][vc_column_text] CRM-DF: 7337 [\/vc_column_text][\/vc_column][\/vc_row][vc_row css_animation=&#8221;&#8221; row_type=&#8221;row&#8221; use_row_as_full_screen_section=&#8221;yes&#8221; type=&#8221;grid&#8221; angled_section=&#8221;no&#8221; text_align=&#8221;left&#8221; background_image_as_pattern=&#8221;without_pattern&#8221; css=&#8221;.vc_custom_1601418613344{padding-top: 60px !important;padding-bottom:&#8230;<\/p>\n","protected":false},"author":1,"featured_media":0,"parent":10,"menu_order":0,"comment_status":"closed","ping_status":"closed","template":"full_width.php","meta":{"footnotes":""},"class_list":["post-35","page","type-page","status-publish","hentry"],"aioseo_notices":[],"_links":{"self":[{"href":"https:\/\/orthosmed.com.br\/site\/wp-json\/wp\/v2\/pages\/35","targetHints":{"allow":["GET"]}}],"collection":[{"href":"https:\/\/orthosmed.com.br\/site\/wp-json\/wp\/v2\/pages"}],"about":[{"href":"https:\/\/orthosmed.com.br\/site\/wp-json\/wp\/v2\/types\/page"}],"author":[{"embeddable":true,"href":"https:\/\/orthosmed.com.br\/site\/wp-json\/wp\/v2\/users\/1"}],"replies":[{"embeddable":true,"href":"https:\/\/orthosmed.com.br\/site\/wp-json\/wp\/v2\/comments?post=35"}],"version-history":[{"count":6,"href":"https:\/\/orthosmed.com.br\/site\/wp-json\/wp\/v2\/pages\/35\/revisions"}],"predecessor-version":[{"id":765,"href":"https:\/\/orthosmed.com.br\/site\/wp-json\/wp\/v2\/pages\/35\/revisions\/765"}],"up":[{"embeddable":true,"href":"https:\/\/orthosmed.com.br\/site\/wp-json\/wp\/v2\/pages\/10"}],"wp:attachment":[{"href":"https:\/\/orthosmed.com.br\/site\/wp-json\/wp\/v2\/media?parent=35"}],"curies":[{"name":"wp","href":"https:\/\/api.w.org\/{rel}","templated":true}]}}