{"id":37,"date":"2020-09-24T01:55:10","date_gmt":"2020-09-24T04:55:10","guid":{"rendered":"https:\/\/orthosmed.com.br\/site\/?page_id=37"},"modified":"2020-11-23T17:45:54","modified_gmt":"2020-11-23T20:45:54","slug":"dr-jose-humberto-pereira-junior","status":"publish","type":"page","link":"https:\/\/orthosmed.com.br\/site\/equipe-medica\/dr-jose-humberto-pereira-junior\/","title":{"rendered":"Dr. Jos\u00e9 Humberto Pereira J\u00fanior"},"content":{"rendered":"<div class=\"wpb-content-wrapper\"><p>[vc_row css_animation=&#8221;&#8221; row_type=&#8221;row&#8221; use_row_as_full_screen_section=&#8221;yes&#8221; type=&#8221;grid&#8221; angled_section=&#8221;no&#8221; text_align=&#8221;left&#8221; background_image_as_pattern=&#8221;without_pattern&#8221; css=&#8221;.vc_custom_1601420177081{padding-top: 60px !important;}&#8221; z_index=&#8221;&#8221;][vc_column][vc_column_text]<\/p>\n<h2 style=\"text-align: center;\">Dr. Jos\u00e9 Humberto Pereira J\u00fanior<\/h2>\n<p>[\/vc_column_text][vc_column_text]<\/p>\n<h3 style=\"text-align: center;\"><span style=\"color: #999999;\">Ortopedista Especialista em Coluna<\/span><\/h3>\n<p>[\/vc_column_text][vc_separator type=&#8221;small&#8221; position=&#8221;center&#8221; color=&#8221;#d32810&#8243; thickness=&#8221;3&#8243; width=&#8221;20&#8243; up=&#8221;15&#8243; down=&#8221;20&#8243;][vc_column_text]<\/p>\n<p style=\"text-align: center;\"><strong>CRM-DF: 19104 | RQE: 14793<\/strong><\/p>\n<p>[\/vc_column_text][\/vc_column][\/vc_row][vc_row css_animation=&#8221;&#8221; row_type=&#8221;row&#8221; use_row_as_full_screen_section=&#8221;yes&#8221; type=&#8221;grid&#8221; angled_section=&#8221;no&#8221; text_align=&#8221;left&#8221; background_image_as_pattern=&#8221;without_pattern&#8221; css=&#8221;.vc_custom_1601418613344{padding-top: 60px !important;padding-bottom: 60px !important;}&#8221; z_index=&#8221;&#8221;][vc_column width=&#8221;1\/2&#8243;][vc_empty_space height=&#8221;25px&#8221;][vc_single_image image=&#8221;386&#8243; img_size=&#8221;full&#8221; qode_css_animation=&#8221;&#8221;][vc_empty_space][\/vc_column][vc_column width=&#8221;1\/2&#8243;][vc_column_text]Dr Jos\u00e9 Humberto possui experi\u00eancia no tratamento de deformidades da coluna vertebral (escoliose, hiperlordose, cifose exacerbada, desequil\u00edbrio sagital e coronal), doen\u00e7as degenerativas da coluna vertebral (artrose, discopatia degenerativa, oste\u00f3fitos, h\u00e9rnia de disco), trauma (fraturas da coluna vertebral), tumores da coluna (cistos \u00f3sseos, condromas, met\u00e1stases e outros) em rec\u00e9m nascidos, crian\u00e7as, adolescentes, adultos e idosos.<\/p>\n<p>\u2022 Gradua\u00e7\u00e3o em Medicina pela Universidade de Uberaba \u2013 MG;<\/p>\n<p>\u2022 Resid\u00eancia M\u00e9dica em Ortopedia e Traumatologia pelo Hospital das For\u00e7as Armadas \u2013 HFA Bras\u00edlia\/DF.<\/p>\n<p>\u2022 Aperfei\u00e7oamento na \u00e1rea de atua\u00e7\u00e3o de Patologias\/Cirurgia da Coluna Vertebral pelo Hospital de Cl\u00ednicas da Universidade Federal de Goi\u00e1s e pelo Centro de Reabilita\u00e7\u00e3o e Reintegra\u00e7\u00e3o Dr Henrique Santillo \u2013 CRER (Goi\u00e2nia \u2013 GO) com atividades no HC\/UFG, CRER, HUGO (Hospital de Urg\u00eancias e Emerg\u00eancias de Goi\u00e1s), HUGOL (Hospital de Urg\u00eancias Governador Ot\u00e1vio Lage).<\/p>\n<p>\u2022 Membro efetivo da Sociedade Brasileira de Ortopedia e Traumatologia (SBOT) desde 2014 (t\u00edtulo 14280).<\/p>\n<p>\u2022 Membro efetivo da Sociedade Brasileira de Coluna (SBC) desde 2017.<\/p>\n<p>\u2022 Experi\u00eancia com a l\u00edngua inglesa atrav\u00e9s de forma\u00e7\u00e3o no CCAA com conclus\u00e3o do Mastering English Course \u2013 MEC IV.[\/vc_column_text][\/vc_column][\/vc_row]<\/p>\n<\/div>","protected":false},"excerpt":{"rendered":"<p>[vc_row css_animation=&#8221;&#8221; row_type=&#8221;row&#8221; use_row_as_full_screen_section=&#8221;yes&#8221; type=&#8221;grid&#8221; angled_section=&#8221;no&#8221; text_align=&#8221;left&#8221; background_image_as_pattern=&#8221;without_pattern&#8221; css=&#8221;.vc_custom_1601420177081{padding-top: 60px !important;}&#8221; z_index=&#8221;&#8221;][vc_column][vc_column_text] Dr. Jos\u00e9 Humberto Pereira J\u00fanior [\/vc_column_text][vc_column_text] Ortopedista Especialista em Coluna [\/vc_column_text][vc_separator type=&#8221;small&#8221; position=&#8221;center&#8221; color=&#8221;#d32810&#8243; thickness=&#8221;3&#8243; width=&#8221;20&#8243; up=&#8221;15&#8243; down=&#8221;20&#8243;][vc_column_text] CRM-DF: 19104 | RQE: 14793 [\/vc_column_text][\/vc_column][\/vc_row][vc_row css_animation=&#8221;&#8221; row_type=&#8221;row&#8221; use_row_as_full_screen_section=&#8221;yes&#8221; type=&#8221;grid&#8221; angled_section=&#8221;no&#8221; text_align=&#8221;left&#8221; background_image_as_pattern=&#8221;without_pattern&#8221; css=&#8221;.vc_custom_1601418613344{padding-top: 60px&#8230;<\/p>\n","protected":false},"author":1,"featured_media":0,"parent":10,"menu_order":0,"comment_status":"closed","ping_status":"closed","template":"full_width.php","meta":{"footnotes":""},"class_list":["post-37","page","type-page","status-publish","hentry"],"aioseo_notices":[],"_links":{"self":[{"href":"https:\/\/orthosmed.com.br\/site\/wp-json\/wp\/v2\/pages\/37","targetHints":{"allow":["GET"]}}],"collection":[{"href":"https:\/\/orthosmed.com.br\/site\/wp-json\/wp\/v2\/pages"}],"about":[{"href":"https:\/\/orthosmed.com.br\/site\/wp-json\/wp\/v2\/types\/page"}],"author":[{"embeddable":true,"href":"https:\/\/orthosmed.com.br\/site\/wp-json\/wp\/v2\/users\/1"}],"replies":[{"embeddable":true,"href":"https:\/\/orthosmed.com.br\/site\/wp-json\/wp\/v2\/comments?post=37"}],"version-history":[{"count":6,"href":"https:\/\/orthosmed.com.br\/site\/wp-json\/wp\/v2\/pages\/37\/revisions"}],"predecessor-version":[{"id":489,"href":"https:\/\/orthosmed.com.br\/site\/wp-json\/wp\/v2\/pages\/37\/revisions\/489"}],"up":[{"embeddable":true,"href":"https:\/\/orthosmed.com.br\/site\/wp-json\/wp\/v2\/pages\/10"}],"wp:attachment":[{"href":"https:\/\/orthosmed.com.br\/site\/wp-json\/wp\/v2\/media?parent=37"}],"curies":[{"name":"wp","href":"https:\/\/api.w.org\/{rel}","templated":true}]}}