{"id":41,"date":"2020-09-24T01:58:52","date_gmt":"2020-09-24T04:58:52","guid":{"rendered":"https:\/\/orthosmed.com.br\/site\/?page_id=41"},"modified":"2020-11-20T03:23:55","modified_gmt":"2020-11-20T06:23:55","slug":"dr-nilo-carrijo","status":"publish","type":"page","link":"https:\/\/orthosmed.com.br\/site\/equipe-medica\/dr-nilo-carrijo\/","title":{"rendered":"Dr. Nilo Carrijo"},"content":{"rendered":"<div class=\"wpb-content-wrapper\"><p>[vc_row css_animation=&#8221;&#8221; row_type=&#8221;row&#8221; use_row_as_full_screen_section=&#8221;yes&#8221; type=&#8221;grid&#8221; angled_section=&#8221;no&#8221; text_align=&#8221;left&#8221; background_image_as_pattern=&#8221;without_pattern&#8221; css=&#8221;.vc_custom_1601420177081{padding-top: 60px !important;}&#8221; z_index=&#8221;&#8221;][vc_column][vc_column_text]<\/p>\n<h2 style=\"text-align: center;\">Dr. Nilo Carrijo<\/h2>\n<p>[\/vc_column_text][vc_column_text]<\/p>\n<h3 style=\"text-align: center;\"><span style=\"color: #999999;\">Ortopedista Especialista em Coluna<\/span><\/h3>\n<p>[\/vc_column_text][vc_separator type=&#8221;small&#8221; position=&#8221;center&#8221; color=&#8221;#d32810&#8243; thickness=&#8221;3&#8243; width=&#8221;20&#8243; up=&#8221;15&#8243; down=&#8221;20&#8243;][vc_column_text]<\/p>\n<p style=\"text-align: center;\"><strong>CRM-DF 27.077 | CRM-GO: 16075 | RQE: 10832<\/strong><\/p>\n<p>[\/vc_column_text][\/vc_column][\/vc_row][vc_row css_animation=&#8221;&#8221; row_type=&#8221;row&#8221; use_row_as_full_screen_section=&#8221;yes&#8221; type=&#8221;grid&#8221; angled_section=&#8221;no&#8221; text_align=&#8221;left&#8221; background_image_as_pattern=&#8221;without_pattern&#8221; css=&#8221;.vc_custom_1601418613344{padding-top: 60px !important;padding-bottom: 60px !important;}&#8221; z_index=&#8221;&#8221;][vc_column width=&#8221;1\/2&#8243;][vc_empty_space height=&#8221;25px&#8221;][vc_single_image image=&#8221;388&#8243; img_size=&#8221;full&#8221; qode_css_animation=&#8221;&#8221;][vc_empty_space][\/vc_column][vc_column width=&#8221;1\/2&#8243;][vc_column_text]<\/p>\n<p style=\"text-align: left;\">Graduado em Medicina pela Universidade Federal de Goi\u00e1s (UFG) no ano de 2012. Em 2013 dei in\u00edcio ao programa de resid\u00eancia m\u00e9dica em Ortopedia e Traumatologia no Hospital Ortop\u00e9dico de Goi\u00e2nia \u2013 HOG, concluindo-o em 2016. Ainda 2016 ingressei no servi\u00e7o de Treinamento Avan\u00e7ado em Cirurgia da Coluna Vertebral pelo Centro de Reabilita\u00e7\u00e3o e Readapta\u00e7\u00e3o Dr. Henrique Santillo (CRER) e Hospital das Cl\u00ednicas de Goi\u00e1s (HC-UFG), tendo este se encerrado no in\u00edcio de 2018.<\/p>\n<p style=\"text-align: left;\">Tive a oportunidade, em 2017 e 2019, de acompanhar renomados neurocirurgi\u00f5es com atua\u00e7\u00e3o em cirurgia da coluna vertebral no Rush University Medical Center \u2013 Chicago, IL, Estados Unidos \u2013 entre eles o Dr Richard G. Fessler, pioneiro em cirurgia minimamente invasiva da coluna vertebral.<\/p>\n<p style=\"text-align: left;\">Nos anos de 2018, 2019 e in\u00edcio de 2020 tive a honra de integrar a equipe de Cirurgia de Coluna do Hospital de Acidentados (Goi\u00e2nia-GO), do CRER e HUGOL (Hospital de Urg\u00eancia Governador Ot\u00e1vio Lage). Nestes hospitais, integrei, tamb\u00e9m, o corpo cl\u00ednico de preceptores do Programa de Treinamento Avan\u00e7ado em Cirurgia da Coluna Vertebral, que tem sede no CRER.<\/p>\n<p style=\"text-align: left;\">\u2022 Em 2020 mudei para Bras\u00edlia para integrar o corpo cl\u00ednico da ORTHOS Cl\u00ednica Ortop\u00e9dica;<\/p>\n<p style=\"text-align: left;\">\u2022 M\u00e9dico pela Universidade Federal de Goi\u00e1s (UFG);<\/p>\n<p style=\"text-align: left;\">\u2022 Resid\u00eancia de Ortopedia e Traumatologia pelo Hospital ortop\u00e9dico de Goi\u00e2nia;<\/p>\n<p style=\"text-align: left;\">\u2022 Treinamento Avan\u00e7ada em Cirurgia da Coluna Vertebral pelo CRER (Centro de Reabilita\u00e7\u00e3o dr Henrique Santillo) e pelo Hospital das Cl\u00ednicas \u2013 HC\/UFG;<\/p>\n<p style=\"text-align: left;\">\u2022 Fellowship em cirurgia minimamente invasiva da coluna vertebral com Dr Richard Fessler (Rush \u2013 University Medical Center \u2013 Chicago USA).<\/p>\n<p style=\"text-align: left;\">\u2022 Membro titular da Sociedade Brasileira de Ortopedia e Traumatologia (SBOT).<\/p>\n<p style=\"text-align: left;\">\u2022 Membro titular da Sociedade Brasileira de Coluna (SBC).<\/p>\n<p style=\"text-align: left;\">\u2022 Membro da AO-Spine Foundation.<\/p>\n<p>[\/vc_column_text][\/vc_column][\/vc_row]<\/p>\n<\/div>","protected":false},"excerpt":{"rendered":"<p>[vc_row css_animation=&#8221;&#8221; row_type=&#8221;row&#8221; use_row_as_full_screen_section=&#8221;yes&#8221; type=&#8221;grid&#8221; angled_section=&#8221;no&#8221; text_align=&#8221;left&#8221; background_image_as_pattern=&#8221;without_pattern&#8221; css=&#8221;.vc_custom_1601420177081{padding-top: 60px !important;}&#8221; z_index=&#8221;&#8221;][vc_column][vc_column_text] Dr. Nilo Carrijo [\/vc_column_text][vc_column_text] Ortopedista Especialista em Coluna [\/vc_column_text][vc_separator type=&#8221;small&#8221; position=&#8221;center&#8221; color=&#8221;#d32810&#8243; thickness=&#8221;3&#8243; width=&#8221;20&#8243; up=&#8221;15&#8243; down=&#8221;20&#8243;][vc_column_text] CRM-DF 27.077 | CRM-GO: 16075 | RQE: 10832 [\/vc_column_text][\/vc_column][\/vc_row][vc_row css_animation=&#8221;&#8221; row_type=&#8221;row&#8221; use_row_as_full_screen_section=&#8221;yes&#8221; type=&#8221;grid&#8221; angled_section=&#8221;no&#8221; text_align=&#8221;left&#8221; background_image_as_pattern=&#8221;without_pattern&#8221; css=&#8221;.vc_custom_1601418613344{padding-top:&#8230;<\/p>\n","protected":false},"author":1,"featured_media":0,"parent":10,"menu_order":0,"comment_status":"closed","ping_status":"closed","template":"full_width.php","meta":{"footnotes":""},"class_list":["post-41","page","type-page","status-publish","hentry"],"aioseo_notices":[],"_links":{"self":[{"href":"https:\/\/orthosmed.com.br\/site\/wp-json\/wp\/v2\/pages\/41","targetHints":{"allow":["GET"]}}],"collection":[{"href":"https:\/\/orthosmed.com.br\/site\/wp-json\/wp\/v2\/pages"}],"about":[{"href":"https:\/\/orthosmed.com.br\/site\/wp-json\/wp\/v2\/types\/page"}],"author":[{"embeddable":true,"href":"https:\/\/orthosmed.com.br\/site\/wp-json\/wp\/v2\/users\/1"}],"replies":[{"embeddable":true,"href":"https:\/\/orthosmed.com.br\/site\/wp-json\/wp\/v2\/comments?post=41"}],"version-history":[{"count":4,"href":"https:\/\/orthosmed.com.br\/site\/wp-json\/wp\/v2\/pages\/41\/revisions"}],"predecessor-version":[{"id":398,"href":"https:\/\/orthosmed.com.br\/site\/wp-json\/wp\/v2\/pages\/41\/revisions\/398"}],"up":[{"embeddable":true,"href":"https:\/\/orthosmed.com.br\/site\/wp-json\/wp\/v2\/pages\/10"}],"wp:attachment":[{"href":"https:\/\/orthosmed.com.br\/site\/wp-json\/wp\/v2\/media?parent=41"}],"curies":[{"name":"wp","href":"https:\/\/api.w.org\/{rel}","templated":true}]}}