{"id":47,"date":"2020-09-24T02:05:11","date_gmt":"2020-09-24T05:05:11","guid":{"rendered":"https:\/\/orthosmed.com.br\/site\/?page_id=47"},"modified":"2020-11-24T01:57:03","modified_gmt":"2020-11-24T04:57:03","slug":"reumatologia","status":"publish","type":"page","link":"https:\/\/orthosmed.com.br\/site\/especialidades\/reumatologia\/","title":{"rendered":"Reumatologia"},"content":{"rendered":"<div class=\"wpb-content-wrapper\"><p>[vc_row css_animation=&#8221;&#8221; row_type=&#8221;row&#8221; use_row_as_full_screen_section=&#8221;yes&#8221; type=&#8221;grid&#8221; angled_section=&#8221;no&#8221; text_align=&#8221;left&#8221; background_image_as_pattern=&#8221;without_pattern&#8221; css=&#8221;.vc_custom_1606158944932{padding-top: 60px !important;padding-bottom: 60px !important;background-color: #ffffff !important;}&#8221; z_index=&#8221;&#8221;][vc_column width=&#8221;1\/2&#8243;][vc_column_text]<\/p>\n<p style=\"text-align: left;\">Reumatologia \u00e9 a especialidade m\u00e9dica respons\u00e1vel por tratar diversas doen\u00e7as do aparelho locomotor (ossos, articula\u00e7\u00f5es, ligamentos, tend\u00f5es e m\u00fasculos) diferenciando-se da ortopedia basicamente por se concentrar em doen\u00e7as que sejam causadas basicamente por inflama\u00e7\u00e3o dessas estruturas.<\/p>\n<p style=\"text-align: left;\">O processo inflamat\u00f3rio pode ser causado tanto pela rea\u00e7\u00e3o de anticorpos que atacam as articula\u00e7\u00f5es, ligamentos e tend\u00f5es e que s\u00e3o produzidos pelo organismo do pr\u00f3prio paciente. Exemplos dessas doen\u00e7as, chamadas auto-imunes, s\u00e3o: artrite reumat\u00f3ide, l\u00fapus eritematoso sist\u00eamico, espondilite anquilosante. Outras causas para o processo inflamat\u00f3rio podem ser a presen\u00e7a de subst\u00e2ncia como \u00e1cido \u00farico dentro de articula\u00e7\u00f5es (gota) e at\u00e9 mesmo o pr\u00f3prio envelhecimento articular (osteoartrose).<\/p>\n<p style=\"text-align: left;\">Esta especialidade tamb\u00e9m trata doen\u00e7as como osteoporose, em que ocorre uma diminui\u00e7\u00e3o da densidade \u00f3ssea, muitas vezes decorrente de altera\u00e7\u00f5es hormonais consequentes a menopausa, nas mulheres.<\/p>\n<p style=\"text-align: left;\">Os tratamento realizados pelo(a) m\u00e9dico(a) reumatologista \u00e9 eminentemente baseado no uso de medica\u00e7\u00f5es capazes de reverter os quadros citados acima como exemplos.<\/p>\n<p>[\/vc_column_text][\/vc_column][vc_column width=&#8221;1\/2&#8243;][vc_empty_space height=&#8221;25px&#8221;][vc_single_image image=&#8221;446&#8243; img_size=&#8221;full&#8221; alignment=&#8221;center&#8221; qode_css_animation=&#8221;&#8221;][\/vc_column][\/vc_row][vc_row css_animation=&#8221;&#8221; row_type=&#8221;row&#8221; use_row_as_full_screen_section=&#8221;yes&#8221; type=&#8221;grid&#8221; angled_section=&#8221;no&#8221; text_align=&#8221;left&#8221; background_image_as_pattern=&#8221;without_pattern&#8221; css=&#8221;.vc_custom_1606158787635{padding-top: 60px !important;}&#8221; z_index=&#8221;&#8221;][vc_column][vc_column_text]<\/p>\n<h2 style=\"text-align: center;\">Nossa Especialista<\/h2>\n<p>[\/vc_column_text][vc_separator type=&#8221;small&#8221; position=&#8221;center&#8221; color=&#8221;#d32810&#8243; thickness=&#8221;3&#8243; width=&#8221;20&#8243; up=&#8221;15&#8243; down=&#8221;20&#8243;][vc_empty_space][\/vc_column][\/vc_row][vc_row css_animation=&#8221;&#8221; row_type=&#8221;row&#8221; use_row_as_full_screen_section=&#8221;yes&#8221; type=&#8221;grid&#8221; angled_section=&#8221;no&#8221; text_align=&#8221;left&#8221; background_image_as_pattern=&#8221;without_pattern&#8221; css=&#8221;.vc_custom_1606158799544{padding-bottom: 60px !important;}&#8221; z_index=&#8221;&#8221;][vc_column width=&#8221;1\/2&#8243;][qode_elements_holder number_of_columns=&#8221;one_column&#8221;][qode_elements_holder_item vertical_alignment=&#8221;middle&#8221; horizontal_alignment=&#8221;center&#8221; advanced_animations=&#8221;no&#8221; background_color=&#8221;#ffffff&#8221; item_padding=&#8221;40px 40px 40px 40px&#8221;][vc_single_image image=&#8221;205&#8243; img_size=&#8221;full&#8221; alignment=&#8221;center&#8221; qode_css_animation=&#8221;&#8221;][vc_empty_space height=&#8221;20px&#8221;][vc_column_text]<\/p>\n<h3 style=\"text-align: center;\"><strong> Dra. Gabriela Profirio Jardim Santos<\/strong><\/h3>\n<p style=\"text-align: center;\">CRM-DF: 16881<\/p>\n<p>[\/vc_column_text][vc_empty_space height=&#8221;20px&#8221;]<a  itemprop=\"url\" href=\"https:\/\/orthosmed.com.br\/site\/equipe-medica\/dra-gabriela-profirio-jardim-santos\/\" target=\"_self\" data-hover-background-color=#5b5b5b data-hover-border-color=#5b5b5b data-hover-color=#ffffff class=\"qbutton  small center default\" style=\"color: #ffffff; border-color: #d32810; border-radius: 4px;-moz-border-radius: 4px;-webkit-border-radius: 4px; background-color: #d32810;\">Saiba Mais<\/a>[\/qode_elements_holder_item][\/qode_elements_holder][\/vc_column][vc_column width=&#8221;1\/2&#8243;][\/vc_column][\/vc_row][vc_row css_animation=&#8221;&#8221; row_type=&#8221;row&#8221; use_row_as_full_screen_section=&#8221;no&#8221; type=&#8221;full_width&#8221; angled_section=&#8221;no&#8221; text_align=&#8221;left&#8221; background_image_as_pattern=&#8221;without_pattern&#8221;][vc_column][\/vc_column][\/vc_row]<\/p>\n<\/div>","protected":false},"excerpt":{"rendered":"<p>[vc_row css_animation=&#8221;&#8221; row_type=&#8221;row&#8221; use_row_as_full_screen_section=&#8221;yes&#8221; type=&#8221;grid&#8221; angled_section=&#8221;no&#8221; text_align=&#8221;left&#8221; background_image_as_pattern=&#8221;without_pattern&#8221; css=&#8221;.vc_custom_1606158944932{padding-top: 60px !important;padding-bottom: 60px !important;background-color: #ffffff !important;}&#8221; z_index=&#8221;&#8221;][vc_column width=&#8221;1\/2&#8243;][vc_column_text] Reumatologia \u00e9 a especialidade m\u00e9dica respons\u00e1vel por tratar diversas doen\u00e7as do aparelho locomotor (ossos, articula\u00e7\u00f5es, ligamentos, tend\u00f5es e m\u00fasculos) diferenciando-se da ortopedia basicamente por se concentrar em doen\u00e7as&#8230;<\/p>\n","protected":false},"author":1,"featured_media":0,"parent":12,"menu_order":0,"comment_status":"closed","ping_status":"closed","template":"full_width.php","meta":{"footnotes":""},"class_list":["post-47","page","type-page","status-publish","hentry"],"aioseo_notices":[],"_links":{"self":[{"href":"https:\/\/orthosmed.com.br\/site\/wp-json\/wp\/v2\/pages\/47","targetHints":{"allow":["GET"]}}],"collection":[{"href":"https:\/\/orthosmed.com.br\/site\/wp-json\/wp\/v2\/pages"}],"about":[{"href":"https:\/\/orthosmed.com.br\/site\/wp-json\/wp\/v2\/types\/page"}],"author":[{"embeddable":true,"href":"https:\/\/orthosmed.com.br\/site\/wp-json\/wp\/v2\/users\/1"}],"replies":[{"embeddable":true,"href":"https:\/\/orthosmed.com.br\/site\/wp-json\/wp\/v2\/comments?post=47"}],"version-history":[{"count":6,"href":"https:\/\/orthosmed.com.br\/site\/wp-json\/wp\/v2\/pages\/47\/revisions"}],"predecessor-version":[{"id":514,"href":"https:\/\/orthosmed.com.br\/site\/wp-json\/wp\/v2\/pages\/47\/revisions\/514"}],"up":[{"embeddable":true,"href":"https:\/\/orthosmed.com.br\/site\/wp-json\/wp\/v2\/pages\/12"}],"wp:attachment":[{"href":"https:\/\/orthosmed.com.br\/site\/wp-json\/wp\/v2\/media?parent=47"}],"curies":[{"name":"wp","href":"https:\/\/api.w.org\/{rel}","templated":true}]}}