{"id":545,"date":"2021-02-18T21:15:33","date_gmt":"2021-02-19T00:15:33","guid":{"rendered":"https:\/\/orthosmed.com.br\/site\/?page_id=545"},"modified":"2021-03-01T08:30:25","modified_gmt":"2021-03-01T11:30:25","slug":"telemedicina","status":"publish","type":"page","link":"https:\/\/orthosmed.com.br\/site\/telemedicina\/","title":{"rendered":"Telemedicina"},"content":{"rendered":"<div class=\"wpb-content-wrapper\"><p>[vc_row css_animation=&#8221;&#8221; row_type=&#8221;row&#8221; use_row_as_full_screen_section=&#8221;yes&#8221; type=&#8221;grid&#8221; angled_section=&#8221;no&#8221; text_align=&#8221;left&#8221; background_image_as_pattern=&#8221;without_pattern&#8221; z_index=&#8221;&#8221; css=&#8221;.vc_custom_1613695656816{padding-top: 60px !important;}&#8221;][vc_column width=&#8221;1\/2&#8243;][vc_single_image image=&#8221;555&#8243; img_size=&#8221;full&#8221; qode_css_animation=&#8221;&#8221;][\/vc_column][vc_column width=&#8221;1\/2&#8243;][\/vc_column][\/vc_row][vc_row css_animation=&#8221;&#8221; row_type=&#8221;row&#8221; use_row_as_full_screen_section=&#8221;no&#8221; type=&#8221;full_width&#8221; angled_section=&#8221;no&#8221; text_align=&#8221;left&#8221; background_image_as_pattern=&#8221;without_pattern&#8221;][vc_column]\n\t\t\t<!-- START Slider 2 REVOLUTION SLIDER 6.7.18 --><p class=\"rs-p-wp-fix\"><\/p>\n\t\t\t<rs-module-wrap id=\"rev_slider_5_1_wrapper\" data-source=\"gallery\" style=\"visibility:hidden;background:transparent;padding:0;margin:0px auto;margin-top:0;margin-bottom:0;\">\n\t\t\t\t<rs-module id=\"rev_slider_5_1\" style=\"\" data-version=\"6.7.18\">\n\t\t\t\t\t<rs-slides style=\"overflow: hidden; position: absolute;\">\n\t\t\t\t\t\t<rs-slide style=\"position: absolute;\" data-key=\"rs-12\" data-title=\"Slide\" data-anim=\"ms:1000;r:0;\" data-in=\"o:0;\" data-out=\"a:false;\">\n\t\t\t\t\t\t\t<img decoding=\"async\" src=\"\/\/orthosmed.com.br\/site\/wp-content\/plugins\/revslider\/sr6\/assets\/assets\/dummy.png\" alt=\"\" title=\"telemedicina-ortopedia-brasilia-orthos-1\" width=\"6265\" height=\"2735\" class=\"rev-slidebg tp-rs-img rs-lazyload\" data-lazyload=\"\/\/orthosmed.com.br\/site\/wp-content\/uploads\/2021\/02\/telemedicina-ortopedia-brasilia-orthos-1.png\" data-no-retina>\n<!--\n\t\t\t\t\t\t\t--><rs-layer\n\t\t\t\t\t\t\t\tid=\"slider-5-slide-12-layer-0\" \n\t\t\t\t\t\t\t\tdata-type=\"text\"\n\t\t\t\t\t\t\t\tdata-xy=\"x:l,l,l,c;xo:90px,90px,90px,0;yo:199px,199px,199px,177px;\"\n\t\t\t\t\t\t\t\tdata-text=\"w:normal;s:34,34,34,21;l:36,36,36,23;fw:800;a:left,left,left,center;\"\n\t\t\t\t\t\t\t\tdata-rsp_o=\"off\"\n\t\t\t\t\t\t\t\tdata-rsp_bd=\"off\"\n\t\t\t\t\t\t\t\tdata-frame_999=\"o:0;st:w;\"\n\t\t\t\t\t\t\t\tstyle=\"z-index:5;font-family:'Raleway';\"\n\t\t\t\t\t\t\t>CONSULTE-SE COM UM<br \/>\nORTOPEDISTA OU <br \/>\nREUMATOLOGISTA <br \/>\nDIRETO DE CASA. \n\t\t\t\t\t\t\t<\/rs-layer><!--\n\n\t\t\t\t\t\t\t--><rs-layer\n\t\t\t\t\t\t\t\tid=\"slider-5-slide-12-layer-1\" \n\t\t\t\t\t\t\t\tdata-type=\"text\"\n\t\t\t\t\t\t\t\tdata-xy=\"x:l,l,l,c;xo:90px,90px,90px,0;yo:371px,371px,371px,285px;\"\n\t\t\t\t\t\t\t\tdata-text=\"w:normal;s:25,25,25,15;l:27,27,27,17;fw:700;a:left,left,left,center;\"\n\t\t\t\t\t\t\t\tdata-rsp_o=\"off\"\n\t\t\t\t\t\t\t\tdata-rsp_bd=\"off\"\n\t\t\t\t\t\t\t\tdata-frame_999=\"o:0;st:w;\"\n\t\t\t\t\t\t\t\tstyle=\"z-index:6;font-family:'Raleway';\"\n\t\t\t\t\t\t\t>AGENDE UMA CONSULTA<br \/>\nDE TELEMEDICINA.  \n\t\t\t\t\t\t\t<\/rs-layer><!--\n\n\t\t\t\t\t\t\t--><rs-layer\n\t\t\t\t\t\t\t\tid=\"slider-5-slide-12-layer-2\" \n\t\t\t\t\t\t\t\tdata-type=\"image\"\n\t\t\t\t\t\t\t\tdata-xy=\"x:l,l,l,c;xo:758px,758px,758px,18px;yo:101px,101px,101px,328px;\"\n\t\t\t\t\t\t\t\tdata-text=\"w:normal;\"\n\t\t\t\t\t\t\t\tdata-dim=\"w:402px,402px,402px,180px;h:375px,375px,375px,168px;\"\n\t\t\t\t\t\t\t\tdata-rsp_o=\"off\"\n\t\t\t\t\t\t\t\tdata-rsp_bd=\"off\"\n\t\t\t\t\t\t\t\tdata-frame_999=\"o:0;st:w;\"\n\t\t\t\t\t\t\t\tstyle=\"z-index:7;\"\n\t\t\t\t\t\t\t><img decoding=\"async\" src=\"\/\/orthosmed.com.br\/site\/wp-content\/plugins\/revslider\/sr6\/assets\/assets\/dummy.png\" alt=\"\" class=\"tp-rs-img rs-lazyload\" width=\"2345\" height=\"2185\" data-lazyload=\"\/\/orthosmed.com.br\/site\/wp-content\/uploads\/2021\/02\/telemedicina-ortopedia-brasilia-orthos-2.png\" data-no-retina> \n\t\t\t\t\t\t\t<\/rs-layer><!--\n-->\t\t\t\t\t<\/rs-slide>\n\t\t\t\t\t<\/rs-slides>\n\t\t\t\t<\/rs-module>\n\t\t\t\t<script>\n\t\t\t\t\tsetREVStartSize({c: 'rev_slider_5_1',rl:[1240,1024,778,480],el:[600,768,960,720],gw:[1240,1024,778,480],gh:[600,500,960,720],type:'hero',justify:'',layout:'fullwidth',mh:\"0\"});if (window.RS_MODULES!==undefined && window.RS_MODULES.modules!==undefined && window.RS_MODULES.modules[\"revslider51\"]!==undefined) {window.RS_MODULES.modules[\"revslider51\"].once = false;window.revapi5 = undefined;if (window.RS_MODULES.checkMinimal!==undefined) window.RS_MODULES.checkMinimal()}\n\t\t\t\t<\/script>\n\t\t\t<\/rs-module-wrap>\n\t\t\t<!-- END REVOLUTION SLIDER -->\n[\/vc_column][\/vc_row][vc_row css_animation=&#8221;&#8221; row_type=&#8221;row&#8221; use_row_as_full_screen_section=&#8221;yes&#8221; type=&#8221;grid&#8221; angled_section=&#8221;no&#8221; text_align=&#8221;left&#8221; background_image_as_pattern=&#8221;without_pattern&#8221; css=&#8221;.vc_custom_1613699681389{padding-top: 60px !important;padding-bottom: 60px !important;background-color: #ffffff !important;}&#8221; z_index=&#8221;&#8221;][vc_column][vc_column_text]<\/p>\n<h3 style=\"text-align: center; font-size: 30px;\"><strong><span style=\"color: #db0030;\">UM NOVO MODO DE CUIDAR DE VOCE\u0302<\/span><\/strong><\/h3>\n<p>[\/vc_column_text][vc_row_inner row_type=&#8221;row&#8221; type=&#8221;full_width&#8221; text_align=&#8221;left&#8221; css_animation=&#8221;&#8221; css=&#8221;.vc_custom_1613700896833{padding-top: 60px !important;}&#8221;][vc_column_inner width=&#8221;1\/2&#8243;][vc_single_image image=&#8221;548&#8243; img_size=&#8221;400&#215;370&#8243; alignment=&#8221;center&#8221; qode_css_animation=&#8221;&#8221;][\/vc_column_inner][vc_column_inner width=&#8221;1\/2&#8243;][vc_empty_space height=&#8221;30px&#8221;][vc_column_text]<\/p>\n<h3 style=\"text-align: center;\"><span style=\"color: #4e4f51;\"><strong>O QUE \u00c9 A TELEMEDICINA?<\/strong><\/span><\/h3>\n<p>[\/vc_column_text][vc_empty_space height=&#8221;30px&#8221;][vc_column_text]<\/p>\n<h3 style=\"text-align: center;\"><span style=\"color: #4e4f51;\">CONSULTA VIRTUAL ONDE O PACIENTE OBT\u00c9M ATENDIMENTO DIRETO COM UM ESPECIALISTA ORTHOS,POR MEIO DE V\u00cdDEO.<\/span><\/h3>\n<p>[\/vc_column_text][vc_empty_space height=&#8221;20px&#8221;][vc_column_text]<\/p>\n<h3 style=\"text-align: center;\"><span style=\"color: #4e4f51;\">O PACIENTE TEM O AUX\u00cdLIO M\u00c9DICO, COM ACESSO A RECEITU\u00c1RIOS E PEDIDOS DE EXAMES, POR\u00c9M DE UMA FORMA REMOTA.<\/span><\/h3>\n<p>[\/vc_column_text][vc_empty_space height=&#8221;30px&#8221;][qode_elements_holder number_of_columns=&#8221;one_column&#8221;][qode_elements_holder_item vertical_alignment=&#8221;middle&#8221; horizontal_alignment=&#8221;center&#8221; advanced_animations=&#8221;no&#8221;]<a  itemprop=\"url\" href=\"http:\/\/bit.ly\/whatsapp-orthosmed\" target=\"_self\" data-hover-background-color=#5b5b5b data-hover-border-color=#5b5b5b data-hover-color=#ffffff class=\"qbutton  large center default\" style=\"color: #ffd73a; border-color: #d32810; font-weight: 800; font-size: 20px; border-radius: 4px;-moz-border-radius: 4px;-webkit-border-radius: 4px; background-color: #d32810;\">FALE CONOSCO<\/a>[\/qode_elements_holder_item][\/qode_elements_holder][\/vc_column_inner][\/vc_row_inner][\/vc_column][\/vc_row][vc_row css_animation=&#8221;&#8221; row_type=&#8221;row&#8221; use_row_as_full_screen_section=&#8221;yes&#8221; type=&#8221;grid&#8221; angled_section=&#8221;no&#8221; text_align=&#8221;left&#8221; background_image_as_pattern=&#8221;without_pattern&#8221; css=&#8221;.vc_custom_1613705607499{padding-top: 60px !important;padding-bottom: 60px !important;background-color: #db0030 !important;}&#8221; z_index=&#8221;&#8221;][vc_column][vc_column_text]<\/p>\n<h3 style=\"text-align: center; font-size: 30px;\"><strong><span style=\"color: #ffffff;\">COMO FUNCIONA?<\/span><\/strong><\/h3>\n<p>[\/vc_column_text][vc_row_inner row_type=&#8221;row&#8221; type=&#8221;full_width&#8221; text_align=&#8221;left&#8221; css_animation=&#8221;&#8221; css=&#8221;.vc_custom_1613700896833{padding-top: 60px !important;}&#8221;][vc_column_inner width=&#8221;1\/4&#8243;][qode_elements_holder background_color=&#8221;#edede9&#8243; number_of_columns=&#8221;one_column&#8221;][qode_elements_holder_item vertical_alignment=&#8221;top&#8221; horizontal_alignment=&#8221;center&#8221; advanced_animations=&#8221;no&#8221; item_padding=&#8221;40px 20px 40px 20px&#8221;][vc_single_image image=&#8221;579&#8243; img_size=&#8221;90&#215;90&#8243; alignment=&#8221;center&#8221; qode_css_animation=&#8221;&#8221;][vc_empty_space height=&#8221;20px&#8221;][vc_column_text]<\/p>\n<h3 style=\"text-align: center;\"><span style=\"color: #404040; font-size: 18px;\">SOLCITE O AGENDAMENTO POR TELEFONE OU POR WHATSAPP<\/span><\/h3>\n<p>[\/vc_column_text][\/qode_elements_holder_item][\/qode_elements_holder][vc_empty_space height=&#8221;20px&#8221;][\/vc_column_inner][vc_column_inner width=&#8221;1\/4&#8243;][qode_elements_holder background_color=&#8221;#edede9&#8243; number_of_columns=&#8221;one_column&#8221;][qode_elements_holder_item vertical_alignment=&#8221;top&#8221; horizontal_alignment=&#8221;center&#8221; advanced_animations=&#8221;no&#8221; item_padding=&#8221;40px 40px 40px 40px&#8221;][vc_single_image image=&#8221;580&#8243; img_size=&#8221;90&#215;90&#8243; alignment=&#8221;center&#8221; qode_css_animation=&#8221;&#8221;][vc_empty_space height=&#8221;20px&#8221;][vc_column_text]<\/p>\n<h3 style=\"text-align: center;\"><span style=\"color: #404040; font-size: 18px;\">VERIFIQUE DIA E HOR\u00c1RIO COM NOSSA EQUIPE DE ATENDIMENTO<\/span><\/h3>\n<p>[\/vc_column_text][\/qode_elements_holder_item][\/qode_elements_holder][vc_empty_space height=&#8221;20px&#8221;][\/vc_column_inner][vc_column_inner width=&#8221;1\/4&#8243;][qode_elements_holder background_color=&#8221;#edede9&#8243; number_of_columns=&#8221;one_column&#8221;][qode_elements_holder_item vertical_alignment=&#8221;top&#8221; horizontal_alignment=&#8221;center&#8221; advanced_animations=&#8221;no&#8221; item_padding=&#8221;40px 20px 40px 20px&#8221;][vc_single_image image=&#8221;577&#8243; img_size=&#8221;90&#215;90&#8243; alignment=&#8221;center&#8221; qode_css_animation=&#8221;&#8221;][vc_empty_space height=&#8221;20px&#8221;][vc_column_text]<\/p>\n<h3 style=\"text-align: center;\"><span style=\"color: #404040; font-size: 18px;\">SUA CONSULTA SER\u00c1 CONFIRMADA AP\u00d3S O PAGAMENTO DA CONSULTA<\/span><\/h3>\n<p>[\/vc_column_text][\/qode_elements_holder_item][\/qode_elements_holder][vc_empty_space height=&#8221;20px&#8221;][\/vc_column_inner][vc_column_inner width=&#8221;1\/4&#8243;][qode_elements_holder background_color=&#8221;#edede9&#8243; number_of_columns=&#8221;one_column&#8221;][qode_elements_holder_item vertical_alignment=&#8221;top&#8221; horizontal_alignment=&#8221;center&#8221; advanced_animations=&#8221;no&#8221; item_padding=&#8221;40px 20px 40px 20px&#8221;][vc_single_image image=&#8221;578&#8243; img_size=&#8221;90&#215;90&#8243; alignment=&#8221;center&#8221; qode_css_animation=&#8221;&#8221;][vc_empty_space height=&#8221;20px&#8221;][vc_column_text]<\/p>\n<h3 style=\"text-align: center;\"><span style=\"color: #404040; font-size: 18px;\">NO DIA DA CONSULTA VOC\u00ca RECEBER\u00c1 UMA MENSAGEM COM UM LEMBRETE<\/span><\/h3>\n<p>[\/vc_column_text][\/qode_elements_holder_item][\/qode_elements_holder][vc_empty_space height=&#8221;20px&#8221;][\/vc_column_inner][\/vc_row_inner][vc_empty_space height=&#8221;40px&#8221;][qode_elements_holder number_of_columns=&#8221;one_column&#8221;][qode_elements_holder_item vertical_alignment=&#8221;middle&#8221; horizontal_alignment=&#8221;center&#8221; advanced_animations=&#8221;no&#8221;]<a  itemprop=\"url\" href=\"http:\/\/bit.ly\/whatsapp-orthosmed\" target=\"_self\" data-hover-background-color=#5b5b5b data-hover-border-color=#5b5b5b data-hover-color=#ffffff class=\"qbutton  big_large center default\" style=\"color: #d32810; border-color: #ffd73a; font-weight: 800; font-size: 20px; border-radius: 4px;-moz-border-radius: 4px;-webkit-border-radius: 4px; background-color: #ffd73a;\">QUERO AGENDAR AGORA<\/a>[\/qode_elements_holder_item][\/qode_elements_holder][\/vc_column][\/vc_row][vc_row css_animation=&#8221;&#8221; row_type=&#8221;row&#8221; use_row_as_full_screen_section=&#8221;yes&#8221; type=&#8221;full_width&#8221; angled_section=&#8221;no&#8221; text_align=&#8221;left&#8221; background_image_as_pattern=&#8221;without_pattern&#8221; z_index=&#8221;&#8221; css=&#8221;.vc_custom_1613712006274{background-color: #ffffff !important;}&#8221;][vc_column width=&#8221;1\/2&#8243;][vc_column_text css=&#8221;.vc_custom_1613713061401{padding-top: 100px !important;padding-right: 60px !important;padding-left: 60px !important;}&#8221;]<\/p>\n<h3 style=\"text-align: left;\"><strong><span style=\"color: #4e4f51; font-size: 30px;\">ORIENTA\u00c7\u00c3O PARA A CONSULTA<\/span><\/strong><\/h3>\n<p>[\/vc_column_text][vc_empty_space height=&#8221;20px&#8221;][vc_column_text css=&#8221;.vc_custom_1613713169766{padding-right: 60px !important;padding-left: 60px !important;}&#8221;]<\/p>\n<h3 style=\"text-align: left;\"><span style=\"color: #4e4f51; font-size: 20px;\">PARA QUE VOC\u00ca APROVEITE A TELEMEDICINA ORTHOS DA MELHOR FORMA POSS\u00cdVEL,<br \/>\nSIGA AS SEGUINTES ORIENTA\u00c7\u00d5ES: <\/span><\/h3>\n<p>[\/vc_column_text][vc_empty_space height=&#8221;20px&#8221;][vc_column_text css=&#8221;.vc_custom_1613753982660{padding-right: 60px !important;padding-left: 60px !important;}&#8221;]<\/p>\n<h3 style=\"text-align: left;\"><span style=\"color: #4e4f51; font-size: 20px;\"><br \/>\n&#8211; Escolha um ambiente livre de barulhos e outras distra\u00e7\u00f5es;<br \/>\n&#8211; Tenha um bom sinal de internet;<br \/>\n&#8211; Celular : carregue a bateria;<br \/>\n&#8211; Computador: teste a webcam e o microfone antes de iniciar a consulta.<br \/>\n<\/span><\/h3>\n<p>[\/vc_column_text][\/vc_column][vc_column width=&#8221;1\/2&#8243;][vc_single_image image=&#8221;547&#8243; img_size=&#8221;full&#8221; qode_css_animation=&#8221;&#8221; css=&#8221;.vc_custom_1613753741968{padding-top: 100px !important;padding-right: 100px !important;padding-bottom: 100px !important;padding-left: 100px !important;}&#8221;][\/vc_column][\/vc_row][vc_row css_animation=&#8221;&#8221; row_type=&#8221;row&#8221; use_row_as_full_screen_section=&#8221;yes&#8221; type=&#8221;grid&#8221; angled_section=&#8221;no&#8221; text_align=&#8221;left&#8221; background_image_as_pattern=&#8221;without_pattern&#8221; css=&#8221;.vc_custom_1613718562356{padding-top: 40px !important;padding-bottom: 40px !important;background-color: #db0030 !important;}&#8221; z_index=&#8221;&#8221;][vc_column][vc_column_text]<\/p>\n<h3 style=\"text-align: center; font-size: 30px;\"><strong><span style=\"color: #ffffff;\">OBSERVA\u00c7\u00d5ES IMPORTANTES<\/span><\/strong><\/h3>\n<p>[\/vc_column_text][\/vc_column][\/vc_row][vc_row css_animation=&#8221;&#8221; row_type=&#8221;row&#8221; use_row_as_full_screen_section=&#8221;no&#8221; type=&#8221;full_width&#8221; angled_section=&#8221;no&#8221; text_align=&#8221;left&#8221; background_image_as_pattern=&#8221;without_pattern&#8221;][vc_column width=&#8221;1\/3&#8243;][qode_elements_holder number_of_columns=&#8221;one_column&#8221;][qode_elements_holder_item vertical_alignment=&#8221;middle&#8221; horizontal_alignment=&#8221;center&#8221; advanced_animations=&#8221;no&#8221; background_color=&#8221;#eaeaea&#8221; item_padding=&#8221;40px 20px 40px 20px&#8221;][vc_column_text]<\/p>\n<h3 style=\"text-align: center; color: #4e4f51;\">NO DIA DA CONSULTA<\/h3>\n<p>[\/vc_column_text][vc_empty_space height=&#8221;20px&#8221;][vc_column_text]<\/p>\n<p style=\"text-align: center; color: #4e4f51;\">Caso, no hor\u00e1rio marcado da sua consulta, voc\u00ea n\u00e3o receba o link para iniciar a v\u00eddeo-chamada, n\u00e3o se preocupe! Isso pode ocorrer caso o seu m\u00e9dico ainda esteja em outra atendimento.<\/p>\n<p style=\"text-align: center; color: #4e4f51;\">Assim que ele estiver dispon\u00edvel, voc\u00ea ser\u00e1 avisado e receber\u00e1 o link por mensagem de sms, em seu telefone, e no e-mail fornecido no momento de seu cadastro na cl\u00ednica.<\/p>\n<p>[\/vc_column_text][\/qode_elements_holder_item][\/qode_elements_holder][vc_empty_space height=&#8221;20px&#8221;][\/vc_column][vc_column width=&#8221;1\/3&#8243;][qode_elements_holder number_of_columns=&#8221;one_column&#8221;][qode_elements_holder_item vertical_alignment=&#8221;middle&#8221; horizontal_alignment=&#8221;center&#8221; advanced_animations=&#8221;no&#8221; background_color=&#8221;#eaeaea&#8221; item_padding=&#8221;40px 20px 40px 20px&#8221;][vc_column_text]<\/p>\n<h3 style=\"text-align: center; color: #4e4f51;\">AP\u00d3S A CONSULTA<\/h3>\n<p>[\/vc_column_text][vc_empty_space height=&#8221;20px&#8221;][vc_column_text]<\/p>\n<p style=\"text-align: center; color: #4e4f51;\">Ser\u00e1 enviado em seu e-mail ou WhatsApp a nota fiscal referente ao pagamento da consulta.<\/p>\n<p style=\"text-align: center; color: #4e4f51;\">&#8211; Verifique a caixa de spam e lixeira, caso n\u00e3o visualize o email enviado.<br \/>\n&#8211; Adicione em sua agenda de contatos de email o nosso endere\u00e7o: <a href=\"mailto:atendimento@orthosmed.com.br\">atendimento@orthosmed.com.br<\/a><\/p>\n<p>[\/vc_column_text][vc_empty_space height=&#8221;78px&#8221;][\/qode_elements_holder_item][\/qode_elements_holder][vc_empty_space height=&#8221;20px&#8221;][\/vc_column][vc_column width=&#8221;1\/3&#8243;][qode_elements_holder number_of_columns=&#8221;one_column&#8221;][qode_elements_holder_item vertical_alignment=&#8221;middle&#8221; horizontal_alignment=&#8221;center&#8221; advanced_animations=&#8221;no&#8221; background_color=&#8221;#eaeaea&#8221; item_padding=&#8221;40px 20px 40px 20px&#8221;][vc_column_text]<\/p>\n<h3 style=\"text-align: center; color: #4e4f51;\">RETORNO DA CONSULTA<\/h3>\n<p>[\/vc_column_text][vc_empty_space height=&#8221;20px&#8221;][vc_column_text]<\/p>\n<p style=\"color: #4e4f51; text-align: center;\">Caso seja sua primeira consulta com nosso especialista, o RETORNO PRESENCIAL \u00c9 OBRIGAT\u00d3RIO.<\/p>\n<p style=\"color: #4e4f51; text-align: center;\">Caso j\u00e1 seja paciente do m\u00e9dico, o retorno presencial poder\u00e1 ser feito por telemedicina.<\/p>\n<p>[\/vc_column_text][vc_empty_space height=&#8221;128px&#8221;][\/qode_elements_holder_item][\/qode_elements_holder][vc_empty_space height=&#8221;20px&#8221;][\/vc_column][\/vc_row][vc_row css_animation=&#8221;&#8221; row_type=&#8221;row&#8221; use_row_as_full_screen_section=&#8221;yes&#8221; type=&#8221;full_width&#8221; angled_section=&#8221;no&#8221; text_align=&#8221;left&#8221; background_image_as_pattern=&#8221;without_pattern&#8221; css=&#8221;.vc_custom_1613759245617{padding-top: 40px !important;padding-bottom: 40px !important;background-color: #eaeaea !important;}&#8221; z_index=&#8221;&#8221;][vc_column][qode_elements_holder number_of_columns=&#8221;one_column&#8221;][qode_elements_holder_item vertical_alignment=&#8221;middle&#8221; horizontal_alignment=&#8221;center&#8221; advanced_animations=&#8221;no&#8221;]<a  itemprop=\"url\" href=\"http:\/\/bit.ly\/whatsapp-orthosmed\" target=\"_self\" data-hover-background-color=#5b5b5b data-hover-border-color=#5b5b5b data-hover-color=#ffffff class=\"qbutton  big_large center default\" style=\"color: #ffd73a; border-color: #d32810; font-weight: 800; font-size: 20px; border-radius: 4px;-moz-border-radius: 4px;-webkit-border-radius: 4px; background-color: #d32810;\">QUERO AGENDAR<\/a>[\/qode_elements_holder_item][\/qode_elements_holder][\/vc_column][\/vc_row][vc_row css_animation=&#8221;&#8221; row_type=&#8221;row&#8221; use_row_as_full_screen_section=&#8221;yes&#8221; type=&#8221;grid&#8221; angled_section=&#8221;no&#8221; text_align=&#8221;left&#8221; background_image_as_pattern=&#8221;without_pattern&#8221; css=&#8221;.vc_custom_1613757354580{padding-top: 60px !important;padding-bottom: 60px !important;background-color: #202529 !important;}&#8221; z_index=&#8221;&#8221;][vc_column width=&#8221;1\/3&#8243;][vc_single_image image=&#8221;78&#8243; img_size=&#8221;full&#8221; qode_css_animation=&#8221;&#8221;][\/vc_column][vc_column width=&#8221;1\/3&#8243;][vc_widget_sidebar sidebar_id=&#8221;footer_column_2&#8243;][\/vc_column][vc_column width=&#8221;1\/3&#8243;][vc_widget_sidebar sidebar_id=&#8221;footer_column_3&#8243;][\/vc_column][\/vc_row]<\/p>\n<\/div>","protected":false},"excerpt":{"rendered":"<p>[vc_row css_animation=&#8221;&#8221; row_type=&#8221;row&#8221; use_row_as_full_screen_section=&#8221;yes&#8221; type=&#8221;grid&#8221; angled_section=&#8221;no&#8221; text_align=&#8221;left&#8221; background_image_as_pattern=&#8221;without_pattern&#8221; z_index=&#8221;&#8221; css=&#8221;.vc_custom_1613695656816{padding-top: 60px !important;}&#8221;][vc_column width=&#8221;1\/2&#8243;][vc_single_image image=&#8221;555&#8243; img_size=&#8221;full&#8221; qode_css_animation=&#8221;&#8221;][\/vc_column][vc_column width=&#8221;1\/2&#8243;][\/vc_column][\/vc_row][vc_row css_animation=&#8221;&#8221; row_type=&#8221;row&#8221; use_row_as_full_screen_section=&#8221;no&#8221; type=&#8221;full_width&#8221; angled_section=&#8221;no&#8221; text_align=&#8221;left&#8221; background_image_as_pattern=&#8221;without_pattern&#8221;][vc_column][\/vc_column][\/vc_row][vc_row css_animation=&#8221;&#8221; row_type=&#8221;row&#8221; use_row_as_full_screen_section=&#8221;yes&#8221; type=&#8221;grid&#8221; angled_section=&#8221;no&#8221; text_align=&#8221;left&#8221; background_image_as_pattern=&#8221;without_pattern&#8221; css=&#8221;.vc_custom_1613699681389{padding-top: 60px !important;padding-bottom: 60px !important;background-color: #ffffff !important;}&#8221; z_index=&#8221;&#8221;][vc_column][vc_column_text] UM NOVO MODO DE CUIDAR DE&#8230;<\/p>\n","protected":false},"author":1,"featured_media":0,"parent":0,"menu_order":0,"comment_status":"closed","ping_status":"closed","template":"landing_page.php","meta":{"footnotes":""},"class_list":["post-545","page","type-page","status-publish","hentry"],"aioseo_notices":[],"_links":{"self":[{"href":"https:\/\/orthosmed.com.br\/site\/wp-json\/wp\/v2\/pages\/545","targetHints":{"allow":["GET"]}}],"collection":[{"href":"https:\/\/orthosmed.com.br\/site\/wp-json\/wp\/v2\/pages"}],"about":[{"href":"https:\/\/orthosmed.com.br\/site\/wp-json\/wp\/v2\/types\/page"}],"author":[{"embeddable":true,"href":"https:\/\/orthosmed.com.br\/site\/wp-json\/wp\/v2\/users\/1"}],"replies":[{"embeddable":true,"href":"https:\/\/orthosmed.com.br\/site\/wp-json\/wp\/v2\/comments?post=545"}],"version-history":[{"count":74,"href":"https:\/\/orthosmed.com.br\/site\/wp-json\/wp\/v2\/pages\/545\/revisions"}],"predecessor-version":[{"id":663,"href":"https:\/\/orthosmed.com.br\/site\/wp-json\/wp\/v2\/pages\/545\/revisions\/663"}],"wp:attachment":[{"href":"https:\/\/orthosmed.com.br\/site\/wp-json\/wp\/v2\/media?parent=545"}],"curies":[{"name":"wp","href":"https:\/\/api.w.org\/{rel}","templated":true}]}}