{"id":69,"date":"2020-09-24T02:15:31","date_gmt":"2020-09-24T05:15:31","guid":{"rendered":"https:\/\/orthosmed.com.br\/site\/?page_id=69"},"modified":"2020-11-10T23:16:48","modified_gmt":"2020-11-11T02:16:48","slug":"procedimentos","status":"publish","type":"page","link":"https:\/\/orthosmed.com.br\/site\/procedimentos\/","title":{"rendered":"Procedimentos"},"content":{"rendered":"<div class=\"wpb-content-wrapper\"><p>[vc_row css_animation=&#8221;&#8221; row_type=&#8221;row&#8221; use_row_as_full_screen_section=&#8221;yes&#8221; type=&#8221;grid&#8221; angled_section=&#8221;no&#8221; text_align=&#8221;left&#8221; background_image_as_pattern=&#8221;without_pattern&#8221; css=&#8221;.vc_custom_1605057244166{padding-top: 60px !important;padding-bottom: 60px !important;background-color: #ffffff !important;}&#8221; z_index=&#8221;&#8221;][vc_column][vc_column_text]<\/p>\n<h3><strong>Infiltra\u00e7\u00f5es<\/strong><\/h3>\n<p>A infiltra\u00e7\u00e3o \u00e9 um procedimento em que, com o aux\u00edlio de uma agulha, medicamentos como corticoides e anest\u00e9sicos s\u00e3o aplicados diretamente nas articula\u00e7\u00f5es, m\u00fasculos, tend\u00f5es e nervos alvos da dor ou em \u00e1reas pr\u00f3ximas a essas estruturas.<\/p>\n<p>Essa vertente de tratamento \u00e9 extremamente eficaz, uma vez que o os corticoides possuem a\u00e7\u00e3o anti-inflamat\u00f3ria, depositando-se nas estruturas adjacentes e sendo liberado gradativamente e desempenhando sua fun\u00e7\u00e3o de modo duradouro. J\u00e1 o anest\u00e9sico local contribui de maneira mais imediata, bloqueando a dor de maneira r\u00e1pida. Esta combina\u00e7\u00e3o faz com que as infiltra\u00e7\u00f5es muitas vezes sejam desejadas, durante o tratamento de alguma doen\u00e7a ortop\u00e9dica, por trazerem al\u00edvio r\u00e1pido e duradouro aos sintomas.<\/p>\n<p>\u00c9 importante lembrar que as infiltra\u00e7\u00f5es n\u00e3o s\u00e3o solu\u00e7\u00f5es definitivas para nenhuma patologia ortop\u00e9dica, sendo a sua fun\u00e7\u00e3o permitir que o paciente, livre da dor, seja capaz de retomar suas atividades sociais e atividades f\u00edsicas de fortalecimento peri-articular para prevenir o retorno dos sintomas.<\/p>\n<p>Alguns exemplos de doen\u00e7as em que as infiltra\u00e7\u00f5es trazem benef\u00edcio s\u00e3o: tendinites do manguito rotador (ombros), epicondilites (cotovelos), s\u00edndrome do t\u00fanel do carpo, tendinites e artrose de joelhos, fasciite plantar e tendinites do tornozelo, h\u00e9rnias de disco, artrose da coluna (espondiloartrose) e s\u00edndromes miofasciais.[\/vc_column_text][\/vc_column][\/vc_row][vc_row css_animation=&#8221;&#8221; row_type=&#8221;row&#8221; use_row_as_full_screen_section=&#8221;yes&#8221; type=&#8221;grid&#8221; angled_section=&#8221;no&#8221; text_align=&#8221;left&#8221; background_image_as_pattern=&#8221;without_pattern&#8221; css=&#8221;.vc_custom_1605057375013{padding-top: 60px !important;padding-bottom: 60px !important;}&#8221; z_index=&#8221;&#8221;][vc_column][vc_column_text]<\/p>\n<h3><strong>Viscossuplementa\u00e7\u00e3o<\/strong><\/h3>\n<p>A viscossuplementa\u00e7\u00e3o \u00e9 um procedimento desenvolvido para melhorar o quadro de dor e perda de fun\u00e7\u00e3o gerado por artrose nas articula\u00e7\u00f5es do corpo humano, sendo o joelho a articula\u00e7\u00e3o mais acometida.<\/p>\n<p>A artrose \u00e9 o envelhecimento articular, resultado da degenera\u00e7\u00e3o (desgaste) da cartilagem articular e altera\u00e7\u00e3o da composi\u00e7\u00e3o do l\u00edquido sinovial (l\u00edquido que lubrifica as articula\u00e7\u00f5es). Estas altera\u00e7\u00f5es resultam na produ\u00e7\u00e3o de fatores inflamat\u00f3rios e no aumento da viscosidade do l\u00edquido sinovial no interior das articula\u00e7\u00f5es.<\/p>\n<p>A viscossuplementa\u00e7\u00e3o consiste em infiltrar \u00e1cido hialur\u00f4nico na articula\u00e7\u00e3o doente, sendo esse um dos componentes do l\u00edquido sinovial. Estudos suportam a hip\u00f3tese de que o \u00e1cido hialur\u00f4nico \u00e9 capaz de reduzir a produ\u00e7\u00e3o de fatores inflamat\u00f3rios dentro da articula\u00e7\u00e3o e tamb\u00e9m de reduzir a velocidade de degenera\u00e7\u00e3o da cartilagem articular.<\/p>\n<p>O ortopedista \u00e9 o especialista respons\u00e1vel pela realiza\u00e7\u00e3o deste procedimento em casos que, conforme a indica\u00e7\u00e3o, possam alcan\u00e7ar benef\u00edcio de melhora de dor e fun\u00e7\u00e3o articular.[\/vc_column_text][\/vc_column][\/vc_row]<\/p>\n<\/div>","protected":false},"excerpt":{"rendered":"<p>[vc_row css_animation=&#8221;&#8221; row_type=&#8221;row&#8221; use_row_as_full_screen_section=&#8221;yes&#8221; type=&#8221;grid&#8221; angled_section=&#8221;no&#8221; text_align=&#8221;left&#8221; background_image_as_pattern=&#8221;without_pattern&#8221; css=&#8221;.vc_custom_1605057244166{padding-top: 60px !important;padding-bottom: 60px !important;background-color: #ffffff !important;}&#8221; z_index=&#8221;&#8221;][vc_column][vc_column_text] Infiltra\u00e7\u00f5es A infiltra\u00e7\u00e3o \u00e9 um procedimento em que, com o aux\u00edlio de uma agulha, medicamentos como corticoides e anest\u00e9sicos s\u00e3o aplicados diretamente nas articula\u00e7\u00f5es, m\u00fasculos, tend\u00f5es e nervos alvos&#8230;<\/p>\n","protected":false},"author":1,"featured_media":0,"parent":0,"menu_order":0,"comment_status":"closed","ping_status":"closed","template":"full_width.php","meta":{"footnotes":""},"class_list":["post-69","page","type-page","status-publish","hentry"],"aioseo_notices":[],"_links":{"self":[{"href":"https:\/\/orthosmed.com.br\/site\/wp-json\/wp\/v2\/pages\/69","targetHints":{"allow":["GET"]}}],"collection":[{"href":"https:\/\/orthosmed.com.br\/site\/wp-json\/wp\/v2\/pages"}],"about":[{"href":"https:\/\/orthosmed.com.br\/site\/wp-json\/wp\/v2\/types\/page"}],"author":[{"embeddable":true,"href":"https:\/\/orthosmed.com.br\/site\/wp-json\/wp\/v2\/users\/1"}],"replies":[{"embeddable":true,"href":"https:\/\/orthosmed.com.br\/site\/wp-json\/wp\/v2\/comments?post=69"}],"version-history":[{"count":4,"href":"https:\/\/orthosmed.com.br\/site\/wp-json\/wp\/v2\/pages\/69\/revisions"}],"predecessor-version":[{"id":302,"href":"https:\/\/orthosmed.com.br\/site\/wp-json\/wp\/v2\/pages\/69\/revisions\/302"}],"wp:attachment":[{"href":"https:\/\/orthosmed.com.br\/site\/wp-json\/wp\/v2\/media?parent=69"}],"curies":[{"name":"wp","href":"https:\/\/api.w.org\/{rel}","templated":true}]}}