{"id":724,"date":"2022-03-18T00:41:29","date_gmt":"2022-03-18T03:41:29","guid":{"rendered":"https:\/\/orthosmed.com.br\/site\/?page_id=724"},"modified":"2022-03-18T00:49:42","modified_gmt":"2022-03-18T03:49:42","slug":"dr-tadeu-gervazoni-debom","status":"publish","type":"page","link":"https:\/\/orthosmed.com.br\/site\/equipe-medica\/dr-tadeu-gervazoni-debom\/","title":{"rendered":"Dr. Tadeu Gervazoni Debom"},"content":{"rendered":"<div class=\"wpb-content-wrapper\"><p>[vc_row css_animation=&#8221;&#8221; row_type=&#8221;row&#8221; use_row_as_full_screen_section=&#8221;yes&#8221; type=&#8221;grid&#8221; angled_section=&#8221;no&#8221; text_align=&#8221;left&#8221; background_image_as_pattern=&#8221;without_pattern&#8221; css=&#8221;.vc_custom_1601420177081{padding-top: 60px !important;}&#8221; z_index=&#8221;&#8221;][vc_column][vc_column_text]<\/p>\n<h2 style=\"text-align: center;\">Dr. Tadeu Gervazoni Debom<\/h2>\n<p>[\/vc_column_text][vc_column_text]<\/p>\n<h3 style=\"text-align: center;\"><span style=\"color: #999999;\">Ortopedista Especialista em Coluna<\/span><\/h3>\n<p>[\/vc_column_text][vc_separator type=&#8221;small&#8221; position=&#8221;center&#8221; color=&#8221;#d32810&#8243; thickness=&#8221;3&#8243; width=&#8221;20&#8243; up=&#8221;15&#8243; down=&#8221;20&#8243;][vc_column_text]<\/p>\n<p style=\"text-align: center;\"><strong>CRM-DF: 18450 | SBOT: <b>13913<\/b><\/strong><\/p>\n<p>[\/vc_column_text][\/vc_column][\/vc_row][vc_row css_animation=&#8221;&#8221; row_type=&#8221;row&#8221; use_row_as_full_screen_section=&#8221;yes&#8221; type=&#8221;grid&#8221; angled_section=&#8221;no&#8221; text_align=&#8221;left&#8221; background_image_as_pattern=&#8221;without_pattern&#8221; css=&#8221;.vc_custom_1601418613344{padding-top: 60px !important;padding-bottom: 60px !important;}&#8221; z_index=&#8221;&#8221;][vc_column width=&#8221;1\/2&#8243;][vc_empty_space height=&#8221;25px&#8221;][vc_single_image image=&#8221;727&#8243; img_size=&#8221;full&#8221; qode_css_animation=&#8221;&#8221;][vc_empty_space][\/vc_column][vc_column width=&#8221;1\/2&#8243;][vc_column_text]Dr. Tadeu Gervazoni Debom \u00e9 um ortopedista com larga experi\u00eancia<strong>\u00a0<\/strong>em tratamento cl\u00ednico e cir\u00fargico intervencionista em patologias de coluna vertebral (doen\u00e7as degenerativas, traum\u00e1ticas, infecciosas, tumorais, deformidades da coluna vertebral) e cirurgia endosc\u00f3pica de coluna vertebral.<\/p>\n<p>Gradua\u00e7\u00e3o em\u00a0medicina pela Universidade do Oeste Paulista- SP, 2010<strong>.<\/strong><\/p>\n<p>Gradua\u00e7\u00e3o em\u00a0Farm\u00e1cia pela Universidade do Oeste Paulista \u2013 SP, 1999<strong>.<\/strong><\/p>\n<p>Gradua\u00e7\u00e3o em\u00a0An\u00e1lises Cl\u00ednicas\/bioqu\u00edmica pela Universidade Federal de Goi\u00e1s \u2013 GO, 2001.<\/p>\n<p>Internato &#8211; Hospital Regional de Presidente Prudente, SP.<\/p>\n<p>Resid\u00eancia M\u00e9dica em Ortopedia e Traumatologia pela Associa\u00e7\u00e3o Lar S\u00e3o Francisco de Assis na provid\u00eancia de Deus &#8211; Hospital Regional de Presidente Prudente &#8211; SP.<\/p>\n<p>T\u00edtulo de Especialista em Ortopedia e Traumatologia pela Sociedade Brasileira de Ortopedia e Traumatologia \u2013\u00a0SBOT\u00a0 13913<\/p>\n<p>Especialista em Cirurgia da Coluna pela Santa Casa de Vit\u00f3ria \u2013 ES.<\/p>\n<p>T\u00edtulo de Especialista em Coluna Vertebral e Membro titular da Sociedade Brasileira de Coluna \u2013 SBC 8861<\/p>\n<p>Especialista em Cirurgia Endosc\u00f3pica da Coluna Vertebral.[\/vc_column_text][\/vc_column][\/vc_row]<\/p>\n<\/div>","protected":false},"excerpt":{"rendered":"<p>[vc_row css_animation=&#8221;&#8221; row_type=&#8221;row&#8221; use_row_as_full_screen_section=&#8221;yes&#8221; type=&#8221;grid&#8221; angled_section=&#8221;no&#8221; text_align=&#8221;left&#8221; background_image_as_pattern=&#8221;without_pattern&#8221; css=&#8221;.vc_custom_1601420177081{padding-top: 60px !important;}&#8221; z_index=&#8221;&#8221;][vc_column][vc_column_text] Dr. Tadeu Gervazoni Debom [\/vc_column_text][vc_column_text] Ortopedista Especialista em Coluna [\/vc_column_text][vc_separator type=&#8221;small&#8221; position=&#8221;center&#8221; color=&#8221;#d32810&#8243; thickness=&#8221;3&#8243; width=&#8221;20&#8243; up=&#8221;15&#8243; down=&#8221;20&#8243;][vc_column_text] CRM-DF: 18450 | SBOT: 13913 [\/vc_column_text][\/vc_column][\/vc_row][vc_row css_animation=&#8221;&#8221; row_type=&#8221;row&#8221; use_row_as_full_screen_section=&#8221;yes&#8221; type=&#8221;grid&#8221; angled_section=&#8221;no&#8221; text_align=&#8221;left&#8221; background_image_as_pattern=&#8221;without_pattern&#8221; css=&#8221;.vc_custom_1601418613344{padding-top: 60px !important;padding-bottom:&#8230;<\/p>\n","protected":false},"author":1,"featured_media":0,"parent":10,"menu_order":0,"comment_status":"closed","ping_status":"closed","template":"full_width.php","meta":{"footnotes":""},"class_list":["post-724","page","type-page","status-publish","hentry"],"aioseo_notices":[],"_links":{"self":[{"href":"https:\/\/orthosmed.com.br\/site\/wp-json\/wp\/v2\/pages\/724","targetHints":{"allow":["GET"]}}],"collection":[{"href":"https:\/\/orthosmed.com.br\/site\/wp-json\/wp\/v2\/pages"}],"about":[{"href":"https:\/\/orthosmed.com.br\/site\/wp-json\/wp\/v2\/types\/page"}],"author":[{"embeddable":true,"href":"https:\/\/orthosmed.com.br\/site\/wp-json\/wp\/v2\/users\/1"}],"replies":[{"embeddable":true,"href":"https:\/\/orthosmed.com.br\/site\/wp-json\/wp\/v2\/comments?post=724"}],"version-history":[{"count":3,"href":"https:\/\/orthosmed.com.br\/site\/wp-json\/wp\/v2\/pages\/724\/revisions"}],"predecessor-version":[{"id":728,"href":"https:\/\/orthosmed.com.br\/site\/wp-json\/wp\/v2\/pages\/724\/revisions\/728"}],"up":[{"embeddable":true,"href":"https:\/\/orthosmed.com.br\/site\/wp-json\/wp\/v2\/pages\/10"}],"wp:attachment":[{"href":"https:\/\/orthosmed.com.br\/site\/wp-json\/wp\/v2\/media?parent=724"}],"curies":[{"name":"wp","href":"https:\/\/api.w.org\/{rel}","templated":true}]}}