{"id":747,"date":"2022-08-05T18:13:18","date_gmt":"2022-08-05T21:13:18","guid":{"rendered":"https:\/\/orthosmed.com.br\/site\/?page_id=747"},"modified":"2025-01-20T13:20:01","modified_gmt":"2025-01-20T16:20:01","slug":"dr-lucas-barbosa-nonato","status":"publish","type":"page","link":"https:\/\/orthosmed.com.br\/site\/equipe-medica\/dr-lucas-barbosa-nonato\/","title":{"rendered":"Dr. Lucas Barbosa Nonato"},"content":{"rendered":"<div class=\"wpb-content-wrapper\"><p>[vc_row css_animation=&#8221;&#8221; row_type=&#8221;row&#8221; use_row_as_full_screen_section=&#8221;yes&#8221; type=&#8221;grid&#8221; angled_section=&#8221;no&#8221; text_align=&#8221;left&#8221; background_image_as_pattern=&#8221;without_pattern&#8221; css=&#8221;.vc_custom_1601420177081{padding-top: 60px !important;}&#8221; z_index=&#8221;&#8221;][vc_column][vc_column_text]<\/p>\n<h2 style=\"text-align: center;\">Dr. Lucas Barbosa Nonato<\/h2>\n<p>[\/vc_column_text][vc_column_text]<\/p>\n<h3 style=\"text-align: center;\"><span style=\"color: #999999;\">Ortopedista Especialista em M\u00e3o e Microcirurgias<\/span><\/h3>\n<p>[\/vc_column_text][vc_separator type=&#8221;small&#8221; position=&#8221;center&#8221; color=&#8221;#d32810&#8243; thickness=&#8221;3&#8243; width=&#8221;20&#8243; up=&#8221;15&#8243; down=&#8221;20&#8243;][vc_column_text]<\/p>\n<p style=\"text-align: center;\"><strong>CRM-DF: 26025 | TEOT: 16212 | RQE: 17138<\/strong><\/p>\n<p>[\/vc_column_text][\/vc_column][\/vc_row][vc_row css_animation=&#8221;&#8221; row_type=&#8221;row&#8221; use_row_as_full_screen_section=&#8221;yes&#8221; type=&#8221;grid&#8221; angled_section=&#8221;no&#8221; text_align=&#8221;left&#8221; background_image_as_pattern=&#8221;without_pattern&#8221; css=&#8221;.vc_custom_1601418613344{padding-top: 60px !important;padding-bottom: 60px !important;}&#8221; z_index=&#8221;&#8221;][vc_column width=&#8221;1\/2&#8243;][vc_empty_space height=&#8221;25px&#8221;][vc_single_image image=&#8221;749&#8243; img_size=&#8221;full&#8221; qode_css_animation=&#8221;&#8221;][vc_empty_space][\/vc_column][vc_column width=&#8221;1\/2&#8243;][vc_column_text css=&#8221;&#8221;]Ortopedista especialista no diagn\u00f3stico e tratamento das patologias que envolvem a m\u00e3o e o membro superior, tais como traumas , fraturas , les\u00f5es de tend\u00e3o e nervo, patologias degenerativas ,seq\u00fcelas de traumatismos, malforma\u00e7\u00f5es cong\u00eanitas , perda do revestimento cut\u00e2neo e tumores. Tendinites, S\u00edndrome do t\u00fanel do carpo , Cisto sinovial , Doen\u00e7a de Dupuytren e Dedo em Gatilho s\u00e3o exemplos de problemas tratados na especialidade.<\/p>\n<p>Gradua\u00e7\u00e3o em Medicina pela Universidade Federal de Uberl\u00e2ndia<\/p>\n<p>Resid\u00eancia M\u00e9dica em Ortopedia e Traumatologia pelo Hospital de Cl\u00ednicas da Faculdade de Medicina da Universidade Federal de Uberl\u00e2ndia<\/p>\n<p>Resid\u00eancia M\u00e9dica em Cirurgia do Membro Superior e Microcirurgia pelo Hospital de Cl\u00ednicas da Faculdade de Medicina da Universidade Federal de Uberl\u00e2ndia<\/p>\n<p>Membro Titular da Sociedade Brasileira de Cirurgia da M\u00e3o (RQE:23896)<\/p>\n<p>Membro Titular da Sociedade Brasileira de Ortopedia e Traumatologia (TEOT:16212 \/ RQE:17138)<\/p>\n<p>M\u00e9dico Preceptor do Servi\u00e7o de Resid\u00eancia M\u00e9dica em Ortopedia e Traumatologia do Hospital Regional de Santa Maria \u2013 DF<\/p>\n<p>M\u00e9dico Ortopedista e Cirurgi\u00e3o da M\u00e3o do Hospital Regional de Santa Maria \u2013 DF \/ IGESDF[\/vc_column_text][\/vc_column][\/vc_row]<\/p>\n<\/div>","protected":false},"excerpt":{"rendered":"<p>[vc_row css_animation=&#8221;&#8221; row_type=&#8221;row&#8221; use_row_as_full_screen_section=&#8221;yes&#8221; type=&#8221;grid&#8221; angled_section=&#8221;no&#8221; text_align=&#8221;left&#8221; background_image_as_pattern=&#8221;without_pattern&#8221; css=&#8221;.vc_custom_1601420177081{padding-top: 60px !important;}&#8221; z_index=&#8221;&#8221;][vc_column][vc_column_text] Dr. Lucas Barbosa Nonato [\/vc_column_text][vc_column_text] Ortopedista Especialista em M\u00e3o e Microcirurgias [\/vc_column_text][vc_separator type=&#8221;small&#8221; position=&#8221;center&#8221; color=&#8221;#d32810&#8243; thickness=&#8221;3&#8243; width=&#8221;20&#8243; up=&#8221;15&#8243; down=&#8221;20&#8243;][vc_column_text] CRM-DF: 26025 | TEOT: 16212 | RQE: 17138 [\/vc_column_text][\/vc_column][\/vc_row][vc_row css_animation=&#8221;&#8221; row_type=&#8221;row&#8221; use_row_as_full_screen_section=&#8221;yes&#8221; type=&#8221;grid&#8221; angled_section=&#8221;no&#8221;&#8230;<\/p>\n","protected":false},"author":1,"featured_media":0,"parent":10,"menu_order":0,"comment_status":"closed","ping_status":"closed","template":"full_width.php","meta":{"footnotes":""},"class_list":["post-747","page","type-page","status-publish","hentry"],"aioseo_notices":[],"_links":{"self":[{"href":"https:\/\/orthosmed.com.br\/site\/wp-json\/wp\/v2\/pages\/747","targetHints":{"allow":["GET"]}}],"collection":[{"href":"https:\/\/orthosmed.com.br\/site\/wp-json\/wp\/v2\/pages"}],"about":[{"href":"https:\/\/orthosmed.com.br\/site\/wp-json\/wp\/v2\/types\/page"}],"author":[{"embeddable":true,"href":"https:\/\/orthosmed.com.br\/site\/wp-json\/wp\/v2\/users\/1"}],"replies":[{"embeddable":true,"href":"https:\/\/orthosmed.com.br\/site\/wp-json\/wp\/v2\/comments?post=747"}],"version-history":[{"count":8,"href":"https:\/\/orthosmed.com.br\/site\/wp-json\/wp\/v2\/pages\/747\/revisions"}],"predecessor-version":[{"id":838,"href":"https:\/\/orthosmed.com.br\/site\/wp-json\/wp\/v2\/pages\/747\/revisions\/838"}],"up":[{"embeddable":true,"href":"https:\/\/orthosmed.com.br\/site\/wp-json\/wp\/v2\/pages\/10"}],"wp:attachment":[{"href":"https:\/\/orthosmed.com.br\/site\/wp-json\/wp\/v2\/media?parent=747"}],"curies":[{"name":"wp","href":"https:\/\/api.w.org\/{rel}","templated":true}]}}