{"id":781,"date":"2024-04-29T13:38:06","date_gmt":"2024-04-29T16:38:06","guid":{"rendered":"https:\/\/orthosmed.com.br\/site\/?page_id=781"},"modified":"2024-04-29T14:01:23","modified_gmt":"2024-04-29T17:01:23","slug":"dr-leonardo-santos-diener","status":"publish","type":"page","link":"https:\/\/orthosmed.com.br\/site\/equipe-medica\/dr-leonardo-santos-diener\/","title":{"rendered":"Dr. Leonardo Santos Diener"},"content":{"rendered":"<div class=\"wpb-content-wrapper\"><p>[vc_row css_animation=&#8221;&#8221; row_type=&#8221;row&#8221; use_row_as_full_screen_section=&#8221;yes&#8221; type=&#8221;grid&#8221; angled_section=&#8221;no&#8221; text_align=&#8221;left&#8221; background_image_as_pattern=&#8221;without_pattern&#8221; css=&#8221;.vc_custom_1601420177081{padding-top: 60px !important;}&#8221; z_index=&#8221;&#8221;][vc_column][vc_column_text]<\/p>\n<h2 style=\"text-align: center;\">Dr. Leonardo Santos Diener<\/h2>\n<p>[\/vc_column_text][vc_column_text]<\/p>\n<h3 style=\"text-align: center;\"><span style=\"color: #999999;\">Ortopedista Especialista em Medicina Esportiva, Ombro e Cotovelo<\/span><\/h3>\n<p>[\/vc_column_text][vc_separator type=&#8221;small&#8221; position=&#8221;center&#8221; color=&#8221;#d32810&#8243; thickness=&#8221;3&#8243; width=&#8221;20&#8243; up=&#8221;15&#8243; down=&#8221;20&#8243;][vc_column_text]<\/p>\n<p style=\"text-align: center;\"><strong>CRM-DF: 19669<\/strong><\/p>\n<p>[\/vc_column_text][\/vc_column][\/vc_row][vc_row css_animation=&#8221;&#8221; row_type=&#8221;row&#8221; use_row_as_full_screen_section=&#8221;yes&#8221; type=&#8221;grid&#8221; angled_section=&#8221;no&#8221; text_align=&#8221;left&#8221; background_image_as_pattern=&#8221;without_pattern&#8221; css=&#8221;.vc_custom_1601418613344{padding-top: 60px !important;padding-bottom: 60px !important;}&#8221; z_index=&#8221;&#8221;][vc_column width=&#8221;1\/2&#8243;][vc_single_image image=&#8221;784&#8243; img_size=&#8221;full&#8221; qode_css_animation=&#8221;&#8221;][vc_empty_space][\/vc_column][vc_column width=&#8221;1\/2&#8243;][vc_column_text]Dr. Leonardo Santos Diener<br \/>\nOrtopedista Especialista em Medicina Esportiva, Ombro e Cotovelo<br \/>\nCRM-DF: CRM-DF 19669<\/p>\n<p>M\u00e9dico formado na Escola Superior de Ci\u00eancias de Sa\u00fade do Distrito Federal, em 2012. Atuou como m\u00e9dico de fam\u00edlia na Cidade Ocidental pelo PROVAB em 2013. M\u00e9dico Oficial Tempor\u00e1rio do Ex\u00e9rcito Brasileiro, atuante no Hospital Militar de \u00c1rea de Bras\u00edlia (HMAB), de janeiro de 2013 a janeiro de 2017,na \u00e1rea de Emerg\u00eancia e Ortopedia. Resid\u00eancia em Ortopedia e Traumatologia, no Hospital Regional do Gama (HRG) 2017.P\u00f3s Gradua\u00e7\u00e3o em Medicina do Esporte 2019. Sub Especializa\u00e7\u00e3o em Cirurgia do Ombro e Cotovelo : Instituto Hospital de Base -2020<\/p>\n<p>2. FORMA\u00c7\u00c3O<\/p>\n<p>2.1 \u2013 Curso de medicina: Escola Superior de Ci\u00eancias da Sa\u00fade &#8211; ESCS\/DF &#8211; 2007 a 2012.<br \/>\n2.2 \u2013 Resid\u00eancia em Ortopedia e Traumatologia: Hospital Regional do Gama \u2013 DF 2014 a 2017<\/p>\n<p>2.3- Membro Titular da Sociedade Brasileira de Ortopedia e Traumatologia \u2013 SBOT- 2017<br \/>\n2.4 P\u00f3s Gradua\u00e7\u00e3o em Medicina do Esporte \u2013 Instituto HZM de Pesquisa e Ensino ano 2017-2019<\/p>\n<p>2.5. Sub Especializa\u00e7\u00e3o em Cirurgia do Ombro e Cotovelo : Instituto Hospital de Base -2020<\/p>\n<p>3. BOLSA DE ESTUDO OU DE PESQUISA<\/p>\n<p>3.1 \u2013 Est\u00e1gio extracurricular, como bolsista, no Minist\u00e9rio da Sa\u00fade, junto \u00e0 Coordena\u00e7\u00e3o-Geral do Sistema Nacional de Transplantes \/CGSNT \/ DAE \/SAS no per\u00edodo de 01\/04\/2009 a 31\/03\/2010.<br \/>\n3.2 \u2013 Est\u00e1gio extracurricular, como bolsista, no Programa de Educa\u00e7\u00e3o pelo Trabalho para o Sa\u00fade\/PET Vigil\u00e2ncia em Sa\u00fade no per\u00edodo de julho de 2010 a junho de 2012 na ESCS &#8211; Escola Superior de Ci\u00eancias da Sa\u00fade.<\/p>\n<p>4. TRABALHOS CIENT\u00cdFICOS<\/p>\n<p>4.1 \u2013 Apresentados em congressos estudantis:<br \/>\n4.1.1 \u2013 Aplica\u00e7\u00e3o do arco de Manguerez na avalia\u00e7\u00e3o da higiene e da sa\u00fade de escolares em Samambaia- DF. Coautoria, no 1\u00b0 Congresso de educa\u00e7\u00e3o medica do Centro Oeste, ano de 2007.<br \/>\n4.2 \u2013 Apresentados em congressos m\u00e9dicos:<br \/>\n4.2.1 \u2013 P\u00f4ster Ginecologia: Validade do uso da PAAF no diagn\u00f3stico de orienta\u00e7\u00e3o da conduta nos n\u00f3dulos de mama, Coautoria, no 54\u00b0 Congresso Brasileiro de Ginecologia e Obstetr\u00edcia, ano de 2011.<br \/>\n4.2.2 \u2013 Relato de caso: S\u00edndrome de Meigs na Gesta\u00e7\u00e3o, Autoria, no 45\u00b0 Congresso de Ginecologia e Obstetr\u00edcia do Distrito Federal, ano de 2012.<br \/>\n4.2.3 \u2013 Catarata Infantil Corrigida Tardiamente: Relato de Caso, coautor, no XII Congresso Internacional de Catarata e Cirurgia Refrativa ,ano de 2012.<br \/>\n4.2.4 \u2013 The validity of the use of Fine Needle Aspiration Cytology (FNAC) ultrasound-guided in the diagnosis anda guidance of the practice in brest lumo , Coautor, XX FIGO World Congress of Gynecology and Obstetrics, ano de 2012.<\/p>\n<p>5. PUBLICA\u00c7\u00d5ES<\/p>\n<p>5.1 \u2013 Artigos originais<br \/>\n5.1.1 \u2013 S\u00edfilis gestacional como indicador de qualidade do pr\u00e9-natal no Centro de Sa\u00fade n\u00b0 2 Samambaia DF, Coautoria, na Comunica\u00e7\u00e3o Ci\u00eancias Sa\u00fade. 2009; 20(4): 307-314. 5.1.2 &#8211; Avulsion fracture of the greater trochanterand femoral neckfracture in a young: An extremaly rare fracture combination. International Journal of Case Reports and Images.- Coautoria, J Case Rep Images Orthop Rheum 2016;1:1-5<\/p>\n<p>6. PARTICIPA\u00c7\u00c3O EM CONGRESSOS\/JORNADAS<\/p>\n<p>6.1 \u2013 Congressos m\u00e9dicos:<br \/>\n6.1.1 \u2013 45\u00b0 Congresso de Ginecologia e Obstetr\u00edcia do Distrito Federal, 6\u00b0 Congresso internacional de Ginecoloia e Obstetr\u00edcia e 1\u00b0 Congresso Internacional de Controv\u00e9rsias em Ginecologia e Obstetricia do Distrito Federal, Ouvinte,carga hor\u00e1ria 30 horas, ano de 2012.<br \/>\n6.2 \u2013 Jornadas m\u00e9dicas:<br \/>\n6.2.1 \u2013 II Jornada da Liga Acad\u00eamica de Dor (LADOR), Ouvinte, carga hor\u00e1ria 8 horas, ano 2008.<br \/>\n6.2.2 \u2013 I Mini-Curso de extens\u00e3o alcan\u00e7a-Promovido pela LINCA, Liga do C\u00e2ncer, Ouvinte, carga hor\u00e1ria 11horas, ano 2008.<br \/>\n6.2.3 \u2013 IV Jornada da Liga Acad\u00eamica de Dor (LADOR), Ouvinte, carga hor\u00e1ria 8 horas, ano 2009.<\/p>\n<p>6.2.4 \u2013 I Jornada de Doen\u00e7a Renal Cr\u00f4nica do Distrito Federal, Ouvinte, carga hor\u00e1ria 11 horas, ano de 2010.<br \/>\n6.2.5- 49\u00b0 Congresso de Ortopedia e Traumatologia -SBOT \u2013 2017<br \/>\n6.2.6 50 \u00b0 Congresso Brasileiro de Ortopedia e Traumatologia -2018<\/p>\n<p>7. ATIVIDADES EXTRACURRICULARES<\/p>\n<p>7.1 \u2013 Cursos de extens\u00e3o<br \/>\n7.1.2 \u2013 III Encontro de Pesquisa em Sa\u00fade do Distrito Federal, e IV amostra de Pesquisa da ESCS e SES\/Df, carga hor\u00e1ria 24 horas, ano 2007.<br \/>\n7.1.3 \u2013 Curso de atendimento pr\u00e9-hospitalar b\u00e1sico, Corpo de Bombeiros Militar do Distrito Federal, carga hor\u00e1ria 20 horas\/aula, ano 2008.<br \/>\n7.1.4 \u2013 Curso Virtual de Eletrocardiograma, ECG em 7 passos, carga hor\u00e1ria 12 horas, ano de 2010.<br \/>\n7.1.5 \u2013 VIII Curso de Capacita\u00e7\u00e3o em Toxicologia DP CIAT-DF, carga hor\u00e1ria 16 horas, ano 2010.<br \/>\n7.1.6 \u2013 3\u00b0 Curso de Cardiologia do Hospital do Cora\u00e7\u00e3o do Brasil, carga hor\u00e1ria 30 horas, ano 2011.<br \/>\n7.1.7 \u2013 Curso de extens\u00e3o inicia\u00e7\u00e3o em Cl\u00ednica Cir\u00fargica do Curso de Gradua\u00e7\u00e3o em Medicina da Escola Superior de Ci\u00eancias da Sa\u00fade. Carga hor\u00e1ria de 136 horas, per\u00edodo 04\/042011 a 24\/062011.<br \/>\n7.1.8 \u2013 Curso de cirurgia de catarata com laser de femtosegundo 2 horas\/aula, ano 2012. 7.1.9 \u2013 Curso de condutas com o paciente portador de ceratocone; CXL+ PRK, anel intracorneano, lentes de contato, carga hor\u00e1ria 2 horas\/aula, ano 2012.<br \/>\n7.1.11 \u2013 Curso de casos desafiadores: C\u00f3rneas finas, altas ametropias e topografia irregular pr\u00e9-operat\u00f3ria, carga hor\u00e1ria 2 horas\/aula, ano 2012.<br \/>\n7.1.12 \u2013 Curso de tudo que eu preciso saber sobre femtosegundo, carga hor\u00e1ria 2 horas\/aula, ano de 2012.<br \/>\n7.1.13 \u2013 Curso de an\u00e1lise avan\u00e7ada de exames pr\u00e9-operat\u00f3rios: topografia, tomografia e aberrometria, carga hor\u00e1ria 2 horas\/aula, ano 2012.<br \/>\n7.1.14 \u2013 Curso de an\u00e9is endocapsulares\/outros recursos, carga hor\u00e1ria 2 horas\/aula, ano 2012.<br \/>\n7.1.15 &#8211; Curso Manejo de complica\u00e7\u00f5es inflamat\u00f3rias e infecciosas relacionadas \u00e0 cirurgia refrativa, carga hor\u00e1ria 2 horas, ano 2012.<br \/>\n7.1.16 &#8211; Mini Curso de Extens\u00e3o em Bio\u00e9tica para Residentes da Secretaria de Sa\u00fade. Escola Superior de Ci\u00eancias da Sa\u00fade, ESCS, Brasil, 2015.<br \/>\n7.1.17 &#8211; Mini Curso de Extens\u00e3o em Metodologia Cient\u00edfica para Residentes.<br \/>\nEscola Superior de Ci\u00eancias da Sa\u00fade, ESCS, Brasil, 2016.<br \/>\n7.1.18 &#8211; Curso de Infec\u00e7\u00e3o Hospitalar. Hospital Regional do Gama, HRG, Brasil. Carga hor\u00e1ria 20 horas, 2016.<br \/>\n7.1.19 &#8211; XLVIII Curso de \u00c9tica M\u00e9dica do CRM-DF. Conselho Regional de Medicina do Distrito Federal, CRM\/DF, Brasil. Carga hor\u00e1ria 16 horas, 2016.[\/vc_column_text][\/vc_column][\/vc_row]<\/p>\n<\/div>","protected":false},"excerpt":{"rendered":"<p>[vc_row css_animation=&#8221;&#8221; row_type=&#8221;row&#8221; use_row_as_full_screen_section=&#8221;yes&#8221; type=&#8221;grid&#8221; angled_section=&#8221;no&#8221; text_align=&#8221;left&#8221; background_image_as_pattern=&#8221;without_pattern&#8221; css=&#8221;.vc_custom_1601420177081{padding-top: 60px !important;}&#8221; z_index=&#8221;&#8221;][vc_column][vc_column_text] Dr. Leonardo Santos Diener [\/vc_column_text][vc_column_text] Ortopedista Especialista em Medicina Esportiva, Ombro e Cotovelo [\/vc_column_text][vc_separator type=&#8221;small&#8221; position=&#8221;center&#8221; color=&#8221;#d32810&#8243; thickness=&#8221;3&#8243; width=&#8221;20&#8243; up=&#8221;15&#8243; down=&#8221;20&#8243;][vc_column_text] CRM-DF: 19669 [\/vc_column_text][\/vc_column][\/vc_row][vc_row css_animation=&#8221;&#8221; row_type=&#8221;row&#8221; use_row_as_full_screen_section=&#8221;yes&#8221; type=&#8221;grid&#8221; angled_section=&#8221;no&#8221; text_align=&#8221;left&#8221; background_image_as_pattern=&#8221;without_pattern&#8221; css=&#8221;.vc_custom_1601418613344{padding-top: 60px&#8230;<\/p>\n","protected":false},"author":1,"featured_media":0,"parent":10,"menu_order":0,"comment_status":"closed","ping_status":"closed","template":"full_width.php","meta":{"footnotes":""},"class_list":["post-781","page","type-page","status-publish","hentry"],"aioseo_notices":[],"_links":{"self":[{"href":"https:\/\/orthosmed.com.br\/site\/wp-json\/wp\/v2\/pages\/781","targetHints":{"allow":["GET"]}}],"collection":[{"href":"https:\/\/orthosmed.com.br\/site\/wp-json\/wp\/v2\/pages"}],"about":[{"href":"https:\/\/orthosmed.com.br\/site\/wp-json\/wp\/v2\/types\/page"}],"author":[{"embeddable":true,"href":"https:\/\/orthosmed.com.br\/site\/wp-json\/wp\/v2\/users\/1"}],"replies":[{"embeddable":true,"href":"https:\/\/orthosmed.com.br\/site\/wp-json\/wp\/v2\/comments?post=781"}],"version-history":[{"count":3,"href":"https:\/\/orthosmed.com.br\/site\/wp-json\/wp\/v2\/pages\/781\/revisions"}],"predecessor-version":[{"id":788,"href":"https:\/\/orthosmed.com.br\/site\/wp-json\/wp\/v2\/pages\/781\/revisions\/788"}],"up":[{"embeddable":true,"href":"https:\/\/orthosmed.com.br\/site\/wp-json\/wp\/v2\/pages\/10"}],"wp:attachment":[{"href":"https:\/\/orthosmed.com.br\/site\/wp-json\/wp\/v2\/media?parent=781"}],"curies":[{"name":"wp","href":"https:\/\/api.w.org\/{rel}","templated":true}]}}