{"id":794,"date":"2025-01-14T09:18:19","date_gmt":"2025-01-14T12:18:19","guid":{"rendered":"https:\/\/orthosmed.com.br\/site\/?page_id=794"},"modified":"2025-01-14T09:28:45","modified_gmt":"2025-01-14T12:28:45","slug":"dr-itamar-alves-barbosa-neto","status":"publish","type":"page","link":"https:\/\/orthosmed.com.br\/site\/equipe-medica\/dr-itamar-alves-barbosa-neto\/","title":{"rendered":"Dr. Itamar Alves Barbosa Neto"},"content":{"rendered":"<div class=\"wpb-content-wrapper\"><p>[vc_row css_animation=&#8221;&#8221; row_type=&#8221;row&#8221; use_row_as_full_screen_section=&#8221;yes&#8221; type=&#8221;grid&#8221; angled_section=&#8221;no&#8221; text_align=&#8221;left&#8221; background_image_as_pattern=&#8221;without_pattern&#8221; css=&#8221;.vc_custom_1601420177081{padding-top: 60px !important;}&#8221; z_index=&#8221;&#8221;][vc_column][vc_column_text css=&#8221;&#8221;]<\/p>\n<h2 style=\"text-align: center;\">Dr. Itamar Alves Barbosa Neto<\/h2>\n<p>[\/vc_column_text][vc_column_text css=&#8221;&#8221;]<\/p>\n<h3 style=\"text-align: center;\"><span style=\"color: #999999;\">Ortopedista com Especializa\u00e7\u00e3o em Cirurgia de Joelho<\/span><\/h3>\n<p>[\/vc_column_text][vc_separator type=&#8221;small&#8221; position=&#8221;center&#8221; color=&#8221;#d32810&#8243; thickness=&#8221;3&#8243; width=&#8221;20&#8243; up=&#8221;15&#8243; down=&#8221;20&#8243;][vc_column_text css=&#8221;&#8221;]<\/p>\n<p style=\"text-align: center;\"><strong>CRM-DF: 19445<\/strong><\/p>\n<p>[\/vc_column_text][\/vc_column][\/vc_row][vc_row css_animation=&#8221;&#8221; row_type=&#8221;row&#8221; use_row_as_full_screen_section=&#8221;yes&#8221; type=&#8221;grid&#8221; angled_section=&#8221;no&#8221; text_align=&#8221;left&#8221; background_image_as_pattern=&#8221;without_pattern&#8221; css=&#8221;.vc_custom_1601418613344{padding-top: 60px !important;padding-bottom: 60px !important;}&#8221; z_index=&#8221;&#8221;][vc_column width=&#8221;1\/2&#8243;][vc_single_image image=&#8221;798&#8243; img_size=&#8221;full&#8221; css=&#8221;&#8221; qode_css_animation=&#8221;&#8221;][vc_empty_space][\/vc_column][vc_column width=&#8221;1\/2&#8243;][vc_column_text css=&#8221;&#8221;]\u2022 Membro Titular da Sociedade Brasileira de Ortopedia e Traumatologia desde mar\u00e7o de 2016.<\/p>\n<p>\u2022 Membro Titular da Sociedade Brasileira de Cirurgia de Joelho desde abril de 2018.<\/p>\n<p>&nbsp;<\/p>\n<p><strong>Forma\u00e7\u00e3o Acad\u00eamica<\/strong><\/p>\n<p>\u2022 Graduado em Medicina pela Universidade de Bras\u00edlia (UnB), conclu\u00eddo em 2012.<\/p>\n<p>\u2022 Completo curso de ingl\u00eas pela Thomas Jefferson de 2006 a 2011.<\/p>\n<p>&nbsp;<\/p>\n<p><strong>Experi\u00eancia Profissional<\/strong><\/p>\n<p>\u2022 Estagi\u00e1rio no munic\u00edpio de Ceres (GO) em julho de 2012.<\/p>\n<p>\u2022 Plantonista no Hospital do Gama e no Hospital da Cidade Ocidental (GO) de outubro a novembro de 2012.<\/p>\n<p>\u2022 Apresentador de tema livre no Congresso Brasileiro de Coluna, Belo Horizonte, abril de 2015.<\/p>\n<p>\u2022 Plantonista no Hospital Alvorada de Bras\u00edlia at\u00e9 junho de 2016.<\/p>\n<p>\u2022 Est\u00e1gio no Hospital HOME de Bras\u00edlia, setembro de 2015.<\/p>\n<p>\u2022 Resid\u00eancia M\u00e9dica em Ortopedia no Hospital de Base do Distrito Federal, de mar\u00e7o de 2013 a 2016.<\/p>\n<p>&nbsp;<\/p>\n<p><strong>Qualifica\u00e7\u00f5es e Cursos<\/strong><\/p>\n<p>\u2022 Participou do Curso B\u00e1sico de Princ\u00edpios AO em mar\u00e7o de 2015.<\/p>\n<p>&nbsp;<\/p>\n<p><strong>Principais \u00c1reas de Atua\u00e7\u00e3o<\/strong><\/p>\n<p>\u2022 Doen\u00e7as da articula\u00e7\u00e3o do joelho.<\/p>\n<p>\u2022 Cirurgias de joelho, incluindo procedimentos minimamente invasivos e reconstrutivos.[\/vc_column_text][\/vc_column][\/vc_row]<\/p>\n<\/div>","protected":false},"excerpt":{"rendered":"<p>[vc_row css_animation=&#8221;&#8221; row_type=&#8221;row&#8221; use_row_as_full_screen_section=&#8221;yes&#8221; type=&#8221;grid&#8221; angled_section=&#8221;no&#8221; text_align=&#8221;left&#8221; background_image_as_pattern=&#8221;without_pattern&#8221; css=&#8221;.vc_custom_1601420177081{padding-top: 60px !important;}&#8221; z_index=&#8221;&#8221;][vc_column][vc_column_text css=&#8221;&#8221;] Dr. Itamar Alves Barbosa Neto [\/vc_column_text][vc_column_text css=&#8221;&#8221;] Ortopedista com Especializa\u00e7\u00e3o em Cirurgia de Joelho [\/vc_column_text][vc_separator type=&#8221;small&#8221; position=&#8221;center&#8221; color=&#8221;#d32810&#8243; thickness=&#8221;3&#8243; width=&#8221;20&#8243; up=&#8221;15&#8243; down=&#8221;20&#8243;][vc_column_text css=&#8221;&#8221;] CRM-DF: 19445 [\/vc_column_text][\/vc_column][\/vc_row][vc_row css_animation=&#8221;&#8221; row_type=&#8221;row&#8221; use_row_as_full_screen_section=&#8221;yes&#8221; type=&#8221;grid&#8221; angled_section=&#8221;no&#8221; text_align=&#8221;left&#8221;&#8230;<\/p>\n","protected":false},"author":1,"featured_media":0,"parent":10,"menu_order":0,"comment_status":"closed","ping_status":"closed","template":"full_width.php","meta":{"footnotes":""},"class_list":["post-794","page","type-page","status-publish","hentry"],"aioseo_notices":[],"_links":{"self":[{"href":"https:\/\/orthosmed.com.br\/site\/wp-json\/wp\/v2\/pages\/794","targetHints":{"allow":["GET"]}}],"collection":[{"href":"https:\/\/orthosmed.com.br\/site\/wp-json\/wp\/v2\/pages"}],"about":[{"href":"https:\/\/orthosmed.com.br\/site\/wp-json\/wp\/v2\/types\/page"}],"author":[{"embeddable":true,"href":"https:\/\/orthosmed.com.br\/site\/wp-json\/wp\/v2\/users\/1"}],"replies":[{"embeddable":true,"href":"https:\/\/orthosmed.com.br\/site\/wp-json\/wp\/v2\/comments?post=794"}],"version-history":[{"count":3,"href":"https:\/\/orthosmed.com.br\/site\/wp-json\/wp\/v2\/pages\/794\/revisions"}],"predecessor-version":[{"id":799,"href":"https:\/\/orthosmed.com.br\/site\/wp-json\/wp\/v2\/pages\/794\/revisions\/799"}],"up":[{"embeddable":true,"href":"https:\/\/orthosmed.com.br\/site\/wp-json\/wp\/v2\/pages\/10"}],"wp:attachment":[{"href":"https:\/\/orthosmed.com.br\/site\/wp-json\/wp\/v2\/media?parent=794"}],"curies":[{"name":"wp","href":"https:\/\/api.w.org\/{rel}","templated":true}]}}