{"id":806,"date":"2025-01-14T09:45:39","date_gmt":"2025-01-14T12:45:39","guid":{"rendered":"https:\/\/orthosmed.com.br\/site\/?page_id=806"},"modified":"2025-01-14T09:54:49","modified_gmt":"2025-01-14T12:54:49","slug":"dr-eduardo-duarte-santos","status":"publish","type":"page","link":"https:\/\/orthosmed.com.br\/site\/equipe-medica\/dr-eduardo-duarte-santos\/","title":{"rendered":"Dr. Eduardo Duarte Santos"},"content":{"rendered":"<div class=\"wpb-content-wrapper\"><p>[vc_row css_animation=&#8221;&#8221; row_type=&#8221;row&#8221; use_row_as_full_screen_section=&#8221;yes&#8221; type=&#8221;grid&#8221; angled_section=&#8221;no&#8221; text_align=&#8221;left&#8221; background_image_as_pattern=&#8221;without_pattern&#8221; css=&#8221;.vc_custom_1601420177081{padding-top: 60px !important;}&#8221; z_index=&#8221;&#8221;][vc_column][vc_column_text css=&#8221;&#8221;]<\/p>\n<h2 style=\"text-align: center;\">Dr. Eduardo Duarte Santos<\/h2>\n<p>[\/vc_column_text][vc_column_text css=&#8221;&#8221;]<\/p>\n<h3 style=\"text-align: center;\"><span style=\"color: #999999;\">Ortopedista Especialista em Quadril<\/span><\/h3>\n<p>[\/vc_column_text][vc_separator type=&#8221;small&#8221; position=&#8221;center&#8221; color=&#8221;#d32810&#8243; thickness=&#8221;3&#8243; width=&#8221;20&#8243; up=&#8221;15&#8243; down=&#8221;20&#8243;][vc_column_text css=&#8221;&#8221;]<\/p>\n<p style=\"text-align: center;\"><strong>CRM-DF: 21208 | RQE: 18837<\/strong><\/p>\n<p style=\"text-align: center;\"><strong>SBOT: 17284 | SBQN.SA: 0934<\/strong><\/p>\n<p>[\/vc_column_text][\/vc_column][\/vc_row][vc_row css_animation=&#8221;&#8221; row_type=&#8221;row&#8221; use_row_as_full_screen_section=&#8221;yes&#8221; type=&#8221;grid&#8221; angled_section=&#8221;no&#8221; text_align=&#8221;left&#8221; background_image_as_pattern=&#8221;without_pattern&#8221; css=&#8221;.vc_custom_1601418613344{padding-top: 60px !important;padding-bottom: 60px !important;}&#8221; z_index=&#8221;&#8221;][vc_column width=&#8221;1\/2&#8243;][vc_single_image image=&#8221;810&#8243; img_size=&#8221;full&#8221; css=&#8221;&#8221; qode_css_animation=&#8221;&#8221;][vc_empty_space][\/vc_column][vc_column width=&#8221;1\/2&#8243;][vc_column_text css=&#8221;&#8221;]<strong>Forma\u00e7\u00e3o Acad\u00eamica<\/strong><\/p>\n<p>\u2022 Graduado em Medicina pela Universidade do Planalto Central.<\/p>\n<p>\u2022 Especializa\u00e7\u00e3o em Ortopedia e Traumatologia pela Secretaria de Estado de Sa\u00fade do Distrito Federal (SES-DF).<\/p>\n<p>\u2022 Especializa\u00e7\u00e3o em Cirurgia do Quadril pelo Instituto de Pesquisa e Ensino (IPE HOME).<\/p>\n<p>&nbsp;<\/p>\n<p><strong>Associa\u00e7\u00f5es Profissionais<\/strong><\/p>\n<p>\u2022 Membro Titular da Sociedade Brasileira de Ortopedia e Traumatologia (SBOT).<\/p>\n<p>\u2022 Membro Titular da Sociedade Brasileira de Quadril (SBQ).<\/p>\n<p>&nbsp;<\/p>\n<p><strong>\u00c1rea de Atua\u00e7\u00e3o<\/strong><\/p>\n<p>\u2022 Tratamento cl\u00ednico e cir\u00fargico de patologias do quadril, pelve e acet\u00e1bulo.<\/p>\n<p>\u2022 Especializado em s\u00edndromes dolorosas e les\u00f5es esportivas, fraturas e cirurgias videoartrosc\u00f3picas.<\/p>\n<p>\u2022 Realiza artroplastias por m\u00e9todos tradicionais ou minimamente invasivos, incluindo pr\u00f3tese e reconstru\u00e7\u00f5es articulares complexas, com e sem o uso de banco de osso\/transplante \u00f3sseo.<\/p>\n<p>\u2022 Tratamento de complica\u00e7\u00f5es de pr\u00f3tese de quadril.<\/p>\n<p>&nbsp;<\/p>\n<p><strong>Atividade Acad\u00eamica e Profissional<\/strong><\/p>\n<p>\u2022 Preceptor do Servi\u00e7o de Aperfei\u00e7oamento em Cirurgia do Quadril, Pelve e Acet\u00e1bulo no Hospital HOME.[\/vc_column_text][\/vc_column][\/vc_row]<\/p>\n<\/div>","protected":false},"excerpt":{"rendered":"<p>[vc_row css_animation=&#8221;&#8221; row_type=&#8221;row&#8221; use_row_as_full_screen_section=&#8221;yes&#8221; type=&#8221;grid&#8221; angled_section=&#8221;no&#8221; text_align=&#8221;left&#8221; background_image_as_pattern=&#8221;without_pattern&#8221; css=&#8221;.vc_custom_1601420177081{padding-top: 60px !important;}&#8221; z_index=&#8221;&#8221;][vc_column][vc_column_text css=&#8221;&#8221;] Dr. Eduardo Duarte Santos [\/vc_column_text][vc_column_text css=&#8221;&#8221;] Ortopedista Especialista em Quadril [\/vc_column_text][vc_separator type=&#8221;small&#8221; position=&#8221;center&#8221; color=&#8221;#d32810&#8243; thickness=&#8221;3&#8243; width=&#8221;20&#8243; up=&#8221;15&#8243; down=&#8221;20&#8243;][vc_column_text css=&#8221;&#8221;] CRM-DF: 21208 | RQE: 18837 SBOT: 17284 | SBQN.SA: 0934 [\/vc_column_text][\/vc_column][\/vc_row][vc_row css_animation=&#8221;&#8221; row_type=&#8221;row&#8221;&#8230;<\/p>\n","protected":false},"author":1,"featured_media":0,"parent":10,"menu_order":0,"comment_status":"closed","ping_status":"closed","template":"full_width.php","meta":{"footnotes":""},"class_list":["post-806","page","type-page","status-publish","hentry"],"aioseo_notices":[],"_links":{"self":[{"href":"https:\/\/orthosmed.com.br\/site\/wp-json\/wp\/v2\/pages\/806","targetHints":{"allow":["GET"]}}],"collection":[{"href":"https:\/\/orthosmed.com.br\/site\/wp-json\/wp\/v2\/pages"}],"about":[{"href":"https:\/\/orthosmed.com.br\/site\/wp-json\/wp\/v2\/types\/page"}],"author":[{"embeddable":true,"href":"https:\/\/orthosmed.com.br\/site\/wp-json\/wp\/v2\/users\/1"}],"replies":[{"embeddable":true,"href":"https:\/\/orthosmed.com.br\/site\/wp-json\/wp\/v2\/comments?post=806"}],"version-history":[{"count":3,"href":"https:\/\/orthosmed.com.br\/site\/wp-json\/wp\/v2\/pages\/806\/revisions"}],"predecessor-version":[{"id":811,"href":"https:\/\/orthosmed.com.br\/site\/wp-json\/wp\/v2\/pages\/806\/revisions\/811"}],"up":[{"embeddable":true,"href":"https:\/\/orthosmed.com.br\/site\/wp-json\/wp\/v2\/pages\/10"}],"wp:attachment":[{"href":"https:\/\/orthosmed.com.br\/site\/wp-json\/wp\/v2\/media?parent=806"}],"curies":[{"name":"wp","href":"https:\/\/api.w.org\/{rel}","templated":true}]}}