{"id":812,"date":"2025-01-14T09:59:11","date_gmt":"2025-01-14T12:59:11","guid":{"rendered":"https:\/\/orthosmed.com.br\/site\/?page_id=812"},"modified":"2025-01-14T10:10:56","modified_gmt":"2025-01-14T13:10:56","slug":"dr-rafael-santos-parente","status":"publish","type":"page","link":"https:\/\/orthosmed.com.br\/site\/equipe-medica\/dr-rafael-santos-parente\/","title":{"rendered":"Dr. Rafael Santos Parente"},"content":{"rendered":"<div class=\"wpb-content-wrapper\"><p>[vc_row css_animation=&#8221;&#8221; row_type=&#8221;row&#8221; use_row_as_full_screen_section=&#8221;yes&#8221; type=&#8221;grid&#8221; angled_section=&#8221;no&#8221; text_align=&#8221;left&#8221; background_image_as_pattern=&#8221;without_pattern&#8221; css=&#8221;.vc_custom_1601420177081{padding-top: 60px !important;}&#8221; z_index=&#8221;&#8221;][vc_column][vc_column_text css=&#8221;&#8221;]<\/p>\n<h2 style=\"text-align: center;\">Dr. Rafael Santos Parente<\/h2>\n<p>[\/vc_column_text][vc_column_text css=&#8221;&#8221;]<\/p>\n<h3 style=\"text-align: center;\"><span style=\"color: #999999;\">Ortopedista Especialista em Cirurgia de Ombro e Cotovelo<\/span><\/h3>\n<p>[\/vc_column_text][vc_separator type=&#8221;small&#8221; position=&#8221;center&#8221; color=&#8221;#d32810&#8243; thickness=&#8221;3&#8243; width=&#8221;20&#8243; up=&#8221;15&#8243; down=&#8221;20&#8243;][vc_column_text css=&#8221;&#8221;]<\/p>\n<p style=\"text-align: center;\"><strong>CRM: 22111 | RQE: 17495 | TEOT: 16061<br \/>\n<\/strong><\/p>\n<p>[\/vc_column_text][\/vc_column][\/vc_row][vc_row css_animation=&#8221;&#8221; row_type=&#8221;row&#8221; use_row_as_full_screen_section=&#8221;yes&#8221; type=&#8221;grid&#8221; angled_section=&#8221;no&#8221; text_align=&#8221;left&#8221; background_image_as_pattern=&#8221;without_pattern&#8221; css=&#8221;.vc_custom_1601418613344{padding-top: 60px !important;padding-bottom: 60px !important;}&#8221; z_index=&#8221;&#8221;][vc_column width=&#8221;1\/2&#8243;][vc_single_image image=&#8221;816&#8243; img_size=&#8221;full&#8221; css=&#8221;&#8221; qode_css_animation=&#8221;&#8221;][vc_empty_space][\/vc_column][vc_column width=&#8221;1\/2&#8243;][vc_column_text css=&#8221;&#8221;]<strong>Perfil Profissional<\/strong><\/p>\n<p>Dr. Rafael Santos Parente \u00e9 um cirurgi\u00e3o ortop\u00e9dico altamente especializado em cirurgia de ombro e cotovelo, com s\u00f3lida forma\u00e7\u00e3o e vasta experi\u00eancia em ortopedia e traumatologia. Comprometido com a excel\u00eancia no cuidado ao paciente, Dr. Parente \u00e9 conhecido por seu rigor t\u00e9cnico e abordagem emp\u00e1tica.<\/p>\n<p>&nbsp;<\/p>\n<p><strong>Forma\u00e7\u00e3o Acad\u00eamica<\/strong><\/p>\n<p>\u2022 Gradua\u00e7\u00e3o em Medicina: Conclu\u00edda em 2014 na Faculdade de Medicina do Vale do A\u00e7o (FAMEVA\u00c7O), onde desenvolveu uma tese sobre &#8220;Staphylococcus aureus e as infec\u00e7\u00f5es hospitalares &#8211; revis\u00e3o de literatura&#8221;.<\/p>\n<p>\u2022 Resid\u00eancia M\u00e9dica em Ortopedia e Traumatologia: Realizada de 2015 a 2018 no Hospital Regional de Taguatinga, financiada pelo Minist\u00e9rio da Educa\u00e7\u00e3o do Brasil.<\/p>\n<p>\u2022 Resid\u00eancia M\u00e9dica em Cirurgia de Ombro e Cotovelo: Completada entre 2018 e 2019 no Hospital de Base do Distrito Federal.<\/p>\n<p>&nbsp;<\/p>\n<p><strong>Forma\u00e7\u00e3o Complementar<\/strong><\/p>\n<p>\u2022 AO Trauma Course &#8211; Basic Principles of Fracture Management: Curso de 32 horas realizado em 2018 pela AO Trauma, focando nos princ\u00edpios b\u00e1sicos do manejo de fraturas.<\/p>\n<p>\u2022 Curso Interinstitucional de Cirurgia do Ombro e Cotovelo: Curso de 16 horas realizado em 2019 na Faculdade de Ci\u00eancias M\u00e9dicas da Santa Casa de S\u00e3o Paulo.<\/p>\n<p>&nbsp;<\/p>\n<p><strong>Experi\u00eancia Profissional<\/strong><\/p>\n<p>\u2022 M\u00e9dico Plantonista de Ortopedia e Traumatologia: Atua\u00e7\u00e3o cont\u00ednua em diversos hospitais desde 2018, tratando uma ampla gama de condi\u00e7\u00f5es ortop\u00e9dicas em ambientes de alta press\u00e3o.<\/p>\n<p>\u2022 M\u00e9dico Cl\u00ednico Geral &#8211; Pronto Atendimento: Serviu na Prefeitura Municipal de Campina Verde &#8211; MG entre 2014 e 2015.<\/p>\n<p>\u2022 Est\u00e1gio de Membro Superior em Ortopedia: Realizado na Universidade Federal de Uberl\u00e2ndia em 2017, com foco te\u00f3rico-pr\u00e1tico.<\/p>\n<p>&nbsp;<\/p>\n<p><strong>Associa\u00e7\u00f5es Profissionais<\/strong><\/p>\n<p>\u2022 Membro Titular da Sociedade Brasileira de Ortopedia e Traumatologia (SBOT).<\/p>\n<p>\u2022 Ativo em diversas confer\u00eancias e semin\u00e1rios, contribuindo para a comunidade m\u00e9dica com conhecimentos atualizados e pr\u00e1ticas inovadoras.<\/p>\n<p>&nbsp;<\/p>\n<p><strong>Publica\u00e7\u00f5es e Contribui\u00e7\u00f5es Acad\u00eamicas<\/strong><\/p>\n<p>\u2022 Autor principal do artigo &#8220;Staphylococcus aureus e as infec\u00e7\u00f5es hospitalares &#8211; revis\u00e3o de literatura&#8221;, que evidencia seu compromisso com a pesquisa cl\u00ednica e a melhoria dos protocolos hospitalares.[\/vc_column_text][\/vc_column][\/vc_row]<\/p>\n<\/div>","protected":false},"excerpt":{"rendered":"<p>[vc_row css_animation=&#8221;&#8221; row_type=&#8221;row&#8221; use_row_as_full_screen_section=&#8221;yes&#8221; type=&#8221;grid&#8221; angled_section=&#8221;no&#8221; text_align=&#8221;left&#8221; background_image_as_pattern=&#8221;without_pattern&#8221; css=&#8221;.vc_custom_1601420177081{padding-top: 60px !important;}&#8221; z_index=&#8221;&#8221;][vc_column][vc_column_text css=&#8221;&#8221;] Dr. Rafael Santos Parente [\/vc_column_text][vc_column_text css=&#8221;&#8221;] Ortopedista Especialista em Cirurgia de Ombro e Cotovelo [\/vc_column_text][vc_separator type=&#8221;small&#8221; position=&#8221;center&#8221; color=&#8221;#d32810&#8243; thickness=&#8221;3&#8243; width=&#8221;20&#8243; up=&#8221;15&#8243; down=&#8221;20&#8243;][vc_column_text css=&#8221;&#8221;] CRM: 22111 | RQE: 17495 | TEOT: 16061 [\/vc_column_text][\/vc_column][\/vc_row][vc_row&#8230;<\/p>\n","protected":false},"author":1,"featured_media":0,"parent":10,"menu_order":0,"comment_status":"closed","ping_status":"closed","template":"full_width.php","meta":{"footnotes":""},"class_list":["post-812","page","type-page","status-publish","hentry"],"aioseo_notices":[],"_links":{"self":[{"href":"https:\/\/orthosmed.com.br\/site\/wp-json\/wp\/v2\/pages\/812","targetHints":{"allow":["GET"]}}],"collection":[{"href":"https:\/\/orthosmed.com.br\/site\/wp-json\/wp\/v2\/pages"}],"about":[{"href":"https:\/\/orthosmed.com.br\/site\/wp-json\/wp\/v2\/types\/page"}],"author":[{"embeddable":true,"href":"https:\/\/orthosmed.com.br\/site\/wp-json\/wp\/v2\/users\/1"}],"replies":[{"embeddable":true,"href":"https:\/\/orthosmed.com.br\/site\/wp-json\/wp\/v2\/comments?post=812"}],"version-history":[{"count":3,"href":"https:\/\/orthosmed.com.br\/site\/wp-json\/wp\/v2\/pages\/812\/revisions"}],"predecessor-version":[{"id":817,"href":"https:\/\/orthosmed.com.br\/site\/wp-json\/wp\/v2\/pages\/812\/revisions\/817"}],"up":[{"embeddable":true,"href":"https:\/\/orthosmed.com.br\/site\/wp-json\/wp\/v2\/pages\/10"}],"wp:attachment":[{"href":"https:\/\/orthosmed.com.br\/site\/wp-json\/wp\/v2\/media?parent=812"}],"curies":[{"name":"wp","href":"https:\/\/api.w.org\/{rel}","templated":true}]}}