{"id":818,"date":"2025-01-14T10:13:34","date_gmt":"2025-01-14T13:13:34","guid":{"rendered":"https:\/\/orthosmed.com.br\/site\/?page_id=818"},"modified":"2025-01-14T10:22:11","modified_gmt":"2025-01-14T13:22:11","slug":"dr-felipe-cunha-pessoa","status":"publish","type":"page","link":"https:\/\/orthosmed.com.br\/site\/equipe-medica\/dr-felipe-cunha-pessoa\/","title":{"rendered":"Dr. Felipe Cunha Pess\u00f4a"},"content":{"rendered":"<div class=\"wpb-content-wrapper\"><p>[vc_row css_animation=&#8221;&#8221; row_type=&#8221;row&#8221; use_row_as_full_screen_section=&#8221;yes&#8221; type=&#8221;grid&#8221; angled_section=&#8221;no&#8221; text_align=&#8221;left&#8221; background_image_as_pattern=&#8221;without_pattern&#8221; css=&#8221;.vc_custom_1601420177081{padding-top: 60px !important;}&#8221; z_index=&#8221;&#8221;][vc_column][vc_column_text css=&#8221;&#8221;]<\/p>\n<h2 style=\"text-align: center;\">Dr. Felipe Cunha Pess\u00f4a<\/h2>\n<p>[\/vc_column_text][vc_column_text css=&#8221;&#8221;]<\/p>\n<h3 style=\"text-align: center;\"><span style=\"color: #999999;\">Ortopedista Especialista em P\u00e9 e Tornozelo<\/span><\/h3>\n<p>[\/vc_column_text][vc_separator type=&#8221;small&#8221; position=&#8221;center&#8221; color=&#8221;#d32810&#8243; thickness=&#8221;3&#8243; width=&#8221;20&#8243; up=&#8221;15&#8243; down=&#8221;20&#8243;][vc_column_text css=&#8221;&#8221;]<\/p>\n<p style=\"text-align: center;\"><strong>CRM-DF: 19457 | RQE: 16527<\/strong><\/p>\n<p>[\/vc_column_text][\/vc_column][\/vc_row][vc_row css_animation=&#8221;&#8221; row_type=&#8221;row&#8221; use_row_as_full_screen_section=&#8221;yes&#8221; type=&#8221;grid&#8221; angled_section=&#8221;no&#8221; text_align=&#8221;left&#8221; background_image_as_pattern=&#8221;without_pattern&#8221; css=&#8221;.vc_custom_1601418613344{padding-top: 60px !important;padding-bottom: 60px !important;}&#8221; z_index=&#8221;&#8221;][vc_column width=&#8221;1\/2&#8243;][vc_single_image image=&#8221;822&#8243; img_size=&#8221;full&#8221; css=&#8221;&#8221; qode_css_animation=&#8221;&#8221;][vc_empty_space][\/vc_column][vc_column width=&#8221;1\/2&#8243;][vc_column_text css=&#8221;&#8221;]<strong>Forma\u00e7\u00e3o Acad\u00eamica<\/strong><\/p>\n<p>\u2022 Gradua\u00e7\u00e3o em Medicina<br \/>\nUniversidade de Bras\u00edlia (UnB) &#8211; 2012<\/p>\n<p>\u2022 Resid\u00eancia M\u00e9dica em Ortopedia e Traumatologia<br \/>\nSES-DF\/FEPECS<\/p>\n<p>\u2022 Especializa\u00e7\u00e3o em Medicina do P\u00e9 e Tornozelo<br \/>\nUniversidade Federal de Goi\u00e1s (UFG\/HC)<\/p>\n<p>&nbsp;<\/p>\n<p><strong>Certifica\u00e7\u00f5es e Afilia\u00e7\u00f5es<\/strong><\/p>\n<p>\u2022 Membro Titular<br \/>\nSociedade Brasileira de Ortopedia e Traumatologia (SBOT)<\/p>\n<p>\u2022 Membro Titular<br \/>\nAssocia\u00e7\u00e3o Brasileira de Medicina e Cirurgia do Tornozelo e P\u00e9 (ABTP\u00c9)<br \/>\nCursos de Especializa\u00e7\u00e3o<\/p>\n<p>\u2022 Cirurgia Minimamente Invasiva do P\u00e9 e Tornozelo<\/p>\n<p>\u2022 V\u00eddeo Artroscopia do Tornozelo<\/p>\n<p>\u2022 Artroplastia do Tornozelo<\/p>\n<p>\u2022 Interven\u00e7\u00e3o Guiada por Ultrassom no P\u00e9 e Tornozelo[\/vc_column_text][\/vc_column][\/vc_row]<\/p>\n<\/div>","protected":false},"excerpt":{"rendered":"<p>[vc_row css_animation=&#8221;&#8221; row_type=&#8221;row&#8221; use_row_as_full_screen_section=&#8221;yes&#8221; type=&#8221;grid&#8221; angled_section=&#8221;no&#8221; text_align=&#8221;left&#8221; background_image_as_pattern=&#8221;without_pattern&#8221; css=&#8221;.vc_custom_1601420177081{padding-top: 60px !important;}&#8221; z_index=&#8221;&#8221;][vc_column][vc_column_text css=&#8221;&#8221;] Dr. Felipe Cunha Pess\u00f4a [\/vc_column_text][vc_column_text css=&#8221;&#8221;] Ortopedista Especialista em P\u00e9 e Tornozelo [\/vc_column_text][vc_separator type=&#8221;small&#8221; position=&#8221;center&#8221; color=&#8221;#d32810&#8243; thickness=&#8221;3&#8243; width=&#8221;20&#8243; up=&#8221;15&#8243; down=&#8221;20&#8243;][vc_column_text css=&#8221;&#8221;] CRM-DF: 19457 | RQE: 16527 [\/vc_column_text][\/vc_column][\/vc_row][vc_row css_animation=&#8221;&#8221; row_type=&#8221;row&#8221; use_row_as_full_screen_section=&#8221;yes&#8221; type=&#8221;grid&#8221; angled_section=&#8221;no&#8221;&#8230;<\/p>\n","protected":false},"author":1,"featured_media":0,"parent":10,"menu_order":0,"comment_status":"closed","ping_status":"closed","template":"full_width.php","meta":{"footnotes":""},"class_list":["post-818","page","type-page","status-publish","hentry"],"aioseo_notices":[],"_links":{"self":[{"href":"https:\/\/orthosmed.com.br\/site\/wp-json\/wp\/v2\/pages\/818","targetHints":{"allow":["GET"]}}],"collection":[{"href":"https:\/\/orthosmed.com.br\/site\/wp-json\/wp\/v2\/pages"}],"about":[{"href":"https:\/\/orthosmed.com.br\/site\/wp-json\/wp\/v2\/types\/page"}],"author":[{"embeddable":true,"href":"https:\/\/orthosmed.com.br\/site\/wp-json\/wp\/v2\/users\/1"}],"replies":[{"embeddable":true,"href":"https:\/\/orthosmed.com.br\/site\/wp-json\/wp\/v2\/comments?post=818"}],"version-history":[{"count":3,"href":"https:\/\/orthosmed.com.br\/site\/wp-json\/wp\/v2\/pages\/818\/revisions"}],"predecessor-version":[{"id":823,"href":"https:\/\/orthosmed.com.br\/site\/wp-json\/wp\/v2\/pages\/818\/revisions\/823"}],"up":[{"embeddable":true,"href":"https:\/\/orthosmed.com.br\/site\/wp-json\/wp\/v2\/pages\/10"}],"wp:attachment":[{"href":"https:\/\/orthosmed.com.br\/site\/wp-json\/wp\/v2\/media?parent=818"}],"curies":[{"name":"wp","href":"https:\/\/api.w.org\/{rel}","templated":true}]}}