{"id":844,"date":"2025-07-18T16:49:48","date_gmt":"2025-07-18T19:49:48","guid":{"rendered":"https:\/\/orthosmed.com.br\/site\/?page_id=844"},"modified":"2025-08-13T13:55:43","modified_gmt":"2025-08-13T16:55:43","slug":"dr-angelo-santana-guerra","status":"publish","type":"page","link":"https:\/\/orthosmed.com.br\/site\/equipe-medica\/dr-angelo-santana-guerra\/","title":{"rendered":"Dr. \u00c2ngelo Santana Guerra"},"content":{"rendered":"<div class=\"wpb-content-wrapper\"><p>[vc_row css_animation=&#8221;&#8221; row_type=&#8221;row&#8221; use_row_as_full_screen_section=&#8221;yes&#8221; type=&#8221;grid&#8221; angled_section=&#8221;no&#8221; text_align=&#8221;left&#8221; background_image_as_pattern=&#8221;without_pattern&#8221; css=&#8221;.vc_custom_1601420177081{padding-top: 60px !important;}&#8221; z_index=&#8221;&#8221;][vc_column][vc_column_text css=&#8221;&#8221;]<\/p>\n<h2 style=\"text-align: center;\">Dr. \u00c2ngelo Santana Guerra<\/h2>\n<p>[\/vc_column_text][vc_column_text css=&#8221;&#8221;]<\/p>\n<h3 style=\"text-align: center;\"><span style=\"color: #999999;\">Ortopedista Especialista em M\u00e3o e Microcirurgias<\/span><\/h3>\n<p>[\/vc_column_text][vc_separator type=&#8221;small&#8221; position=&#8221;center&#8221; color=&#8221;#d32810&#8243; thickness=&#8221;3&#8243; width=&#8221;20&#8243; up=&#8221;15&#8243; down=&#8221;20&#8243;][vc_column_text css=&#8221;&#8221;]<\/p>\n<p style=\"text-align: center;\"><strong>CRM-DF: 26477 | RQE: 24285 \/ 25374<\/strong><\/p>\n<p>[\/vc_column_text][\/vc_column][\/vc_row][vc_row css_animation=&#8221;&#8221; row_type=&#8221;row&#8221; use_row_as_full_screen_section=&#8221;yes&#8221; type=&#8221;grid&#8221; angled_section=&#8221;no&#8221; text_align=&#8221;left&#8221; background_image_as_pattern=&#8221;without_pattern&#8221; css=&#8221;.vc_custom_1601418613344{padding-top: 60px !important;padding-bottom: 60px !important;}&#8221; z_index=&#8221;&#8221;][vc_column width=&#8221;1\/2&#8243;][vc_single_image image=&#8221;859&#8243; img_size=&#8221;full&#8221; css=&#8221;&#8221; qode_css_animation=&#8221;&#8221;][vc_empty_space][\/vc_column][vc_column width=&#8221;1\/2&#8243;][vc_column_text css=&#8221;&#8221;]<\/p>\n<p style=\"text-align: left;\">Dr. \u00c2ngelo Santana Guerra \u00e9 ortopedista\u00a0especialista em Cirurgia da M\u00e3o e Microcirurgia Reconstrutiva pela Universidade de S\u00e3o Paulo (USP).<\/p>\n<p style=\"text-align: left;\">Atua no diagn\u00f3stico e tratamento de doen\u00e7as que afetam a m\u00e3o, o punho e o membro superior, incluindo fraturas, luxa\u00e7\u00f5es, les\u00f5es ligamentares, tend\u00edneas e nervosas, al\u00e9m de doen\u00e7as degenerativas como artrite, artrose e rizartrose. Tamb\u00e9m atua no tratamento de compress\u00f5es nervosas, como a s\u00edndrome do t\u00fanel do carpo e t\u00fanel cubital, tendinites, deformidades adquiridas ou cong\u00eanitas (sindactilias, polidactilias, malforma\u00e7\u00f5es), tumores \u00f3sseos ou de partes moles, les\u00f5es vasculares, queimaduras, infec\u00e7\u00f5es e sequelas p\u00f3s-traum\u00e1ticas, bem como corre\u00e7\u00e3o de deformidades reumatol\u00f3gicas, tratamento de s\u00edndromes dolorosas e reabilita\u00e7\u00e3o funcional do membro superior.<\/p>\n<p style=\"text-align: left;\">Possui ampla experi\u00eancia em microcirurgia para casos complexos, como les\u00f5es do plexo braquial, reimplantes de dedos e membros, retalhos microcir\u00fargicos e les\u00f5es de nervos perif\u00e9ricos.<\/p>\n<ul>\n<li style=\"text-align: left;\">Resid\u00eancia M\u00e9dica em Ortopedia e Traumatologia no Hospital de Base do Distrito Federal &#8211; HBDF.<\/li>\n<li style=\"text-align: left;\">Resid\u00eancia M\u00e9dica em Cirurgia da M\u00e3o e Microcirurgia Reconstrutiva no Instituto de Ortopedia e Traumatologia do Hospital das Cl\u00ednicas da Faculdade de Medicina da Universidade de S\u00e3o Paulo (USP).<\/li>\n<li style=\"text-align: left;\">Membro Titular da Sociedade Brasileira de Ortopedia e Traumatologia \u2013 SBOT.<\/li>\n<li style=\"text-align: left;\">Membro Titular da Sociedade Brasileira de Cirurgia da M\u00e3o \u2013 SBCM.<\/li>\n<li style=\"text-align: left;\">Possui cursos espec\u00edficos em Fixa\u00e7\u00e3o de Fraturas da M\u00e3o e Punho (USP SP), Retalhos para Membros Superiores (USP SP), Artroscopia de Punho (USP SP), Neurotiza\u00e7\u00f5es Distais dos Membros Superiores (USP SP).<\/li>\n<\/ul>\n<p>[\/vc_column_text][\/vc_column][\/vc_row]<\/p>\n<\/div>","protected":false},"excerpt":{"rendered":"<p>[vc_row css_animation=&#8221;&#8221; row_type=&#8221;row&#8221; use_row_as_full_screen_section=&#8221;yes&#8221; type=&#8221;grid&#8221; angled_section=&#8221;no&#8221; text_align=&#8221;left&#8221; background_image_as_pattern=&#8221;without_pattern&#8221; css=&#8221;.vc_custom_1601420177081{padding-top: 60px !important;}&#8221; z_index=&#8221;&#8221;][vc_column][vc_column_text css=&#8221;&#8221;] Dr. \u00c2ngelo Santana Guerra [\/vc_column_text][vc_column_text css=&#8221;&#8221;] Ortopedista Especialista em M\u00e3o e Microcirurgias [\/vc_column_text][vc_separator type=&#8221;small&#8221; position=&#8221;center&#8221; color=&#8221;#d32810&#8243; thickness=&#8221;3&#8243; width=&#8221;20&#8243; up=&#8221;15&#8243; down=&#8221;20&#8243;][vc_column_text css=&#8221;&#8221;] CRM-DF: 26477 | RQE: 24285 \/ 25374 [\/vc_column_text][\/vc_column][\/vc_row][vc_row css_animation=&#8221;&#8221; row_type=&#8221;row&#8221; use_row_as_full_screen_section=&#8221;yes&#8221;&#8230;<\/p>\n","protected":false},"author":2,"featured_media":0,"parent":10,"menu_order":0,"comment_status":"closed","ping_status":"closed","template":"full_width.php","meta":{"footnotes":""},"class_list":["post-844","page","type-page","status-publish","hentry"],"aioseo_notices":[],"_links":{"self":[{"href":"https:\/\/orthosmed.com.br\/site\/wp-json\/wp\/v2\/pages\/844","targetHints":{"allow":["GET"]}}],"collection":[{"href":"https:\/\/orthosmed.com.br\/site\/wp-json\/wp\/v2\/pages"}],"about":[{"href":"https:\/\/orthosmed.com.br\/site\/wp-json\/wp\/v2\/types\/page"}],"author":[{"embeddable":true,"href":"https:\/\/orthosmed.com.br\/site\/wp-json\/wp\/v2\/users\/2"}],"replies":[{"embeddable":true,"href":"https:\/\/orthosmed.com.br\/site\/wp-json\/wp\/v2\/comments?post=844"}],"version-history":[{"count":6,"href":"https:\/\/orthosmed.com.br\/site\/wp-json\/wp\/v2\/pages\/844\/revisions"}],"predecessor-version":[{"id":860,"href":"https:\/\/orthosmed.com.br\/site\/wp-json\/wp\/v2\/pages\/844\/revisions\/860"}],"up":[{"embeddable":true,"href":"https:\/\/orthosmed.com.br\/site\/wp-json\/wp\/v2\/pages\/10"}],"wp:attachment":[{"href":"https:\/\/orthosmed.com.br\/site\/wp-json\/wp\/v2\/media?parent=844"}],"curies":[{"name":"wp","href":"https:\/\/api.w.org\/{rel}","templated":true}]}}